{"id":112,"date":"2022-12-08T07:54:13","date_gmt":"2022-12-08T07:54:13","guid":{"rendered":"http:\/\/tech3.mypagedemo.com\/id4\/?page_id=112"},"modified":"2022-12-08T07:54:13","modified_gmt":"2022-12-08T07:54:13","slug":"nho-rang-khon","status":"publish","type":"page","link":"https:\/\/tech3.mypagedemo.com\/id4\/nho-rang-khon","title":{"rendered":"Nh\u1ed5 r\u0103ng kh\u00f4n"},"content":{"rendered":"<p>\u0110ang c\u1eadp nh\u1eadt&#8230;<\/p>\n","protected":false},"excerpt":{"rendered":"<p>\u0110ang c\u1eadp nh\u1eadt&#8230;<\/p>\n","protected":false},"author":1,"featured_media":0,"parent":0,"menu_order":0,"comment_status":"closed","ping_status":"closed","template":"","meta":[],"_links":{"self":[{"href":"https:\/\/tech3.mypagedemo.com\/id4\/wp-json\/wp\/v2\/pages\/112"}],"collection":[{"href":"https:\/\/tech3.mypagedemo.com\/id4\/wp-json\/wp\/v2\/pages"}],"about":[{"href":"https:\/\/tech3.mypagedemo.com\/id4\/wp-json\/wp\/v2\/types\/page"}],"author":[{"embeddable":true,"href":"https:\/\/tech3.mypagedemo.com\/id4\/wp-json\/wp\/v2\/users\/1"}],"replies":[{"embeddable":true,"href":"https:\/\/tech3.mypagedemo.com\/id4\/wp-json\/wp\/v2\/comments?post=112"}],"version-history":[{"count":1,"href":"https:\/\/tech3.mypagedemo.com\/id4\/wp-json\/wp\/v2\/pages\/112\/revisions"}],"predecessor-version":[{"id":113,"href":"https:\/\/tech3.mypagedemo.com\/id4\/wp-json\/wp\/v2\/pages\/112\/revisions\/113"}],"wp:attachment":[{"href":"https:\/\/tech3.mypagedemo.com\/id4\/wp-json\/wp\/v2\/media?parent=112"}],"curies":[{"name":"wp","href":"https:\/\/api.w.org\/{rel}","templated":true}]}}