{"id":172,"date":"2022-12-08T11:52:57","date_gmt":"2022-12-08T11:52:57","guid":{"rendered":"http:\/\/tech3.mypagedemo.com\/id4\/?page_id=172"},"modified":"2022-12-23T09:09:25","modified_gmt":"2022-12-23T09:09:25","slug":"id-4-stackable-guide","status":"publish","type":"page","link":"https:\/\/tech3.mypagedemo.com\/id4\/id-4-stackable-guide","title":{"rendered":"iD-4 Stackable Guide"},"content":{"rendered":"<p>[vc_row][vc_column][vc_custom_heading text=&#8221;h\u01b0\u1edbng d\u1eabn cho m\u00e1ng to\u00e0n h\u00e0m&#8221; font_container=&#8221;tag:h2|text_align:center&#8221; use_theme_fonts=&#8221;yes&#8221; text_transform=&#8221;text-uppercase&#8221; el_class=&#8221;custom_heading heading_center m-b-lg&#8221;][vc_row_inner][vc_column_inner width=&#8221;1\/6&#8243;][\/vc_column_inner][vc_column_inner width=&#8221;2\/3&#8243;][vc_video link=&#8221;https:\/\/www.youtube.com\/watch?v=66s9JJ89WS0&#8243;][\/vc_column_inner][vc_column_inner width=&#8221;1\/6&#8243;][\/vc_column_inner][\/vc_row_inner][\/vc_column][\/vc_row][vc_row full_width=&#8221;stretch_row&#8221; css=&#8221;.vc_custom_1670489801706{background-image: url(http:\/\/tech3.mypagedemo.com\/id4\/wp-content\/uploads\/2022\/12\/bg-home-1.jpg?id=74) !important;background-position: center !important;background-repeat: no-repeat !important;background-size: cover !important;}&#8221; el_class=&#8221;wrap_bg_fixed&#8221; animation_type=&#8221;fadeInUp&#8221;][vc_column css=&#8221;.vc_custom_1670320946969{padding-top: 30px !important;}&#8221;][vc_custom_heading text=&#8221;T\u1ed4NG QUAN iD-4 Full-arch GUIDE&#8221; font_container=&#8221;tag:h2|text_align:center&#8221; use_theme_fonts=&#8221;yes&#8221; text_transform=&#8221;text-uppercase&#8221; el_class=&#8221;heading_white&#8221;][vc_empty_space]<div id=\"porto-carousel-131837584769e5411fa7570\" class=\"porto-carousel-wrapper  \" data-gutter=\"0\" data-rtl=\"false\" ><div class=\"porto-ultimate-carousel porto-carousel-64878402669e5411fa7536 \" ><div class=\"porto-item-wrap\"><div class=\"porto-sicon-box  wpb_custom_1efe903570d178ff0a9b7bfa5febd3a4 style_1 top-icon\"><div class=\"porto-sicon-top\"><div class=\"porto-item-wrap\"><div id=\"porto-icon-5404840669e5411fa8adc\" class=\"porto-just-icon-wrapper porto-sicon-img\" style=\"font-size: 230px;\"><img class=\"img-icon\" alt=\"\" src=\"https:\/\/tech3.mypagedemo.com\/id4\/wp-content\/uploads\/2022\/12\/home-4.jpg\" width=\"230\" height=\"170\" \/><\/div><\/div><\/div><div class=\"porto-sicon-header\"><h3 class=\"porto-sicon-title\" style=\"\">M\u00e1ng h\u01b0\u1edbng d\u1eabn \u0111\u1ecbnh v\u1ecb h\u1ea1 m\u00e0o x\u01b0\u01a1ng<\/h3><\/div> <!-- header --><\/div><!-- porto-sicon-box --><\/div><div class=\"porto-item-wrap\"><div class=\"porto-sicon-box  wpb_custom_1efe903570d178ff0a9b7bfa5febd3a4 style_1 top-icon\"><div class=\"porto-sicon-top\"><div class=\"porto-item-wrap\"><div id=\"porto-icon-87050106169e5411fa99df\" class=\"porto-just-icon-wrapper porto-sicon-img\" style=\"font-size: 230px;\"><img class=\"img-icon\" alt=\"\" src=\"https:\/\/tech3.mypagedemo.com\/id4\/wp-content\/uploads\/2022\/12\/home-6.jpg\" width=\"230\" height=\"170\" \/><\/div><\/div><\/div><div class=\"porto-sicon-header\"><h3 class=\"porto-sicon-title\" style=\"\">M\u00e1ng h\u1ea1 m\u00e0o x\u01b0\u01a1ng<\/h3><\/div> <!-- header --><\/div><!-- porto-sicon-box --><\/div><div class=\"porto-item-wrap\"><div class=\"porto-sicon-box  wpb_custom_1efe903570d178ff0a9b7bfa5febd3a4 style_1 top-icon\"><div class=\"porto-sicon-top\"><div class=\"porto-item-wrap\"><div id=\"porto-icon-173874200069e5411faa535\" class=\"porto-just-icon-wrapper porto-sicon-img\" style=\"font-size: 230px;\"><img class=\"img-icon\" alt=\"\" src=\"https:\/\/tech3.mypagedemo.com\/id4\/wp-content\/uploads\/2022\/12\/home-5.jpg\" width=\"230\" height=\"170\" \/><\/div><\/div><\/div><div class=\"porto-sicon-header\"><h3 class=\"porto-sicon-title\" style=\"\">M\u00e1ng h\u01b0\u1edbng d\u1eabn ph\u1eabu thu\u1eadt<\/h3><\/div> <!-- header --><\/div><!-- porto-sicon-box --><\/div><div class=\"porto-item-wrap\"><div class=\"porto-sicon-box  wpb_custom_1efe903570d178ff0a9b7bfa5febd3a4 style_1 top-icon\"><div class=\"porto-sicon-top\"><div class=\"porto-item-wrap\"><div id=\"porto-icon-20216288169e5411fab218\" class=\"porto-just-icon-wrapper porto-sicon-img\" style=\"font-size: 230px;\"><img class=\"img-icon\" alt=\"\" src=\"https:\/\/tech3.mypagedemo.com\/id4\/wp-content\/uploads\/2022\/12\/home-7.jpg\" width=\"230\" height=\"170\" \/><\/div><\/div><\/div><div class=\"porto-sicon-header\"><h3 class=\"porto-sicon-title\" style=\"\">C\u1ea7u r\u0103ng t\u1ea1m ghi d\u1ea5u c\u1eafn<\/h3><\/div> <!-- header --><\/div><!-- porto-sicon-box --><\/div><div class=\"porto-item-wrap\"><div class=\"porto-sicon-box  wpb_custom_1efe903570d178ff0a9b7bfa5febd3a4 style_1 top-icon\"><div class=\"porto-sicon-top\"><div class=\"porto-item-wrap\"><div id=\"porto-icon-199665385269e5411fabadd\" class=\"porto-just-icon-wrapper porto-sicon-img\" style=\"font-size: 230px;\"><img class=\"img-icon\" alt=\"\" src=\"https:\/\/tech3.mypagedemo.com\/id4\/wp-content\/uploads\/2022\/12\/home-7.jpg\" width=\"230\" height=\"170\" \/><\/div><\/div><\/div><div class=\"porto-sicon-header\"><h3 class=\"porto-sicon-title\" style=\"\">C\u1ea7u r\u0103ng t\u1ea1m sau c\u00f9ng<\/h3><\/div> <!-- header --><\/div><!-- porto-sicon-box --><\/div><\/div><\/div><script>\n\tjQuery(document).ready(function ($) {\n\t\tif ($.fn.slick) {\n\t\t\t$('.porto-carousel-64878402669e5411fa7536').slick({dots: false,autoplaySpeed: 5000,speed: 300,infinite: false,arrows: false,slidesToScroll:1,slidesToShow:5,swipe: true,draggable: true,touchMove: true,pauseOnHover: true,responsive: [\n\t\t\t\t{\n\t\t\t\t  breakpoint: 1025,\n\t\t\t\t  settings: {\n\t\t\t\t\tslidesToShow: 5,\n\t\t\t\t\tslidesToScroll: 1,  \n\t\t\t\t  }\n\t\t\t\t},\n\t\t\t\t{\n\t\t\t\t  breakpoint: 769,\n\t\t\t\t  settings: {\n\t\t\t\t\tslidesToShow: 3,\n\t\t\t\t\tslidesToScroll: 3\n\t\t\t\t  }\n\t\t\t\t},\n\t\t\t\t{\n\t\t\t\t  breakpoint: 481,\n\t\t\t\t  settings: {\n\t\t\t\t\tslidesToShow: 2,\n\t\t\t\t\tslidesToScroll: 2\n\t\t\t\t  }\n\t\t\t\t}\n\t\t\t],pauseOnDotsHover: true,customPaging: function(slider, i) {\n\t   return '<i type=\"button\" style=\"color:#333333;\" class=\"far fa-circle\" data-role=\"none\"><\/i>';\n\t},});\n\t\t} else {\n\t\t\tvar c = document.createElement(\"script\");\n\t\t\tc.src = \"\";\n\t\t\tif (!$('script[src=\"' + c.src + '\"]').length) {\n\t\t\t\tdocument.getElementsByTagName(\"body\")[0].appendChild(c);\n\t\t\t}\n\t\t\tc = document.createElement(\"script\");\n\t\t\tc.src = \"\";\n\t\t\tif (!$('script[src=\"' + c.src + '\"]').length) {\n\t\t\t\tdocument.getElementsByTagName(\"body\")[0].appendChild(c);\n\t\t\t}\n\t\t\tsetTimeout(function() {\n\t\t\t\tif ($.fn.slick) { $('.porto-carousel-64878402669e5411fa7536').slick({dots: false,autoplaySpeed: 5000,speed: 300,infinite: false,arrows: false,slidesToScroll:1,slidesToShow:5,swipe: true,draggable: true,touchMove: true,pauseOnHover: true,responsive: [\n\t\t\t\t{\n\t\t\t\t  breakpoint: 1025,\n\t\t\t\t  settings: {\n\t\t\t\t\tslidesToShow: 5,\n\t\t\t\t\tslidesToScroll: 1,  \n\t\t\t\t  }\n\t\t\t\t},\n\t\t\t\t{\n\t\t\t\t  breakpoint: 769,\n\t\t\t\t  settings: {\n\t\t\t\t\tslidesToShow: 3,\n\t\t\t\t\tslidesToScroll: 3\n\t\t\t\t  }\n\t\t\t\t},\n\t\t\t\t{\n\t\t\t\t  breakpoint: 481,\n\t\t\t\t  settings: {\n\t\t\t\t\tslidesToShow: 2,\n\t\t\t\t\tslidesToScroll: 2\n\t\t\t\t  }\n\t\t\t\t}\n\t\t\t],pauseOnDotsHover: true,customPaging: function(slider, i) {\n\t   return '<i type=\"button\" style=\"color:#333333;\" class=\"far fa-circle\" data-role=\"none\"><\/i>';\n\t},}); }\n\t\t\t}, 300);\n\t\t}\n\t});\n<\/script>\n[\/vc_column][\/vc_row][vc_row full_width=&#8221;stretch_row&#8221;][vc_column][vc_custom_heading text=&#8221;C\u00c1C TH\u00c0NH PH\u1ea6N C\u1ee6A iD4 Stackable GUIDE&#8221; font_container=&#8221;tag:h2|text_align:center&#8221; use_theme_fonts=&#8221;yes&#8221; text_transform=&#8221;text-uppercase&#8221; el_class=&#8221;custom_heading heading_center&#8221;][vc_empty_space]<div class=\"porto-block\"><style>.vc_custom_1671093310286{background-color: #e3f2ff !important;}.vc_custom_1671093314558{background-color: #f1fafc !important;}.vc_custom_1671093310286{background-color: #e3f2ff !important;}.vc_custom_1671093314558{background-color: #f1fafc !important;}.vc_custom_1671093310286{background-color: #e3f2ff !important;}.vc_custom_1671093314558{background-color: #f1fafc !important;}<\/style>[vc_row full_width=\"stretch_row\"][vc_column]<div class=\"porto-carousel owl-carousel has-ccols ccols-1 wrap_slidervi stage-margin\" data-plugin-options=\"{&quot;stagePadding&quot;:40,&quot;margin&quot;:10,&quot;autoplay&quot;:false,&quot;autoplayTimeout&quot;:5000,&quot;autoplayHoverPause&quot;:false,&quot;items&quot;:1,&quot;lg&quot;:1,&quot;md&quot;:1,&quot;sm&quot;:1,&quot;xs&quot;:1,&quot;nav&quot;:false,&quot;dots&quot;:&quot;yes&quot;,&quot;animateIn&quot;:&quot;&quot;,&quot;animateOut&quot;:&quot;&quot;,&quot;loop&quot;:&quot;yes&quot;,&quot;center&quot;:false,&quot;video&quot;:false,&quot;lazyLoad&quot;:false,&quot;fullscreen&quot;:false}\">[vc_row_inner el_class=\"wrap_listtext wrap_slider_video\"][vc_column_inner width=\"5\/12\" css=\".vc_custom_1671093310286{background-color: #e3f2ff !important;}\"][vc_custom_heading text=\"1. M\u00e1ng h\u1ea1 m\u00e0o x\u01b0\u01a1ng\" font_container=\"tag:h4|font_size:18px|text_align:left\" use_theme_fonts=\"yes\"][vc_column_text]\r\n<ul>\r\n \t<li>\u0110\u01b0\u1ee3c c\u1ed1 \u0111\u1ecbnh v\u00e0o x\u01b0\u01a1ng h\u00e0m b\u1eb1ng Anchor Pin th\u00f4ng qua c\u00e1c sleeve \u0111\u00e3 \u0111\u01b0\u1ee3c thi\u1ebft k\u1ebf v\u00e0 l\u1ef1a ch\u1ecdn v\u1ecb tr\u00ed sao cho kh\u00f4ng \u1ea3nh h\u01b0\u1edfng \u0111\u1ebfn c\u00e1c v\u1ecb tr\u00ed gi\u1ea3i ph\u1eabu quan tr\u1ecdng, v\u1ecb tr\u00ed c\u1ee7a c\u00e1c implant s\u1ebd \u0111\u01b0\u1ee3c c\u1ea5y v\u00e0o x\u01b0\u01a1ng.<\/li>\r\n \t<li>V\u1ecb tr\u00ed m\u00e1ng h\u1ea1 m\u00e0o x\u01b0\u01a1ng s\u1ebd gi\u00fap Bs m\u00e0i ch\u1ec9nh m\u00e0o x\u01b0\u01a1ng \u1ed5 nhanh ch\u00f3ng, ch\u00ednh x\u00e1c \u0111\u00fang m\u1ee9c m\u00e0 k\u1ebf ho\u1ea1ch \u0111i\u1ec1u tr\u1ecb \u0111\u00e3 x\u00e1c l\u1eadp.<\/li>\r\n \t<li>L\u00e0 neo ch\u1eb7n ch\u1eafc ch\u1eafn cho m\u00e1ng HDPT \u1ed5n \u0111\u1ecbnh ch\u00ednh x\u00e1c khi khoan.<\/li>\r\n \t<li>L\u00e0 neo ch\u1eb7n gi\u00fap c\u1ed1 \u0111\u1ecbnh c\u1ea7u r\u0103ng t\u1ea1m ghi d\u1ea5u c\u1eafn hay c\u1ed1 \u0111\u1ecbnh c\u1ea7u r\u0103ng t\u1ea1m sau c\u00f9ng.<\/li>\r\n<\/ul>\r\n[\/vc_column_text][vc_single_image image=\"92\" img_size=\"full\" alignment=\"center\"][\/vc_column_inner][vc_column_inner width=\"7\/12\" css=\".vc_custom_1671093314558{background-color: #f1fafc !important;}\"][vc_empty_space][vc_video link=\"https:\/\/www.youtube.com\/watch?v=nbh8NJND-Bw\"][vc_empty_space][vc_custom_heading text=\"Video M\u00e1ng h\u1ea1 m\u00e0o x\u01b0\u01a1ng\" font_container=\"tag:h5|font_size:18px|text_align:center\" use_theme_fonts=\"yes\"][\/vc_column_inner][\/vc_row_inner][vc_row_inner el_class=\"wrap_listtext wrap_slider_video\"][vc_column_inner width=\"5\/12\" css=\".vc_custom_1671093310286{background-color: #e3f2ff !important;}\"][vc_custom_heading text=\"2. M\u00e1ng h\u1ea1 m\u00e0o x\u01b0\u01a1ng\" font_container=\"tag:h4|font_size:18px|text_align:left\" use_theme_fonts=\"yes\"][vc_column_text]\r\n<ul>\r\n \t<li>\u0110\u01b0\u1ee3c c\u1ed1 \u0111\u1ecbnh v\u00e0o x\u01b0\u01a1ng h\u00e0m b\u1eb1ng Anchor Pin th\u00f4ng qua c\u00e1c sleeve \u0111\u00e3 \u0111\u01b0\u1ee3c thi\u1ebft k\u1ebf v\u00e0 l\u1ef1a ch\u1ecdn v\u1ecb tr\u00ed sao cho kh\u00f4ng \u1ea3nh h\u01b0\u1edfng \u0111\u1ebfn c\u00e1c v\u1ecb tr\u00ed gi\u1ea3i ph\u1eabu quan tr\u1ecdng, v\u1ecb tr\u00ed c\u1ee7a c\u00e1c implant s\u1ebd \u0111\u01b0\u1ee3c c\u1ea5y v\u00e0o x\u01b0\u01a1ng.<\/li>\r\n \t<li>V\u1ecb tr\u00ed m\u00e1ng h\u1ea1 m\u00e0o x\u01b0\u01a1ng s\u1ebd gi\u00fap Bs m\u00e0i ch\u1ec9nh m\u00e0o x\u01b0\u01a1ng \u1ed5 nhanh ch\u00f3ng, ch\u00ednh x\u00e1c \u0111\u00fang m\u1ee9c m\u00e0 k\u1ebf ho\u1ea1ch \u0111i\u1ec1u tr\u1ecb \u0111\u00e3 x\u00e1c l\u1eadp.<\/li>\r\n \t<li>L\u00e0 neo ch\u1eb7n ch\u1eafc ch\u1eafn cho m\u00e1ng HDPT \u1ed5n \u0111\u1ecbnh ch\u00ednh x\u00e1c khi khoan.<\/li>\r\n \t<li>L\u00e0 neo ch\u1eb7n gi\u00fap c\u1ed1 \u0111\u1ecbnh c\u1ea7u r\u0103ng t\u1ea1m ghi d\u1ea5u c\u1eafn hay c\u1ed1 \u0111\u1ecbnh c\u1ea7u r\u0103ng t\u1ea1m sau c\u00f9ng.<\/li>\r\n<\/ul>\r\n[\/vc_column_text][vc_single_image image=\"92\" img_size=\"full\" alignment=\"center\"][\/vc_column_inner][vc_column_inner width=\"7\/12\" css=\".vc_custom_1671093314558{background-color: #f1fafc !important;}\"][vc_empty_space][vc_video link=\"https:\/\/www.youtube.com\/watch?v=nbh8NJND-Bw\"][vc_empty_space][vc_custom_heading text=\"Video M\u00e1ng h\u1ea1 m\u00e0o x\u01b0\u01a1ng\" font_container=\"tag:h5|font_size:18px|text_align:center\" use_theme_fonts=\"yes\"][\/vc_column_inner][\/vc_row_inner][vc_row_inner el_class=\"wrap_listtext wrap_slider_video\"][vc_column_inner width=\"5\/12\" css=\".vc_custom_1671093310286{background-color: #e3f2ff !important;}\"][vc_custom_heading text=\"3. M\u00e1ng h\u1ea1 m\u00e0o x\u01b0\u01a1ng\" font_container=\"tag:h4|font_size:18px|text_align:left\" use_theme_fonts=\"yes\"][vc_column_text]\r\n<ul>\r\n \t<li>\u0110\u01b0\u1ee3c c\u1ed1 \u0111\u1ecbnh v\u00e0o x\u01b0\u01a1ng h\u00e0m b\u1eb1ng Anchor Pin th\u00f4ng qua c\u00e1c sleeve \u0111\u00e3 \u0111\u01b0\u1ee3c thi\u1ebft k\u1ebf v\u00e0 l\u1ef1a ch\u1ecdn v\u1ecb tr\u00ed sao cho kh\u00f4ng \u1ea3nh h\u01b0\u1edfng \u0111\u1ebfn c\u00e1c v\u1ecb tr\u00ed gi\u1ea3i ph\u1eabu quan tr\u1ecdng, v\u1ecb tr\u00ed c\u1ee7a c\u00e1c implant s\u1ebd \u0111\u01b0\u1ee3c c\u1ea5y v\u00e0o x\u01b0\u01a1ng.<\/li>\r\n \t<li>V\u1ecb tr\u00ed m\u00e1ng h\u1ea1 m\u00e0o x\u01b0\u01a1ng s\u1ebd gi\u00fap Bs m\u00e0i ch\u1ec9nh m\u00e0o x\u01b0\u01a1ng \u1ed5 nhanh ch\u00f3ng, ch\u00ednh x\u00e1c \u0111\u00fang m\u1ee9c m\u00e0 k\u1ebf ho\u1ea1ch \u0111i\u1ec1u tr\u1ecb \u0111\u00e3 x\u00e1c l\u1eadp.<\/li>\r\n \t<li>L\u00e0 neo ch\u1eb7n ch\u1eafc ch\u1eafn cho m\u00e1ng HDPT \u1ed5n \u0111\u1ecbnh ch\u00ednh x\u00e1c khi khoan.<\/li>\r\n \t<li>L\u00e0 neo ch\u1eb7n gi\u00fap c\u1ed1 \u0111\u1ecbnh c\u1ea7u r\u0103ng t\u1ea1m ghi d\u1ea5u c\u1eafn hay c\u1ed1 \u0111\u1ecbnh c\u1ea7u r\u0103ng t\u1ea1m sau c\u00f9ng.<\/li>\r\n<\/ul>\r\n[\/vc_column_text][vc_single_image image=\"92\" img_size=\"full\" alignment=\"center\"][\/vc_column_inner][vc_column_inner width=\"7\/12\" css=\".vc_custom_1671093314558{background-color: #f1fafc !important;}\"][vc_empty_space][vc_video link=\"https:\/\/www.youtube.com\/watch?v=nbh8NJND-Bw\"][vc_empty_space][vc_custom_heading text=\"Video M\u00e1ng h\u1ea1 m\u00e0o x\u01b0\u01a1ng\" font_container=\"tag:h5|font_size:18px|text_align:center\" use_theme_fonts=\"yes\"][\/vc_column_inner][\/vc_row_inner]<\/div>[\/vc_column][\/vc_row]<\/div>[\/vc_column][\/vc_row][vc_row full_width=&#8221;stretch_row&#8221; animation_type=&#8221;fadeInUp&#8221; css=&#8221;.vc_custom_1670496996715{background-color: #fafaf6 !important;}&#8221;][vc_column][vc_custom_heading text=&#8221;TR\u1ea2I NGHI\u1ec6M C\u1ee6A NHA S\u0128 SAU KHI S\u1eec D\u1ee4NG iD-4 GUIDE&#8221; font_container=&#8221;tag:h2|text_align:center&#8221; use_theme_fonts=&#8221;yes&#8221; text_transform=&#8221;text-uppercase&#8221; el_class=&#8221;custom_heading heading_center&#8221;][vc_row_inner el_class=&#8221;wrap_listtext&#8221; css=&#8221;.vc_custom_1671095043802{padding-top: 30px !important;}&#8221;][vc_column_inner width=&#8221;1\/2&#8243;][vc_video link=&#8221;https:\/\/www.youtube.com\/watch?v=3Wsh0L6xOmQ&#8221;][vc_custom_heading text=&#8221;Dr. Michael Booth&#8221; font_container=&#8221;tag:p|font_size:15|text_align:left&#8221; use_theme_fonts=&#8221;yes&#8221;][\/vc_column_inner][vc_column_inner width=&#8221;1\/2&#8243;][vc_video link=&#8221;https:\/\/www.youtube.com\/watch?v=3Wsh0L6xOmQ&#8221;][vc_custom_heading text=&#8221;Dr. Michael Booth&#8221; font_container=&#8221;tag:p|font_size:15|text_align:left&#8221; use_theme_fonts=&#8221;yes&#8221;][\/vc_column_inner][\/vc_row_inner][\/vc_column][\/vc_row][vc_row full_width=&#8221;stretch_row&#8221; animation_type=&#8221;fadeInUp&#8221; css=&#8221;.vc_custom_1670496996715{background-color: #fafaf6 !important;}&#8221;][vc_column][vc_custom_heading text=&#8221;10 L\u00fd do n\u00ean l\u1ef1a ch\u1ecdn iD-4 Stackable GUIDE&#8221; font_container=&#8221;tag:h2|text_align:center&#8221; use_theme_fonts=&#8221;yes&#8221; text_transform=&#8221;text-uppercase&#8221; el_class=&#8221;custom_heading heading_center&#8221;][vc_column_text]<\/p>\n<p style=\"text-align: center;\">Simple tool that leads to successful treatment<\/p>\n<p>[\/vc_column_text][vc_row_inner el_class=&#8221;wrap_listtext&#8221;][vc_column_inner width=&#8221;1\/2&#8243;][vc_column_text]<strong>T\u1ea1i sao n\u00ean ch\u1ecdn m\u00e1ng h\u01b0\u1edbng d\u1eabn ph\u1eabu thu\u1eadt b\u1eb1ng kim lo\u1ea1i thay v\u00ec nh\u1ef1a?<\/strong><\/p>\n<ul>\n<li>C\u00f3 th\u1ec3 mang l\u1ea1i ph\u1ee5c h\u00ecnh FP3 t\u1edbi FP1, v\u1edbi s\u1ef1 m\u00e0i x\u01b0\u01a1ng t\u1ed1i thi\u1ec3u<\/li>\n<li>M\u00e1ng n\u00e2ng \u0111\u1ee1 tr\u00ean r\u0103ng \u0111\u01b0a l\u1ea1i s\u1ef1 v\u1eefng \u1ed5n v\u00e0 \u0111\u01a1n gi\u1ea3n h\u00f3a qu\u00e1 tr\u00ecnh \u0111i\u1ec1u tr\u1ecb<\/li>\n<li>Floating Guide Technology \u2013 m\u00e1ng kh\u00f4ng bao gi\u1edd ch\u1ea1m x\u01b0\u01a1ng<\/li>\n<li>Cho ph\u00e9p s\u1ef1 t\u01b0\u1edbi n\u01b0\u1edbc hi\u1ec7u qu\u1ea3<\/li>\n<li>Quan s\u00e1t r\u00f5 ph\u1eabu tr\u01b0\u1eddng, t\u1eeb vi\u1ec7c khoan cho t\u1edbi \u0111\u1eb7t Implant<\/li>\n<li>M\u00e1ng c\u1ee9ng ch\u1eafc \u2013 kh\u00f4ng bi\u1ebfn d\u1ea1ng hay g\u00e3y d\u01b0\u1edbi \u00e1p l\u1ef1c<\/li>\n<li>Thi\u1ebft k\u1ebf c\u01a1 h\u1ecdc t\u1ed1i \u01b0u \u0111\u1ea3m b\u1ea3o s\u1ef1 kh\u00edt s\u00e1t gi\u1eefa c\u00e1c th\u00e0nh ph\u1ea7n<\/li>\n<li>Small Hole Technology \u2013 ph\u1ee5c h\u00ecnh b\u1ec1n ch\u1eafc, \u00edt bi\u1ebfn d\u1ea1ng, th\u1ea9m m\u1ef9 v\u00e0 kh\u1edbp c\u1eafn t\u1ed1i \u01b0u h\u01a1n<\/li>\n<li>\u0110\u01a1n gi\u1ea3n h\u00f3a quy tr\u00ecnh ph\u1eabu thu\u1eadt<\/li>\n<li>Small oral footprint gi\u00fap l\u00e0m gi\u1ea3m y\u00eau c\u1ea7u l\u1eadt v\u1ea1t, r\u00fat ng\u1eafn th\u1eddi gian ph\u1eabu thu\u1eadt v\u00e0 th\u1eddi gian l\u00e0nh th\u01b0\u01a1ng<\/li>\n<\/ul>\n<p>[\/vc_column_text][\/vc_column_inner][vc_column_inner width=&#8221;1\/2&#8243;][vc_video link=&#8221;https:\/\/www.youtube.com\/watch?v=3Wsh0L6xOmQ&#8221;][\/vc_column_inner][\/vc_row_inner][\/vc_column][\/vc_row]<\/p>\n","protected":false},"excerpt":{"rendered":"<p>[vc_row][vc_column][vc_custom_heading text=&#8221;h\u01b0\u1edbng d\u1eabn cho m\u00e1ng to\u00e0n h\u00e0m&#8221; font_container=&#8221;tag:h2|text_align:center&#8221; use_theme_fonts=&#8221;yes&#8221; text_transform=&#8221;text-uppercase&#8221; el_class=&#8221;custom_heading heading_center m-b-lg&#8221;][vc_row_inner][vc_column_inner width=&#8221;1\/6&#8243;][\/vc_column_inner][vc_column_inner width=&#8221;2\/3&#8243;][vc_video link=&#8221;https:\/\/www.youtube.com\/watch?v=66s9JJ89WS0&#8243;][\/vc_column_inner][vc_column_inner width=&#8221;1\/6&#8243;][\/vc_column_inner][\/vc_row_inner][\/vc_column][\/vc_row][vc_row full_width=&#8221;stretch_row&#8221; css=&#8221;.vc_custom_1670489801706{background-image: url(http:\/\/tech3.mypagedemo.com\/id4\/wp-content\/uploads\/2022\/12\/bg-home-1.jpg?id=74) !important;background-position: center !important;background-repeat: no-repeat !important;background-size: cover !important;}&#8221; el_class=&#8221;wrap_bg_fixed&#8221; animation_type=&#8221;fadeInUp&#8221;][vc_column css=&#8221;.vc_custom_1670320946969{padding-top: 30px !important;}&#8221;][vc_custom_heading text=&#8221;T\u1ed4NG QUAN iD-4 Full-arch GUIDE&#8221; font_container=&#8221;tag:h2|text_align:center&#8221; use_theme_fonts=&#8221;yes&#8221; text_transform=&#8221;text-uppercase&#8221; el_class=&#8221;heading_white&#8221;][vc_empty_space][\/vc_column][\/vc_row][vc_row full_width=&#8221;stretch_row&#8221;][vc_column][vc_custom_heading text=&#8221;C\u00c1C TH\u00c0NH PH\u1ea6N C\u1ee6A iD4 Stackable GUIDE&#8221; font_container=&#8221;tag:h2|text_align:center&#8221; use_theme_fonts=&#8221;yes&#8221; text_transform=&#8221;text-uppercase&#8221; el_class=&#8221;custom_heading heading_center&#8221;][vc_empty_space][\/vc_column][\/vc_row][vc_row full_width=&#8221;stretch_row&#8221; [&hellip;]<\/p>\n","protected":false},"author":1,"featured_media":0,"parent":0,"menu_order":0,"comment_status":"closed","ping_status":"closed","template":"","meta":[],"_links":{"self":[{"href":"https:\/\/tech3.mypagedemo.com\/id4\/wp-json\/wp\/v2\/pages\/172"}],"collection":[{"href":"https:\/\/tech3.mypagedemo.com\/id4\/wp-json\/wp\/v2\/pages"}],"about":[{"href":"https:\/\/tech3.mypagedemo.com\/id4\/wp-json\/wp\/v2\/types\/page"}],"author":[{"embeddable":true,"href":"https:\/\/tech3.mypagedemo.com\/id4\/wp-json\/wp\/v2\/users\/1"}],"replies":[{"embeddable":true,"href":"https:\/\/tech3.mypagedemo.com\/id4\/wp-json\/wp\/v2\/comments?post=172"}],"version-history":[{"count":27,"href":"https:\/\/tech3.mypagedemo.com\/id4\/wp-json\/wp\/v2\/pages\/172\/revisions"}],"predecessor-version":[{"id":313,"href":"https:\/\/tech3.mypagedemo.com\/id4\/wp-json\/wp\/v2\/pages\/172\/revisions\/313"}],"wp:attachment":[{"href":"https:\/\/tech3.mypagedemo.com\/id4\/wp-json\/wp\/v2\/media?parent=172"}],"curies":[{"name":"wp","href":"https:\/\/api.w.org\/{rel}","templated":true}]}}