{"id":19,"date":"2022-12-03T08:48:46","date_gmt":"2022-12-03T08:48:46","guid":{"rendered":"http:\/\/tech3.mypagedemo.com\/id4\/?page_id=19"},"modified":"2022-12-27T07:25:06","modified_gmt":"2022-12-27T07:25:06","slug":"thu-vien","status":"publish","type":"page","link":"https:\/\/tech3.mypagedemo.com\/id4\/thu-vien","title":{"rendered":"Th\u01b0 vi\u1ec7n"},"content":{"rendered":"<p>[vc_row][vc_column width=&#8221;1\/2&#8243;][vc_custom_heading text=&#8221;iD-4 Guide&#8221; font_container=&#8221;tag:h2|text_align:center&#8221; use_theme_fonts=&#8221;yes&#8221;]<div id=\"porto-blog-6115\" class=\"porto-blog wpb_content_element \">\n\t\t<div class=\"blog-posts posts-medium\">\n\n\t\t\n<article id=\"post-301\" class=\"post post-medium post-title-simple post-301 post type-post status-publish format-standard has-post-thumbnail hentry category-id-4-guide\">\n\t<!-- Post meta before content -->\n\t\t<div class=\"row\">\n\t\t\t<div class=\"col-lg-5\">\n\t\t\t\t<div class=\"post-image single\">\n\t\t<div class=\"post-slideshow porto-carousel owl-carousel nav-inside nav-inside-center nav-style-2 show-nav-hover has-ccols ccols-1\" data-plugin-options='{\"nav\":true}'>\n\t\t\t\t\t\t\t\t\t\t\t<a href=\"https:\/\/tech3.mypagedemo.com\/id4\/phuc-hinh-mat-rang-ban-phan-bang-ham-gia-thao-lap.html\">\n\t\t\t\t\t\t\t\t<div class=\"img-thumbnail\">\n\t\t\t\t\t\t<img width=\"463\" height=\"348\" src=\"https:\/\/tech3.mypagedemo.com\/id4\/wp-content\/uploads\/2022\/12\/mat-rang-ban-phan-3-463x348.jpg\" class=\"owl-lazy img-responsive\" alt=\"\" decoding=\"async\" loading=\"lazy\" \/>\t\t\t\t\t\t\t\t\t\t\t\t\t<span class=\"zoom\" data-src=\"https:\/\/tech3.mypagedemo.com\/id4\/wp-content\/uploads\/2022\/12\/mat-rang-ban-phan-3.jpg\" data-title=\"\"><i class=\"fas fa-search\"><\/i><\/span>\n\t\t\t\t\t\t\t\t\t\t\t<\/div>\n\t\t\t\t\t\t\t\t<\/a>\n\t\t\t\t\t\t\t\t<\/div>\n\t\t\n\t\t\t<\/div>\n\t\t<\/div>\n\t\t<div class=\"col-lg-7\">\n\t\n\t\t\t<div class=\"post-content\">\n\n\t\t\t\t\n\t\t\t\t<h2 class=\"entry-title\"><a href=\"https:\/\/tech3.mypagedemo.com\/id4\/phuc-hinh-mat-rang-ban-phan-bang-ham-gia-thao-lap.html\">Ph\u1ee5c h\u00ecnh m\u1ea5t r\u0103ng b\u00e1n ph\u1ea7n b\u1eb1ng h\u00e0m gi\u1ea3 th\u00e1o l\u1eafp<\/a><\/h2>\n\n\t\t\t\t<span class=\"vcard\" style=\"display: none;\"><span class=\"fn\"><a href=\"https:\/\/tech3.mypagedemo.com\/id4\/author\/mypage\" title=\"\u0110\u0103ng b\u1edfi DEV\" rel=\"author\">DEV<\/a><\/span><\/span><span class=\"updated\" style=\"display:none\">2025-06-18T14:27:26+07:00<\/span><p class=\"post-excerpt\">Hi\u1ec7n nay, c\u00f3 3 lo\u1ea1i h\u00e0m ph\u1ed5 bi\u1ebfn \u0111\u01b0\u1ee3c s\u1eed d\u1ee5ng \u0111\u1ec3 ph\u1ee5c h\u00ecnh m\u1ea5t r\u0103ng b\u00e1n ph\u1ea7n, \u0111\u00f3 l\u00e0 h\u00e0m khung kim lo\u1ea1i, h\u00e0m nh\u1ef1a th\u01b0\u1eddng, h\u00e0m nh\u1ef1a...<\/p>\n\t\t\t<\/div>\n\t\t\t<!-- Post meta after content -->\n\t\t\t<div class=\"post-meta \"><span class=\"d-block float-sm-end mt-3 mt-sm-0\"><a class=\"btn btn-xs btn-default text-xs text-uppercase\" href=\"https:\/\/tech3.mypagedemo.com\/id4\/phuc-hinh-mat-rang-ban-phan-bang-ham-gia-thao-lap.html\">Xem th\u00eam...<\/a><\/span><\/div>\t\t<\/div>\n\t<\/div>\n\n\t\n\n<\/article>\n\n<article id=\"post-299\" class=\"post post-medium post-title-simple post-299 post type-post status-publish format-standard has-post-thumbnail hentry category-id-4-guide\">\n\t<!-- Post meta before content -->\n\t\t<div class=\"row\">\n\t\t\t<div class=\"col-lg-5\">\n\t\t\t\t<div class=\"post-image single\">\n\t\t<div class=\"post-slideshow porto-carousel owl-carousel nav-inside nav-inside-center nav-style-2 show-nav-hover has-ccols ccols-1\" data-plugin-options='{\"nav\":true}'>\n\t\t\t\t\t\t\t\t\t\t\t<a href=\"https:\/\/tech3.mypagedemo.com\/id4\/cach-khac-phuc-mat-rang-ban-phan.html\">\n\t\t\t\t\t\t\t\t<div class=\"img-thumbnail\">\n\t\t\t\t\t\t<img width=\"463\" height=\"348\" src=\"https:\/\/tech3.mypagedemo.com\/id4\/wp-content\/uploads\/2022\/12\/mat-rang-ban-phan-2-463x348.jpg\" class=\"owl-lazy img-responsive\" alt=\"\" decoding=\"async\" loading=\"lazy\" \/>\t\t\t\t\t\t\t\t\t\t\t\t\t<span class=\"zoom\" data-src=\"https:\/\/tech3.mypagedemo.com\/id4\/wp-content\/uploads\/2022\/12\/mat-rang-ban-phan-2.jpg\" data-title=\"\"><i class=\"fas fa-search\"><\/i><\/span>\n\t\t\t\t\t\t\t\t\t\t\t<\/div>\n\t\t\t\t\t\t\t\t<\/a>\n\t\t\t\t\t\t\t\t<\/div>\n\t\t\n\t\t\t<\/div>\n\t\t<\/div>\n\t\t<div class=\"col-lg-7\">\n\t\n\t\t\t<div class=\"post-content\">\n\n\t\t\t\t\n\t\t\t\t<h2 class=\"entry-title\"><a href=\"https:\/\/tech3.mypagedemo.com\/id4\/cach-khac-phuc-mat-rang-ban-phan.html\">C\u00e1ch kh\u1eafc ph\u1ee5c m\u1ea5t r\u0103ng b\u00e1n ph\u1ea7n<\/a><\/h2>\n\n\t\t\t\t<span class=\"vcard\" style=\"display: none;\"><span class=\"fn\"><a href=\"https:\/\/tech3.mypagedemo.com\/id4\/author\/mypage\" title=\"\u0110\u0103ng b\u1edfi DEV\" rel=\"author\">DEV<\/a><\/span><\/span><span class=\"updated\" style=\"display:none\">2025-06-18T14:27:27+07:00<\/span><p class=\"post-excerpt\">C\u00e1ch kh\u1eafc ph\u1ee5c t\u00ecnh tr\u1ea1ng m\u1ea5t r\u0103ng b\u00e1n ph\u1ea7n l\u00e0 l\u00e0m ph\u1ee5c h\u00ecnh r\u0103ng \u0111\u1ec3 ph\u1ee5c h\u1ed3i l\u1ea1i c\u00e1c r\u0103ng \u0111\u00e3 b\u1ecb m\u1ea5t, thi\u1ebft l\u1eadp l\u1ea1i ch\u1ee9c n\u0103ng \u0103n,...<\/p>\n\t\t\t<\/div>\n\t\t\t<!-- Post meta after content -->\n\t\t\t<div class=\"post-meta \"><span class=\"d-block float-sm-end mt-3 mt-sm-0\"><a class=\"btn btn-xs btn-default text-xs text-uppercase\" href=\"https:\/\/tech3.mypagedemo.com\/id4\/cach-khac-phuc-mat-rang-ban-phan.html\">Xem th\u00eam...<\/a><\/span><\/div>\t\t<\/div>\n\t<\/div>\n\n\t\n\n<\/article>\n\n\t\n\t\t<\/div>\n\n\t\n\t\n\t<\/div>[vc_btn title=&#8221;Xem t\u1ea5t c\u1ea3&#8221; style=&#8221;3d&#8221; shape=&#8221;round&#8221; color=&#8221;info&#8221; align=&#8221;center&#8221; el_class=&#8221;btn_readmore&#8221;][\/vc_column][vc_column width=&#8221;1\/2&#8243;][vc_custom_heading text=&#8221;iD-4 Stackable Guide&#8221; font_container=&#8221;tag:h2|text_align:center&#8221; use_theme_fonts=&#8221;yes&#8221;]<div id=\"porto-blog-6138\" class=\"porto-blog wpb_content_element \">\n\t\t<div class=\"blog-posts posts-medium\">\n\n\t\t\n<article id=\"post-310\" class=\"post post-medium post-title-simple post-310 post type-post status-publish format-standard has-post-thumbnail hentry category-id-4-stackable-guide\">\n\t<!-- Post meta before content -->\n\t\t<div class=\"row\">\n\t\t\t<div class=\"col-lg-5\">\n\t\t\t\t<div class=\"post-image single\">\n\t\t<div class=\"post-slideshow porto-carousel owl-carousel nav-inside nav-inside-center nav-style-2 show-nav-hover has-ccols ccols-1\" data-plugin-options='{\"nav\":true}'>\n\t\t\t\t\t\t\t\t\t\t\t<a href=\"https:\/\/tech3.mypagedemo.com\/id4\/phuong-phap-cay-ghep-implant-all-on-4-all-on-6.html\">\n\t\t\t\t\t\t\t\t<div class=\"img-thumbnail\">\n\t\t\t\t\t\t<img width=\"463\" height=\"348\" src=\"https:\/\/tech3.mypagedemo.com\/id4\/wp-content\/uploads\/2022\/12\/toan-ham-2-463x348.jpg\" class=\"owl-lazy img-responsive\" alt=\"\" decoding=\"async\" loading=\"lazy\" \/>\t\t\t\t\t\t\t\t\t\t\t\t\t<span class=\"zoom\" data-src=\"https:\/\/tech3.mypagedemo.com\/id4\/wp-content\/uploads\/2022\/12\/toan-ham-2.jpg\" data-title=\"\"><i class=\"fas fa-search\"><\/i><\/span>\n\t\t\t\t\t\t\t\t\t\t\t<\/div>\n\t\t\t\t\t\t\t\t<\/a>\n\t\t\t\t\t\t\t\t<\/div>\n\t\t\n\t\t\t<\/div>\n\t\t<\/div>\n\t\t<div class=\"col-lg-7\">\n\t\n\t\t\t<div class=\"post-content\">\n\n\t\t\t\t\n\t\t\t\t<h2 class=\"entry-title\"><a href=\"https:\/\/tech3.mypagedemo.com\/id4\/phuong-phap-cay-ghep-implant-all-on-4-all-on-6.html\">Ph\u01b0\u01a1ng ph\u00e1p c\u1ea5y gh\u00e9p implant All on 4\/ All on 6<\/a><\/h2>\n\n\t\t\t\t<span class=\"vcard\" style=\"display: none;\"><span class=\"fn\"><a href=\"https:\/\/tech3.mypagedemo.com\/id4\/author\/mypage\" title=\"\u0110\u0103ng b\u1edfi DEV\" rel=\"author\">DEV<\/a><\/span><\/span><span class=\"updated\" style=\"display:none\">2025-06-18T14:27:26+07:00<\/span><p class=\"post-excerpt\">Ph\u1ee5c h\u00ecnh to\u00e0n h\u00e0m All on 4\/ all on 6 l\u00e0 ph\u01b0\u01a1ng ph\u00e1p t\u00e2n ti\u1ebfn, s\u1eed d\u1ee5ng 4 ho\u1eb7c 6 tr\u1ee5 implant c\u1ea5y v\u00e0o x\u01b0\u01a1ng h\u00e0m, nh\u1eb1m c\u1ed1 \u0111\u1ecbnh...<\/p>\n\t\t\t<\/div>\n\t\t\t<!-- Post meta after content -->\n\t\t\t<div class=\"post-meta \"><span class=\"d-block float-sm-end mt-3 mt-sm-0\"><a class=\"btn btn-xs btn-default text-xs text-uppercase\" href=\"https:\/\/tech3.mypagedemo.com\/id4\/phuong-phap-cay-ghep-implant-all-on-4-all-on-6.html\">Xem th\u00eam...<\/a><\/span><\/div>\t\t<\/div>\n\t<\/div>\n\n\t\n\n<\/article>\n\n<article id=\"post-308\" class=\"post post-medium post-title-simple post-308 post type-post status-publish format-standard has-post-thumbnail hentry category-id-4-stackable-guide\">\n\t<!-- Post meta before content -->\n\t\t<div class=\"row\">\n\t\t\t<div class=\"col-lg-5\">\n\t\t\t\t<div class=\"post-image single\">\n\t\t<div class=\"post-slideshow porto-carousel owl-carousel nav-inside nav-inside-center nav-style-2 show-nav-hover has-ccols ccols-1\" data-plugin-options='{\"nav\":true}'>\n\t\t\t\t\t\t\t\t\t\t\t<a href=\"https:\/\/tech3.mypagedemo.com\/id4\/bi-mat-rang-toan-ham-phai-lam-sao.html\">\n\t\t\t\t\t\t\t\t<div class=\"img-thumbnail\">\n\t\t\t\t\t\t<img width=\"463\" height=\"348\" src=\"https:\/\/tech3.mypagedemo.com\/id4\/wp-content\/uploads\/2022\/12\/toan-ham-3-463x348.jpg\" class=\"owl-lazy img-responsive\" alt=\"\" decoding=\"async\" loading=\"lazy\" \/>\t\t\t\t\t\t\t\t\t\t\t\t\t<span class=\"zoom\" data-src=\"https:\/\/tech3.mypagedemo.com\/id4\/wp-content\/uploads\/2022\/12\/toan-ham-3.jpg\" data-title=\"\"><i class=\"fas fa-search\"><\/i><\/span>\n\t\t\t\t\t\t\t\t\t\t\t<\/div>\n\t\t\t\t\t\t\t\t<\/a>\n\t\t\t\t\t\t\t\t<\/div>\n\t\t\n\t\t\t<\/div>\n\t\t<\/div>\n\t\t<div class=\"col-lg-7\">\n\t\n\t\t\t<div class=\"post-content\">\n\n\t\t\t\t\n\t\t\t\t<h2 class=\"entry-title\"><a href=\"https:\/\/tech3.mypagedemo.com\/id4\/bi-mat-rang-toan-ham-phai-lam-sao.html\">B\u1eca M\u1ea4T R\u0102NG TO\u00c0N H\u00c0M PH\u1ea2I L\u00c0M SAO?<\/a><\/h2>\n\n\t\t\t\t<span class=\"vcard\" style=\"display: none;\"><span class=\"fn\"><a href=\"https:\/\/tech3.mypagedemo.com\/id4\/author\/mypage\" title=\"\u0110\u0103ng b\u1edfi DEV\" rel=\"author\">DEV<\/a><\/span><\/span><span class=\"updated\" style=\"display:none\">2025-06-18T14:27:26+07:00<\/span><p class=\"post-excerpt\">T\u01b0\u01a1ng t\u1ef1 v\u1edbi m\u1ea5t m\u1ed9t r\u0103ng th\u00ec m\u1ea5t r\u0103ng to\u00e0n h\u00e0m c\u00f3 3 ph\u01b0\u01a1ng ph\u00e1p ph\u1ee5c h\u00ecnh nh\u01b0: H\u00e0m nh\u1ef1a th\u00e1o l\u1eafp, h\u00e0m ph\u1ee7 tr\u00ean implant v\u00e0 ph\u1ee5c h\u00ecnh...<\/p>\n\t\t\t<\/div>\n\t\t\t<!-- Post meta after content -->\n\t\t\t<div class=\"post-meta \"><span class=\"d-block float-sm-end mt-3 mt-sm-0\"><a class=\"btn btn-xs btn-default text-xs text-uppercase\" href=\"https:\/\/tech3.mypagedemo.com\/id4\/bi-mat-rang-toan-ham-phai-lam-sao.html\">Xem th\u00eam...<\/a><\/span><\/div>\t\t<\/div>\n\t<\/div>\n\n\t\n\n<\/article>\n\n\t\n\t\t<\/div>\n\n\t\n\t\n\t<\/div>[vc_btn title=&#8221;Xem t\u1ea5t c\u1ea3&#8221; style=&#8221;3d&#8221; shape=&#8221;round&#8221; color=&#8221;info&#8221; align=&#8221;center&#8221; el_class=&#8221;btn_readmore&#8221;][\/vc_column][\/vc_row]<\/p>\n","protected":false},"excerpt":{"rendered":"<p>[vc_row][vc_column width=&#8221;1\/2&#8243;][vc_custom_heading text=&#8221;iD-4 Guide&#8221; font_container=&#8221;tag:h2|text_align:center&#8221; use_theme_fonts=&#8221;yes&#8221;][vc_btn title=&#8221;Xem t\u1ea5t c\u1ea3&#8221; style=&#8221;3d&#8221; shape=&#8221;round&#8221; color=&#8221;info&#8221; align=&#8221;center&#8221; el_class=&#8221;btn_readmore&#8221;][\/vc_column][vc_column width=&#8221;1\/2&#8243;][vc_custom_heading text=&#8221;iD-4 Stackable Guide&#8221; font_container=&#8221;tag:h2|text_align:center&#8221; use_theme_fonts=&#8221;yes&#8221;][vc_btn title=&#8221;Xem t\u1ea5t c\u1ea3&#8221; style=&#8221;3d&#8221; shape=&#8221;round&#8221; color=&#8221;info&#8221; align=&#8221;center&#8221; el_class=&#8221;btn_readmore&#8221;][\/vc_column][\/vc_row]<\/p>\n","protected":false},"author":1,"featured_media":0,"parent":0,"menu_order":0,"comment_status":"closed","ping_status":"closed","template":"","meta":[],"_links":{"self":[{"href":"https:\/\/tech3.mypagedemo.com\/id4\/wp-json\/wp\/v2\/pages\/19"}],"collection":[{"href":"https:\/\/tech3.mypagedemo.com\/id4\/wp-json\/wp\/v2\/pages"}],"about":[{"href":"https:\/\/tech3.mypagedemo.com\/id4\/wp-json\/wp\/v2\/types\/page"}],"author":[{"embeddable":true,"href":"https:\/\/tech3.mypagedemo.com\/id4\/wp-json\/wp\/v2\/users\/1"}],"replies":[{"embeddable":true,"href":"https:\/\/tech3.mypagedemo.com\/id4\/wp-json\/wp\/v2\/comments?post=19"}],"version-history":[{"count":23,"href":"https:\/\/tech3.mypagedemo.com\/id4\/wp-json\/wp\/v2\/pages\/19\/revisions"}],"predecessor-version":[{"id":333,"href":"https:\/\/tech3.mypagedemo.com\/id4\/wp-json\/wp\/v2\/pages\/19\/revisions\/333"}],"wp:attachment":[{"href":"https:\/\/tech3.mypagedemo.com\/id4\/wp-json\/wp\/v2\/media?parent=19"}],"curies":[{"name":"wp","href":"https:\/\/api.w.org\/{rel}","templated":true}]}}