{"id":21,"date":"2022-12-03T08:49:08","date_gmt":"2022-12-03T08:49:08","guid":{"rendered":"http:\/\/tech3.mypagedemo.com\/id4\/?page_id=21"},"modified":"2022-12-08T10:32:16","modified_gmt":"2022-12-08T10:32:16","slug":"ve-chung-toi","status":"publish","type":"page","link":"https:\/\/tech3.mypagedemo.com\/id4\/ve-chung-toi","title":{"rendered":"V\u1ec1 ch\u00fang t\u00f4i"},"content":{"rendered":"<p>[vc_row full_width=&#8221;stretch_row&#8221; animation_type=&#8221;fadeInUp&#8221;][vc_column][vc_custom_heading text=&#8221;T\u1ed5ng quan&#8221; use_theme_fonts=&#8221;yes&#8221; text_transform=&#8221;text-uppercase&#8221; el_class=&#8221;custom_heading&#8221;][vc_empty_space][vc_row_inner][vc_column_inner width=&#8221;1\/2&#8243;][vc_column_text]iD-4TM GUIDE Center \u0111\u01b0\u1ee3c th\u00e0nh l\u1eadp v\u00e0o n\u0103m 2017, ph\u1ee5 tr\u00e1ch chuy\u00ean m\u00f4n: b\u00e1c s\u0129 L\u00ea V\u0103n \u0110i\u1ec1m, l\u00e0 trung t\u00e2m chuy\u00ean thi\u1ebft k\u1ebf v\u00e0 s\u1ea3n xu\u1ea5t c\u00e1c lo\u1ea1i m\u00e1ng h\u01b0\u1edbng d\u1eabn ph\u1eabu thu\u1eadt trong th\u1ef1c h\u00e0nh c\u1ea5y gh\u00e9p Implant. V\u1edbi \u0111\u1ed9i ng\u0169 b\u00e1c s\u0129 v\u00e0 k\u0129 thu\u1eadt vi\u00ean c\u00f3 b\u1ec1 d\u00e0y kinh nghi\u1ec7m v\u00e0 tr\u00ecnh \u0111\u1ed9 chuy\u00ean m\u00f4n cao, c\u00f9ng v\u1edbi trang thi\u1ebft b\u1ecb nha khoa k\u0129 thu\u1eadt s\u1ed1 hi\u1ec7n \u0111\u1ea1i, ch\u00fang t\u00f4i t\u1ef1 h\u00e0o l\u00e0 trung t\u00e2m s\u1ea3n xu\u1ea5t m\u00e1ng h\u01b0\u1edbng d\u1eabn ph\u1eabu thu\u1eadt h\u00e0ng \u0111\u1ea7u c\u1ea3 n\u01b0\u1edbc.[\/vc_column_text][\/vc_column_inner][vc_column_inner width=&#8221;1\/2&#8243;][vc_single_image image=&#8221;144&#8243; img_size=&#8221;full&#8221;][\/vc_column_inner][\/vc_row_inner][vc_row_inner el_class=&#8221;order_col&#8221;][vc_column_inner width=&#8221;1\/2&#8243;][vc_column_text]\u201cL\u00e0 m\u1ed9t nha s\u0129 v\u1edbi h\u01a1n 20 n\u0103m kinh nghi\u1ec7m trong c\u1ea5y gh\u00e9p<br \/>\nImplant, t\u00f4i hi\u1ec3u r\u00f5 c\u00e1c kh\u00f3 kh\u0103n m\u00e0 c\u00e1c nha s\u0129 ph\u1ea3i \u0111\u1ed1i m\u1eb7t khi ph\u1eabu thu\u1eadt. H\u1ec7 th\u1ed1ng m\u00e1ng h\u01b0\u1edbng d\u1eabn ph\u1eabu thu\u1eadt m\u00e0<br \/>\niD-4TM GUIDE center cung c\u1ea5p s\u1ebd gi\u1ea3i quy\u1ebft \u0111\u01b0\u1ee3c nh\u1eefng g\u00e1nh n\u1eb7ng m\u00e0 nha s\u0129 ph\u1ea3i \u0111\u01b0\u01a1ng \u0111\u1ea7u. T\u1eeb vi\u1ec7c thi\u1ebft k\u1ebf v\u1ecb tr\u00ed Implant, cho \u0111\u1ebfn chi\u1ec1u h\u01b0\u1edbng v\u00e0 \u0111\u1ed9 s\u00e2u c\u1ee7a Implant, t\u1ea5t c\u1ea3 \u0111\u1ec1u \u0111\u01b0\u1ee3c thi\u1ebft k\u1ebf v\u00e0 s\u1ea3n xu\u1ea5t b\u1eb1ng c\u00f4ng ngh\u1ec7 nha khoa k\u0129 thu\u1eadt s\u1ed1 hi\u1ec7n \u0111\u1ea1i nh\u1ea5t, t\u1eeb \u0111\u00f3 t\u1ed1i \u01b0u h\u00f3a s\u1ef1 th\u00e0nh c\u00f4ng cho qu\u00e1 tr\u00ecnh ph\u1eabu thu\u1eadt.\u201d[\/vc_column_text][\/vc_column_inner][vc_column_inner width=&#8221;1\/2&#8243;][vc_single_image image=&#8221;145&#8243; img_size=&#8221;full&#8221;][\/vc_column_inner][\/vc_row_inner][\/vc_column][\/vc_row][vc_row full_width=&#8221;stretch_row&#8221; css=&#8221;.vc_custom_1670493557382{background-color: #f3f7f5 !important;}&#8221; animation_type=&#8221;fadeInUp&#8221; el_class=&#8221;wrap_borderbtom&#8221;][vc_column width=&#8221;1\/3&#8243;][vc_custom_heading text=&#8221;Ti\u00eau ch\u00ed ho\u1ea1t \u0111\u1ed9ng&#8221; use_theme_fonts=&#8221;yes&#8221; text_transform=&#8221;text-uppercase&#8221; el_class=&#8221;custom_heading&#8221;][\/vc_column][vc_column width=&#8221;2\/3&#8243;][vc_empty_space height=&#8221;15px&#8221;][vc_column_text]Mang l\u1ea1i s\u1ef1 th\u00e0nh c\u00f4ng cho c\u00e1c nha s\u0129 trong ph\u1eabu thu\u1eadt c\u1ea5y gh\u00e9p Implant<br \/>\nUy t\u00edn &#8211; Nhi\u1ec7t t\u00ecnh &#8211; H\u1ee3p t\u00e1c &#8211; C\u1ea3i ti\u1ebfn li\u00ean t\u1ee5c &#8211; Ho\u1ea1t \u0111\u1ed9ng hi\u1ec7u qu\u1ea3[\/vc_column_text][\/vc_column][\/vc_row][vc_row animation_duration=&#8221;1500&#8243; el_class=&#8221;wrap_gallery&#8221; animation_type=&#8221;slideInLeft&#8221;][vc_column][vc_custom_heading text=&#8221;C\u01a1 s\u1edf v\u1eadt ch\u1ea5t&#8221; font_container=&#8221;tag:h2|text_align:center&#8221; use_theme_fonts=&#8221;yes&#8221; text_transform=&#8221;text-uppercase&#8221; el_class=&#8221;custom_heading heading_center&#8221;][vc_empty_space][vc_media_grid item=&#8221;mediaGrid_FadeInWithIcon&#8221; initial_loading_animation=&#8221;slideInLeft&#8221; grid_id=&#8221;vc_gid:1670495314503-05c8a01b-8879-10&#8243; include=&#8221;153,154,155,157,158,159&#8243;][vc_text_separator title=&#8221;&#8221; color=&#8221;custom&#8221; style=&#8221;solid&#8221; element=&#8221;div&#8221; accent_color=&#8221;#eaeaea&#8221;][\/vc_column][\/vc_row]<\/p>\n","protected":false},"excerpt":{"rendered":"<p>[vc_row full_width=&#8221;stretch_row&#8221; animation_type=&#8221;fadeInUp&#8221;][vc_column][vc_custom_heading text=&#8221;T\u1ed5ng quan&#8221; use_theme_fonts=&#8221;yes&#8221; text_transform=&#8221;text-uppercase&#8221; el_class=&#8221;custom_heading&#8221;][vc_empty_space][vc_row_inner][vc_column_inner width=&#8221;1\/2&#8243;][vc_column_text]iD-4TM GUIDE Center \u0111\u01b0\u1ee3c th\u00e0nh l\u1eadp v\u00e0o n\u0103m 2017, ph\u1ee5 tr\u00e1ch chuy\u00ean m\u00f4n: b\u00e1c s\u0129 L\u00ea V\u0103n \u0110i\u1ec1m, l\u00e0 trung t\u00e2m chuy\u00ean thi\u1ebft k\u1ebf v\u00e0 s\u1ea3n xu\u1ea5t c\u00e1c lo\u1ea1i m\u00e1ng h\u01b0\u1edbng d\u1eabn ph\u1eabu thu\u1eadt trong th\u1ef1c h\u00e0nh c\u1ea5y gh\u00e9p Implant. V\u1edbi \u0111\u1ed9i ng\u0169 b\u00e1c s\u0129 v\u00e0 k\u0129 [&hellip;]<\/p>\n","protected":false},"author":1,"featured_media":0,"parent":0,"menu_order":0,"comment_status":"closed","ping_status":"closed","template":"","meta":[],"_links":{"self":[{"href":"https:\/\/tech3.mypagedemo.com\/id4\/wp-json\/wp\/v2\/pages\/21"}],"collection":[{"href":"https:\/\/tech3.mypagedemo.com\/id4\/wp-json\/wp\/v2\/pages"}],"about":[{"href":"https:\/\/tech3.mypagedemo.com\/id4\/wp-json\/wp\/v2\/types\/page"}],"author":[{"embeddable":true,"href":"https:\/\/tech3.mypagedemo.com\/id4\/wp-json\/wp\/v2\/users\/1"}],"replies":[{"embeddable":true,"href":"https:\/\/tech3.mypagedemo.com\/id4\/wp-json\/wp\/v2\/comments?post=21"}],"version-history":[{"count":16,"href":"https:\/\/tech3.mypagedemo.com\/id4\/wp-json\/wp\/v2\/pages\/21\/revisions"}],"predecessor-version":[{"id":164,"href":"https:\/\/tech3.mypagedemo.com\/id4\/wp-json\/wp\/v2\/pages\/21\/revisions\/164"}],"wp:attachment":[{"href":"https:\/\/tech3.mypagedemo.com\/id4\/wp-json\/wp\/v2\/media?parent=21"}],"curies":[{"name":"wp","href":"https:\/\/api.w.org\/{rel}","templated":true}]}}