{"id":222,"date":"2022-12-15T09:25:40","date_gmt":"2022-12-15T09:25:40","guid":{"rendered":"http:\/\/tech3.mypagedemo.com\/id4\/?page_id=222"},"modified":"2022-12-15T10:24:47","modified_gmt":"2022-12-15T10:24:47","slug":"quy-trinh-cbct-scan","status":"publish","type":"page","link":"https:\/\/tech3.mypagedemo.com\/id4\/thong-tin\/quy-trinh-cbct-scan","title":{"rendered":"Quy tr\u00ecnh CBCT Scan"},"content":{"rendered":"<p>[vc_row animation_type=&#8221;fadeInUp&#8221;][vc_column][vc_custom_heading text=&#8221;Quy tr\u00ecnh CBCT scan \u0111\u1ed1i v\u1edbi m\u00e1ng h\u01b0\u1edbng d\u1eabn ch\u1ee5p phim ho\u1eb7c h\u00e0m gi\u1ea3&#8221; font_container=&#8221;tag:h2|text_align:center&#8221; use_theme_fonts=&#8221;yes&#8221; text_transform=&#8221;text-uppercase&#8221; el_class=&#8221;custom_heading heading_center&#8221;][vc_column_text]<\/p>\n<p style=\"text-align: center;\">Th\u00f4ng tin b\u1ec7nh nh\u00e2n ch\u00ednh x\u00e1c v\u00e0 chi ti\u1ebft l\u00e0 \u0111i\u1ec1u ki\u1ec7n ti\u00ean quy\u1ebft \u0111\u1ec3 b\u1eaft \u0111\u1ea7u quy tr\u00ecnh iD-4 GUIDE Solution. Sau \u0111\u00e2y l\u00e0 chi ti\u1ebft v\u1ec1 nh\u1eefng th\u00f4ng tin c\u1ea7n thu th\u1eadp.<\/p>\n<p>[\/vc_column_text][vc_empty_space][vc_row_inner][vc_column_inner width=&#8221;1\/2&#8243;][vc_column_text]<strong>Khi n\u00e0o c\u1ea7n ch\u1ee5p phim v\u1edbi m\u00e1ng h\u01b0\u1edbng d\u1eabn <\/strong><br \/>\n<strong>ch\u1ee5p phim<br \/>\n<\/strong><br \/>\nK\u1ef9 thu\u1eadt ch\u1ee5p \u0111\u00f4i v\u1edbi m\u00e1ng h\u01b0\u1edbng d\u1eabn ch\u1ee5p phim l\u00e0 c\u1ea7n thi\u1ebft cho b\u1ec7nh nh\u00e2n m\u1ea5t r\u0103ng to\u00e0n h\u00e0m v\u00e0 b\u1ec7nh nh\u00e2n c\u00f3 ph\u1ee5c h\u00ecnh kim lo\u1ea1i ho\u1eb7c tr\u00e1m kim lo\u1ea1i g\u1ea7n v\u1ecb tr\u00ed \u0111\u1eb7t implant. Mi\u1ebfng tr\u00e1m v\u00e0 m\u00e3o c\u00f3 th\u00e0nh ph\u1ea7n kim lo\u1ea1i c\u00f3 th\u1ec3 g\u00e2y n\u00ean \u201ct\u00e1n x\u1ea1\u201d khi ch\u1ee5p phim CBCT s\u1ebd l\u00e0m sai l\u1ec7ch h\u00ecnh \u1ea3nh X-quang c\u1ee7a b\u1ec7nh nh\u00e2n.[\/vc_column_text][\/vc_column_inner][vc_column_inner width=&#8221;1\/2&#8243;][vc_single_image image=&#8221;251&#8243; img_size=&#8221;full&#8221; alignment=&#8221;center&#8221;][\/vc_column_inner][\/vc_row_inner][\/vc_column][\/vc_row][vc_row full_width=&#8221;stretch_row&#8221; css=&#8221;.vc_custom_1671098818407{padding-top: 30px !important;background-color: #f1fafc !important;}&#8221; animation_type=&#8221;fadeInUp&#8221;][vc_column][vc_row_inner][vc_column_inner][vc_column_text]<\/p>\n<p style=\"text-align: center;\"><strong>Chu\u1ea9n b\u1ecb cho m\u00e1ng h\u01b0\u1edbng d\u1eabn ch\u1ee5p phim ho\u1eb7c h\u00e0m gi\u1ea3:<\/strong><\/p>\n<p style=\"text-align: center;\">1 ca Implant t\u1eeb \u0111\u01a1n gi\u1ea3n \u0111\u1ebfn ph\u1ee9c t\u1ea1p th\u00e0nh c\u00f4ng \u0111\u1ec1u b\u1eaft \u0111\u1ea7u v\u1edbi m\u00e1ng h\u01b0\u1edbng d\u1eabn ch\u1ee5p phim \u0111\u01b0\u1ee3c thi\u1ebft k\u1ebf \u0111\u00fang v\u00e0 c\u1ea9n th\u1eadn. M\u00e1ng h\u01b0\u1edbng d\u1eabn ch\u1ee5p phim s\u1ebd gi\u00fap chuy\u1ec3n \u0111\u1ed5i t\u1eeb ph\u1ee5c h\u00ecnh mong mu\u1ed1n hay c\u00f3 s\u1eb5n \u0111\u1ebfn ph\u1ee5c h\u00ecnh cu\u1ed1i c\u00f9ng tr\u01b0\u1edbc khi ph\u1eabu thu\u1eadt.<\/p>\n<p>[\/vc_column_text][\/vc_column_inner][\/vc_row_inner][vc_row_inner][vc_column_inner width=&#8221;1\/2&#8243;][vc_column_text]<strong>1. M\u00e1ng h\u01b0\u1edbng d\u1eabn ch\u1ee5p phim<\/strong><\/p>\n<p>Thi\u1ebft k\u1ebf m\u00e1ng h\u01b0\u1edbng d\u1eabn ch\u1ee5p phim v\u1edbi ph\u1ee5c h\u00ecnh nguy\u00ean m\u1eabu<br \/>\n( sao m\u1eabu t\u1eeb ch\u00ednh h\u00e0m gi\u1ea3 c\u1ee7a b\u1ec7nh nh\u00e2n ho\u1eb7c l\u00e0m 1 h\u00e0m gi\u1ea3 m\u1edbi )<br \/>\nSau \u0111\u00e2y l\u00e0 nh\u1eefng y\u1ebfu t\u1ed1 quan tr\u1ecdng:<\/p>\n<ul>\n<li>R\u0103ng \u0111\u01b0\u1ee3c ch\u1ecdn \u0111\u00fang v\u1ecb tr\u00ed.<\/li>\n<li>R\u0103ng \u0111\u00fang k\u00edch th\u01b0\u1edbc, h\u00ecnh d\u1ea1ng v\u00e0 chi\u1ec1u d\u00e0i.<\/li>\n<li>Kh\u1edbp c\u1eafn thi\u1ebft l\u1eadp \u0111\u00fang.<\/li>\n<li>Kh\u00f4ng c\u00f3 kim lo\u1ea1i ho\u1eb7c v\u1eadt li\u1ec7u c\u1ea3n quang.<\/li>\n<li>\u0110\u1ed9 d\u00e0y 2,5- 4mm<\/li>\n<li>N\u1ec1n nh\u1ef1a ph\u00eda m\u00e1 \u0111\u1ee7 r\u1ed9ng \u0111\u1ec3 \u0111\u1eb7t marker c\u1ea3n quang v\u00e0 l\u01b0u<br \/>\ngi\u1eef t\u1ed1t.<\/li>\n<li>Kh\u00edt s\u00e1t v\u1edbi gi\u1ea3i ph\u1eabu c\u1ee7a b\u1ec7nh nh\u00e2n.<\/li>\n<\/ul>\n<p>Khi \u0111\u00e3 ch\u1ebf t\u00e1c xong m\u00e1ng h\u01b0\u1edbng d\u1eabn ch\u1ee5p phim, \u0111\u1eb7t gutta percha hay composite ( c\u1ea3n quang ) v\u00e0o 1 s\u1ed1 v\u1ecb tr\u00ed. C\u00f3 th\u1ec3 s\u1eed d\u1ee5ng h\u1ea1t c\u1ea3n quang. Khuy\u1ebfn c\u00e1o s\u1eed d\u1ee5ng 6-8 \u0111i\u1ec3m, v\u1edbi k\u00edch th\u01b0\u1edbc 1,5-2,5 mm v\u00e0 h\u00ecnh c\u1ea7u (kh\u00f4ng ph\u1ea3i h\u00ecnh tr\u1ee5 v\u00e0 kh\u00f4ng c\u1ea7n thi\u1ebft k\u1ebf \u0111\u1eb7c bi\u1ec7t n\u00e0o). \u0110\u1eb7t m\u1ed9t 2-4 marker \u1edf ph\u00eda l\u01b0\u1ee1i v\u00e0 4 \u1edf ph\u00eda m\u00e1. Kh\u00f4ng d\u00e0n \u0111\u1ec1u c\u00e1c marker.[\/vc_column_text][\/vc_column_inner][vc_column_inner width=&#8221;1\/2&#8243;][vc_single_image image=&#8221;236&#8243; img_size=&#8221;full&#8221; alignment=&#8221;center&#8221; el_class=&#8221;border_radi&#8221;][\/vc_column_inner][\/vc_row_inner][\/vc_column][\/vc_row][vc_row full_width=&#8221;stretch_row&#8221; css=&#8221;.vc_custom_1671098826293{padding-top: 30px !important;}&#8221; el_class=&#8221;order_col&#8221; animation_type=&#8221;fadeInUp&#8221;][vc_column width=&#8221;1\/2&#8243;][vc_column_text]<strong>2. H\u00e0m gi\u1ea3 \u0111\u01b0\u1ee3c s\u1eed d\u1ee5ng nh\u01b0 m\u00e1ng h\u01b0\u1edbng d\u1eabn ch\u1ee5p phim<\/strong><\/p>\n<p>H\u00e0m gi\u1ea3 c\u1ee7a b\u1ec7nh nh\u00e2n c\u00f3 th\u1ec3 \u0111\u01b0\u1ee3c s\u1eed d\u1ee5ng l\u00e0m m\u00e1ng h\u01b0\u1edbng d\u1eabn ch\u1ee5p phim. Tr\u01b0\u1edbc khi b\u1eaft \u0111\u1ea7u, ki\u1ec3m tra h\u00e0m gi\u1ea3 theo nh\u1eefng ti\u00eau ch\u00ed sau:<\/p>\n<ul>\n<li>R\u0103ng \u0111\u00fang k\u00edch th\u01b0\u1edbc, h\u00ecnh d\u1ea1ng v\u00e0 chi\u1ec1u d\u00e0i<br \/>\nKh\u1edbp c\u1eafn thi\u1ebft l\u1eadp \u0111\u00fang<\/li>\n<li>N\u1ec1n nh\u1ef1a ph\u00eda m\u00e1 \u0111\u1ee7 r\u1ed9ng \u0111\u1ec3 \u0111\u1eb7t marker c\u1ea3n quang v\u00e0 l\u01b0u<br \/>\ngi\u1eef t\u1ed1t.<\/li>\n<li>Ch\u1ec9 c\u00f3 n\u1ec1n nh\u1ef1a ( kh\u00f4ng c\u00f3 kim lo\u1ea1i )<\/li>\n<li>Kh\u00edt s\u00e1t v\u00e0 v\u1eefng \u1ed5n v\u1edbi s\u1ed1ng h\u00e0m b\u1ec7nh nh\u00e2n.<\/li>\n<li>Kh\u00f4ng c\u00f3 v\u1eadt li\u1ec7u c\u1ea3n quang ho\u1eb7c kim lo\u1ea1i ( v\u00ed d\u1ee5 h\u00e0m khung<br \/>\nkim lo\u1ea1i )<\/li>\n<\/ul>\n<p>Khi \u0111\u00e3 quy\u1ebft \u0111\u1ecbnh s\u1eed d\u1ee5ng h\u00e0m gi\u1ea3, \u0111\u1eb7t 6-8 \u0111i\u1ec3m c\u1ea3n quang theo c\u00e1ch l\u00e0m m\u00e1ng h\u01b0\u1edbng d\u1eabn ch\u1ee5p phim.<\/p>\n<p>[\/vc_column_text][\/vc_column][vc_column width=&#8221;1\/2&#8243;][vc_single_image image=&#8221;236&#8243; img_size=&#8221;full&#8221; alignment=&#8221;center&#8221; el_class=&#8221;border_radi&#8221;][\/vc_column][\/vc_row][vc_row full_width=&#8221;stretch_row&#8221; css=&#8221;.vc_custom_1671098835842{padding-top: 30px !important;background-color: #f1fafc !important;}&#8221; animation_type=&#8221;fadeInUp&#8221;][vc_column width=&#8221;1\/2&#8243;][vc_column_text]<strong>Chu\u1ea9n b\u1ecb b\u1ec7nh nh\u00e2n<\/strong><\/p>\n<ul>\n<li>B\u1ec7nh nh\u00e2n ph\u1ea3i \u0111\u01b0\u1ee3c b\u1ecf t\u1ea5t c\u1ea3 c\u00e1c ph\u1ee5c h\u00ecnh kim lo\u1ea1i ( v\u00ed d\u1ee5 nh\u01b0 h\u00e0m khung kim lo\u1ea1i ) c\u0169ng nh\u01b0 trang s\u1ee9c kim lo\u1ea1i c\u00f3 th\u1ec3 \u1ea3nh h\u01b0\u1edbng \u0111\u1ebfn v\u00f9ng \u0111\u01b0\u1ee3c ch\u1ee5p.<\/li>\n<li>B\u1ec7nh nh\u00e2n c\u1eafn c\u1ed1 \u0111\u1ecbnh tr\u00ean g\u00f2n ho\u1eb7c b\u1ea5t k\u1ef3 v\u1eadt li\u1ec7u kh\u00f4ng<br \/>\nc\u1ea3n quang.<\/li>\n<li>Tr\u00e1nh s\u1eed d\u1ee5ng b\u1ea5t k\u1ef3 v\u1eadt li\u1ec7u c\u1ea3n quang n\u00e0o g\u00e2y t\u00e1n x\u1ea1, c\u00f3 th\u1ec3 l\u00e0m v\u1ee1 h\u00ecnh \u1ea3nh X-quang.<\/li>\n<li>R\u0103ng h\u00e0m tr\u00ean v\u00e0 h\u00e0m d\u01b0\u1edbi kh\u00f4ng ti\u1ebfp x\u00fac v\u1edbi nhau.<\/li>\n<li>Kho\u1ea3ng c\u00e1ch gi\u1eefa hai h\u00e0m v\u00e0o kho\u1ea3ng 5-8mm<\/li>\n<li>B\u1ec7nh nh\u00e2n \u1edf v\u1ecb tr\u00ed c\u1ed1 \u0111\u1ecbnh v\u00e0 kh\u00f4ng \u0111\u01b0\u1ee3c di chuy\u1ec3n, kh\u00f4ng nu\u1ed1t trong qu\u00e1 tr\u00ecnh ch\u1ee5p film CBCT.<\/li>\n<\/ul>\n<p>[\/vc_column_text][\/vc_column][vc_column width=&#8221;1\/2&#8243;][vc_single_image image=&#8221;253&#8243; img_size=&#8221;full&#8221; alignment=&#8221;center&#8221; el_class=&#8221;border_radi&#8221;][\/vc_column][\/vc_row][vc_row full_width=&#8221;stretch_row&#8221; css=&#8221;.vc_custom_1671098842531{padding-top: 30px !important;}&#8221; el_class=&#8221;order_col&#8221; animation_type=&#8221;fadeInUp&#8221;][vc_column width=&#8221;1\/2&#8243;][vc_column_text]<strong>H\u01b0\u1edbng d\u1eabn b\u1ec7nh nh\u00e2n khi ch\u1ee5p v\u1edbi m\u00e1ng h\u01b0\u1edbng d\u1eabn ch\u1ee5p film.<\/strong><\/p>\n<ul>\n<li>H\u00e0m gi\u1ea3 ho\u1eb7c m\u00e1ng h\u01b0\u1edbng d\u1eabn ch\u1ee5p phim ph\u1ea3i ch\u1eafc ch\u1eafn v\u00e0 c\u1ed1 \u0111\u1ecbnh trong mi\u1ec7ng.<\/li>\n<li>M\u1eb7t ph\u1eb3ng nhai c\u00e2n b\u1eb1ng, kh\u00f4ng nghi\u00eang.<\/li>\n<li>\u0110\u1ed9 cao ph\u1ea3i \u0111\u01b0\u1ee3c c\u1ed1 \u0111\u1ecbnh sao cho trung t\u00e2m c\u1ee7a m\u1eb7t ph\u1eb3ng nhai trong v\u00f9ng ch\u1ee5p (FOV)<\/li>\n<li>N\u1ebfu c\u1ea7n \u0111i\u1ec1u tr\u1ecb c\u1ea3 hai h\u00e0m, ch\u1ee5p ri\u00eang cho t\u1eebng h\u00e0m n\u1ebfu m\u00e1y CBCT c\u00f3 FOV nh\u1ecf.<\/li>\n<\/ul>\n<p>[\/vc_column_text][\/vc_column][vc_column width=&#8221;1\/2&#8243;][vc_single_image image=&#8221;244&#8243; img_size=&#8221;full&#8221; alignment=&#8221;center&#8221; el_class=&#8221;border_radi&#8221;][\/vc_column][\/vc_row][vc_row full_width=&#8221;stretch_row&#8221; css=&#8221;.vc_custom_1671098849608{padding-top: 30px !important;background-color: #f1fafc !important;}&#8221; animation_type=&#8221;fadeInUp&#8221;][vc_column][vc_row_inner][vc_column_inner width=&#8221;1\/3&#8243;][vc_column_text]<strong>Th\u00f4ng s\u1ed1 m\u00e1y ch\u1ee5p phim<\/strong><\/p>\n<p>S\u1eed d\u1ee5ng ch\u1ebf \u0111\u1ed9 c\u1ee7a nh\u00e0 s\u1ea3n xu\u1ea5t khi ch\u1ee5p phim r\u0103ng mi\u1ec7ng.<\/p>\n<ul>\n<li>\u0110\u1ed9 d\u00e0y l\u00e1t c\u1eaft: 0,2-0,5 mm<\/li>\n<li>Th\u00f4ng s\u1ed1 t\u00e1i thi\u1ebft l\u1eadp: x\u01b0\u01a1ng ho\u1eb7c \u0111\u1ed9<br \/>\nn\u00e9t cao (high resolution)<\/li>\n<li>G\u00f3c \u0111\u1ed9 nghi\u00eang: 0 \u0111\u1ed9<\/li>\n<\/ul>\n<p>[\/vc_column_text][\/vc_column_inner][vc_column_inner width=&#8221;1\/3&#8243;][vc_single_image image=&#8221;251&#8243; img_size=&#8221;full&#8221; alignment=&#8221;center&#8221; el_class=&#8221;border_radi&#8221; label=&#8221;&#8221;][\/vc_column_inner][vc_column_inner width=&#8221;1\/3&#8243;][vc_single_image image=&#8221;244&#8243; img_size=&#8221;full&#8221; alignment=&#8221;center&#8221; el_class=&#8221;border_radi&#8221;][\/vc_column_inner][\/vc_row_inner][vc_row_inner el_class=&#8221;order_col&#8221;][vc_column_inner width=&#8221;1\/3&#8243;][vc_column_text]<strong>Xu\u1ea5t d\u1eef li\u1ec7u<\/strong><\/p>\n<ul>\n<li>D\u1eef li\u1ec7u l\u00e1t c\u1eaft tr\u1ee5c d\u1ecdc \u1edf d\u1ea1ng DICOM (\u0111\u1ecbnh d\u1ea1ng khi m\u00e1y xu\u1ea5t file)<\/li>\n<li>D\u1eef li\u1ec7u cho t\u1eebng h\u00e0m \u0111\u01b0\u1ee3c l\u01b0u \u1edf hai b\u1ed9 d\u1eef li\u1ec7u kh\u00e1c nhau, c\u00f9ng v\u1edbi d\u1eef li\u1ec7u c\u1ee7a t\u1eebng m\u00e1ng h\u01b0\u1edbng d\u1eabn ph\u1eabu thu\u1eadt (ho\u1eb7c h\u00e0m gi\u1ea3) t\u01b0\u01a1ng \u1ee9ng v\u1edbi h\u00e0m \u0111\u00f3<\/li>\n<\/ul>\n<p>[\/vc_column_text][\/vc_column_inner][vc_column_inner width=&#8221;1\/3&#8243;][vc_single_image image=&#8221;244&#8243; img_size=&#8221;full&#8221; alignment=&#8221;center&#8221; el_class=&#8221;border_radi&#8221;][\/vc_column_inner][vc_column_inner width=&#8221;1\/3&#8243;][vc_single_image image=&#8221;251&#8243; img_size=&#8221;full&#8221; alignment=&#8221;center&#8221; el_class=&#8221;border_radi&#8221; label=&#8221;&#8221;][\/vc_column_inner][\/vc_row_inner][\/vc_column][\/vc_row]<\/p>\n","protected":false},"excerpt":{"rendered":"<p>[vc_row animation_type=&#8221;fadeInUp&#8221;][vc_column][vc_custom_heading text=&#8221;Quy tr\u00ecnh CBCT scan \u0111\u1ed1i v\u1edbi m\u00e1ng h\u01b0\u1edbng d\u1eabn ch\u1ee5p phim ho\u1eb7c h\u00e0m gi\u1ea3&#8221; font_container=&#8221;tag:h2|text_align:center&#8221; use_theme_fonts=&#8221;yes&#8221; text_transform=&#8221;text-uppercase&#8221; el_class=&#8221;custom_heading heading_center&#8221;][vc_column_text] Th\u00f4ng tin b\u1ec7nh nh\u00e2n ch\u00ednh x\u00e1c v\u00e0 chi ti\u1ebft l\u00e0 \u0111i\u1ec1u ki\u1ec7n ti\u00ean quy\u1ebft \u0111\u1ec3 b\u1eaft \u0111\u1ea7u quy tr\u00ecnh iD-4 GUIDE Solution. Sau \u0111\u00e2y l\u00e0 chi ti\u1ebft v\u1ec1 nh\u1eefng th\u00f4ng tin c\u1ea7n thu th\u1eadp. [&hellip;]<\/p>\n","protected":false},"author":1,"featured_media":0,"parent":15,"menu_order":0,"comment_status":"closed","ping_status":"closed","template":"","meta":[],"_links":{"self":[{"href":"https:\/\/tech3.mypagedemo.com\/id4\/wp-json\/wp\/v2\/pages\/222"}],"collection":[{"href":"https:\/\/tech3.mypagedemo.com\/id4\/wp-json\/wp\/v2\/pages"}],"about":[{"href":"https:\/\/tech3.mypagedemo.com\/id4\/wp-json\/wp\/v2\/types\/page"}],"author":[{"embeddable":true,"href":"https:\/\/tech3.mypagedemo.com\/id4\/wp-json\/wp\/v2\/users\/1"}],"replies":[{"embeddable":true,"href":"https:\/\/tech3.mypagedemo.com\/id4\/wp-json\/wp\/v2\/comments?post=222"}],"version-history":[{"count":5,"href":"https:\/\/tech3.mypagedemo.com\/id4\/wp-json\/wp\/v2\/pages\/222\/revisions"}],"predecessor-version":[{"id":250,"href":"https:\/\/tech3.mypagedemo.com\/id4\/wp-json\/wp\/v2\/pages\/222\/revisions\/250"}],"up":[{"embeddable":true,"href":"https:\/\/tech3.mypagedemo.com\/id4\/wp-json\/wp\/v2\/pages\/15"}],"wp:attachment":[{"href":"https:\/\/tech3.mypagedemo.com\/id4\/wp-json\/wp\/v2\/media?parent=222"}],"curies":[{"name":"wp","href":"https:\/\/api.w.org\/{rel}","templated":true}]}}