{"id":224,"date":"2022-12-15T09:26:09","date_gmt":"2022-12-15T09:26:09","guid":{"rendered":"http:\/\/tech3.mypagedemo.com\/id4\/?page_id=224"},"modified":"2022-12-17T05:37:29","modified_gmt":"2022-12-17T05:37:29","slug":"quy-trinh-case-lam-sang","status":"publish","type":"page","link":"https:\/\/tech3.mypagedemo.com\/id4\/thong-tin\/quy-trinh-case-lam-sang","title":{"rendered":"Quy tr\u00ecnh case l\u00e2m s\u00e0ng"},"content":{"rendered":"<p>[vc_row animation_type=&#8221;fadeInUp&#8221;][vc_column][vc_custom_heading text=&#8221;Quy tr\u00ecnh m\u1ed9t case l\u00e2m s\u00e0ng ch\u1ec9 \u0111\u1ecbnh ch\u1ee5p film CBCT v\u00e0<br \/>\nthi\u1ebft k\u1ebf m\u00e1ng h\u01b0\u1edbng d\u1eabn ph\u1eabu thu\u1eadt.&#8221; font_container=&#8221;tag:h2|text_align:center&#8221; use_theme_fonts=&#8221;yes&#8221; text_transform=&#8221;text-uppercase&#8221; el_class=&#8221;custom_heading heading_center&#8221;][vc_empty_space][vc_row_inner][vc_column_inner width=&#8221;1\/2&#8243;][vc_column_text]<span style=\"color: #05889c;\"><strong>Ch\u1ee5p film CBCT<\/strong><br \/>\n<\/span><br \/>\n\u0110\u1ec3 th\u1ef1c hi\u1ec7n 1 ca implant chu \u0111\u00e1o, ho\u00e0n ch\u1ec9nh, c\u00f3 th\u1ec3 chia b\u1ec7nh nh\u00e2n l\u00e0m hai nh\u00f3m:<br \/>\n+ Nh\u00f3m c\u1ea7n m\u00e1ng h\u01b0\u1edbng d\u1eabn ch\u1ee5p phim.<br \/>\n+ Nh\u00f3m kh\u00f4ng c\u1ea7n m\u00e1ng h\u01b0\u1edbng d\u1eabn ch\u1ee5p phim.[\/vc_column_text][\/vc_column_inner][vc_column_inner width=&#8221;1\/2&#8243;][vc_single_image image=&#8221;232&#8243; img_size=&#8221;full&#8221; alignment=&#8221;center&#8221;][\/vc_column_inner][\/vc_row_inner][\/vc_column][\/vc_row][vc_row full_width=&#8221;stretch_row&#8221; css=&#8221;.vc_custom_1671098818407{padding-top: 30px !important;background-color: #f1fafc !important;}&#8221; animation_type=&#8221;fadeInUp&#8221;][vc_column width=&#8221;1\/2&#8243;][vc_column_text]<strong>1. Nh\u00f3m c\u1ea7n m\u00e1ng h\u01b0\u1edbng d\u1eabn ch\u1ee5p phim<br \/>\n<\/strong><br \/>\nb\u1ec7nh nh\u00e2n m\u1ea5t r\u0103ng to\u00e0n h\u00e0m v\u00e0 c\u00f3 h\u00e0m gi\u1ea3 c\u0169 t\u1ed1t c\u00f3 th\u1ec3 s\u1eed d\u1ee5ng h\u00e0m \u0111\u00f3 l\u00e0m m\u00e1ng.<br \/>\n<strong>S\u1eed d\u1ee5ng ch\u00ednh h\u00e0m gi\u1ea3 c\u1ee7a b\u1ec7nh nh\u00e2n l\u00e0m m\u00e1ng ch\u1ee5p film :<\/strong><br \/>\nB\u1ec7nh nh\u00e2n m\u1ea5t r\u0103ng to\u00e0n h\u00e0m c\u00f3 h\u00e0m gi\u1ea3 c\u0169 tho\u1ea3 nh\u1eefng ti\u00eau ch\u00ed sau:<br \/>\nR\u0103ng \u0111\u00fang k\u00edch th\u01b0\u1edbc, h\u00ecnh d\u1ea1ng v\u00e0 chi\u1ec1u d\u00e0i.<br \/>\nKh\u1edbp c\u1eafn v\u00e0 k\u00edch th\u01b0\u1edbc d\u1ecdc \u1ed5n \u0111\u1ecbnh.<br \/>\nKh\u00f4ng c\u00f3 khung kim lo\u1ea1i.<br \/>\n\u0110\u1ed9 d\u00e0y n\u1ec1n h\u00e0m \u0111\u1ee7 2,5 \u2013 4mm<br \/>\nN\u1ec1n nh\u1ef1a h\u00e0nh lang ph\u00eda m\u00e1 \u0111\u1ee7 d\u00e0i \u0111\u1ec3 \u0111\u1eb7t c\u00e1c \u0111i\u1ec3m c\u1ea3n quang.<br \/>\nKh\u00edt s\u00e1t m\u00f4 m\u1ec1m.<br \/>\nKh\u00f4ng c\u00f3 l\u1edbp \u0111\u1ec7m nh\u1ef1a m\u1ec1m.<br \/>\nKh\u00f4ng c\u00f3 c\u00e1c th\u00e0nh ph\u1ea7n c\u1ea3n quang.<br \/>\nB\u1ec7nh nh\u00e2n c\u00f3 ph\u1ee5c h\u00ecnh b\u00e1n h\u00e0m v\u00e0 c\u00f3 \u0111\u1ea7y \u0111\u1ee7 c\u00e1c ti\u00eau ch\u00ed tr\u00ean.<br \/>\n<strong>L\u00e0m m\u00e1ng h\u01b0\u1edbng d\u1eabn ch\u1ee5p film:<\/strong><br \/>\nB\u1ec7nh nh\u00e2n c\u00f3 ph\u1ee5c h\u00ecnh to\u00e0n h\u00e0m nh\u01b0ng kh\u00f4ng tho\u1ea3 c\u00e1c ti\u00eau ch\u00ed tr\u00ean.<br \/>\nB\u1ec7nh nh\u00e2n m\u1ea5t r\u0103ng b\u00e1n ph\u1ea7n, s\u1ed1 l\u01b0\u1ee3ng r\u0103ng c\u00f2n l\u1ea1i tr\u00ean cung h\u00e0m \u00edt, kh\u00f4ng \u0111\u1ee7 v\u1ecb tr\u00ed \u0111\u1ec3 ch\u1eadp kh\u1edbp v\u1edbi film CBCT.<br \/>\nB\u1ec7nh nh\u00e2n c\u00f3 ch\u00e2n r\u0103ng,r\u0103ng th\u1eadt b\u1ecb nha chu lung lay, c\u00f3 ch\u1ec9 \u0111\u1ecbnh nh\u1ed5 nhi\u1ec1u r\u0103ng ho\u1eb7c nh\u1ed5 h\u1ebft r\u0103ng tr\u01b0\u1edbc khi c\u1ea5y implant.<br \/>\nB\u1ec7nh nh\u00e2n c\u00f3 mi\u1ebfng tr\u00e1m ho\u1eb7c ph\u1ee5c h\u00ecnh kim lo\u1ea1i trong mi\u1ec7ng.[\/vc_column_text][\/vc_column][vc_column width=&#8221;1\/2&#8243;][vc_single_image image=&#8221;236&#8243; img_size=&#8221;full&#8221; alignment=&#8221;center&#8221; el_class=&#8221;border_radi&#8221;][\/vc_column][\/vc_row][vc_row full_width=&#8221;stretch_row&#8221; css=&#8221;.vc_custom_1671098826293{padding-top: 30px !important;}&#8221; el_class=&#8221;order_col&#8221; animation_type=&#8221;fadeInUp&#8221;][vc_column width=&#8221;1\/2&#8243;][vc_column_text]<strong>2. Nh\u00f3m kh\u00f4ng c\u1ea7n m\u00e1ng h\u01b0\u1edbng d\u1eabn ch\u1ee5p phim<\/strong><\/p>\n<p>B\u1ec7nh nh\u00e2n c\u00f2n ph\u1ea7n l\u1edbn r\u0103ng v\u00e0 kh\u00f4ng c\u00f3 mi\u1ebfng tr\u00e1m hay ph\u1ee5c h\u00ecnh kim lo\u1ea1i<br \/>\n\u0110\u1ed1i v\u1edbi b\u1ec7nh nh\u00e2n m\u1ea5t r\u0103ng m\u1ed9t ph\u1ea7n:<br \/>\n* B\u00e1c s\u1ef9 kh\u00e1m l\u00e2m s\u00e0ng cho b\u1ec7nh nh\u00e2n v\u00e0 l\u1ea5y d\u1ea5u hai h\u00e0m \u0111\u1ed5 ra m\u1eabu h\u00e0m th\u1ea1ch cao.<br \/>\n* B\u1ec7nh nh\u00e2n \u0111\u01b0\u1ee3c ch\u1ec9 \u0111\u1ecbnh ch\u1ee5p phim CBCT, kh\u00f4ng c\u1ea7n m\u00e1ng h\u01b0\u1edbng d\u1eabn ch\u1ee5p phim.<br \/>\n<strong>\u0110\u1ed1i v\u1edbi b\u1ec7nh nh\u00e2n m\u1ea5t r\u0103ng to\u00e0n ph\u1ea7n ho\u1eb7c m\u1ed9t ph\u1ea7n nh\u01b0ng c\u00f3 mi\u1ebfng tr\u00e1m hay ph\u1ee5c h\u1ed3i kim lo\u1ea1i:<\/strong><br \/>\n* B\u00e1c s\u1ef9 kh\u00e1m l\u00e2m s\u00e0ng cho b\u1ec7nh nh\u00e2n v\u00e0 l\u1ea5y d\u1ea5u hai h\u00e0m \u0111\u1ed5 m\u1eabu.<br \/>\n* D\u1ea5u c\u1eafn kh\u1edbp 2 h\u00e0m \u0111\u00fang.<br \/>\n* M\u1eabu th\u1ea1ch cao \u0111\u01b0\u1ee3c g\u1eedi cho lab \u0111\u1ec3 l\u00e0m wax-up cho ph\u1ee5c h\u00ecnh d\u1ef1 ki\u1ebfn, l\u00e0m m\u00e1ng h\u01b0\u1edbng d\u1eabn ch\u1ee5p phim.<br \/>\n* N\u1ebfu b\u1ec7nh nh\u00e2n c\u00f3 ph\u1ee5c h\u00ecnh to\u00e0n h\u00e0m hay b\u00e1n h\u00e0m t\u1ed1t th\u00ec c\u00f3 th\u1ec3 s\u1eed d\u1ee5ng h\u00e0m \u0111\u00f3 l\u00e0m m\u00e1ng ch\u1ee5p film khi tho\u1ea3 c\u00e1c \u0111i\u1ec1u ki\u1ec7n tr\u00ean.<br \/>\n* Ki\u1ec3m tra \u0111\u1ed9 kh\u00edt s\u00e1t, \u1ed5n \u0111\u1ecbnh c\u1ee7a m\u00e1ng h\u01b0\u1edbng d\u1eabn ch\u1ee5p phim.<br \/>\n* B\u1ec7nh nh\u00e2n \u0111\u01b0\u1ee3c ch\u1ec9 \u0111\u1ecbnh ch\u1ee5p CBCT:<br \/>\nCh\u1ee5p b\u1ec7nh nh\u00e2n v\u1edbi m\u00e1ng h\u01b0\u1edbng d\u1eabn ch\u1ee5p film.<br \/>\nCh\u1ec9 ch\u1ee5p m\u00e1ng h\u01b0\u1edbng d\u1eabn ch\u1ee5p film.[\/vc_column_text][\/vc_column][vc_column width=&#8221;1\/2&#8243;][vc_single_image image=&#8221;236&#8243; img_size=&#8221;full&#8221; alignment=&#8221;center&#8221; el_class=&#8221;border_radi&#8221;][\/vc_column][\/vc_row][vc_row full_width=&#8221;stretch_row&#8221; css=&#8221;.vc_custom_1671098835842{padding-top: 30px !important;background-color: #f1fafc !important;}&#8221; animation_type=&#8221;fadeInUp&#8221;][vc_column width=&#8221;1\/2&#8243;][vc_column_text]<span style=\"color: #05889c;\"><strong>Scan m\u1eabu h\u00e0m<\/strong><br \/>\n<\/span><br \/>\n<strong>\u0110\u1ed1i v\u1edbi b\u1ec7nh nh\u00e2n m\u1ea5t r\u0103ng m\u1ed9t ph\u1ea7n:<\/strong><\/p>\n<ul>\n<li>M\u1eabu h\u00e0m th\u1ea1ch cao cung r\u0103ng c\u1ee7a b\u1ec7nh nh\u00e2n \u0111\u01b0\u1ee3c g\u1eedi cho trung t\u00e2m \u0111\u1ec3 scan b\u1eb1ng m\u00e1y scan 3D.<\/li>\n<li>Ho\u1eb7c b\u00e1c s\u1ef9 s\u1eed d\u1ee5ng m\u00e1y scan trong mi\u1ec7ng.<\/li>\n<li>Nh\u1eefng d\u1eef li\u1ec7u scan n\u00e0y h\u1ed7 tr\u1ee3 cho t\u1ea1o t\u1eadp tin STL c\u00f3 \u0111\u1ed9 ph\u00e2n gi\u1ea3i cao v\u1ec1 c\u00e1c chi ti\u1ebft gi\u1ea3i ph\u1eabu trong mi\u1ec7ng.<\/li>\n<\/ul>\n<p><strong>\u0110\u1ed1i v\u1edbi b\u1ec7nh nh\u00e2n m\u1ea5t r\u0103ng to\u00e0n ph\u1ea7n, m\u1ea5t nhi\u1ec1u r\u0103ng, c\u00f3 mi\u1ebfng tr\u00e1m hay ph\u1ee5c h\u1ed3i kim lo\u1ea1i trong mi\u1ec7ng<\/strong><\/p>\n<ul>\n<li>Scan v\u1edbi m\u00e1ng h\u01b0\u1edbng d\u1eabn ch\u1ee5p film c\u00f3 g\u1eafn li\u1ec1n ch\u00ednh x\u00e1c v\u1edbi m\u1eabu h\u00e0m th\u1ea1ch cao.<\/li>\n<li>L\u01b0u \u00fd: trong tr\u01b0\u1eddng h\u1ee3p n\u00e0y, v\u1eadt li\u1ec7u l\u00e0m c\u00e1c \u0111i\u1ec3m c\u1ea3n quang ph\u1ea3i l\u00e0 h\u00ecnh c\u1ea7u, \u0111\u01b0\u1ee3c g\u1eafn l\u1ed3i ra tr\u00ean n\u1ec1n h\u00e0m.<\/li>\n<\/ul>\n<p>[\/vc_column_text][\/vc_column][vc_column width=&#8221;1\/2&#8243;][vc_single_image image=&#8221;236&#8243; img_size=&#8221;full&#8221; alignment=&#8221;center&#8221; el_class=&#8221;border_radi&#8221;][\/vc_column][\/vc_row][vc_row full_width=&#8221;stretch_row&#8221; css=&#8221;.vc_custom_1671098842531{padding-top: 30px !important;}&#8221; el_class=&#8221;order_col&#8221; animation_type=&#8221;fadeInUp&#8221;][vc_column width=&#8221;1\/2&#8243;][vc_column_text]<span style=\"color: #05889c;\"><strong>L\u00ean k\u1ebf ho\u1ea1ch<\/strong><\/span><\/p>\n<ul>\n<li>D\u1eef li\u1ec7u DICOM t\u1eeb CBCT v\u00e0 d\u1eef li\u1ec7u STL t\u1eeb m\u1eabu h\u00e0m<br \/>\nHo\u1eb7c d\u1eef li\u1ec7u DICOM t\u1eeb hai l\u1ea7n ch\u1ee5p CBCT : ch\u1ee5p b\u1ec7nh nh\u00e2n c\u00f3 m\u00e1ng v\u00e0 ch\u1ec9 ch\u1ee5p m\u00e1ng h\u01b0\u1edbng d\u1eabn ch\u1ee5p film.<\/li>\n<li>File d\u1eef li\u1ec7u \u0111\u01b0\u1ee3c t\u1ea3i l\u00ean iD-4Guide Center v\u00e0 k\u1ef9 thu\u1eadt vi\u00ean c\u1ee7a ch\u00fang t\u00f4i s\u1ebd l\u1eadp k\u1ebf ho\u1ea1ch \u0111i\u1ec1u tr\u1ecb cho c\u1ee7a b\u1ec7nh nh\u00e2n.<\/li>\n<li>T\u1eeb ng\u00e2n h\u00e0ng d\u1eef li\u1ec7u c\u1ee7a ph\u1ea7n m\u1ec1m t\u1ea1i trung t\u00e2m, ch\u00fang t\u00f4i c\u00f3 th\u1ec3 l\u00ean k\u1ebf ho\u1ea1ch v\u1ecb tr\u00ed, \u0111\u1ed9 s\u00e2u v\u00e0 g\u00f3c \u0111\u1ed9 c\u1ee7a t\u1eebng implant m\u00e0 Bs ch\u1ec9 \u0111\u1ecbnh, l\u1ef1a ch\u1ecdn \u0111\u00fang lo\u1ea1i abutment.<\/li>\n<li>Thi\u1ebft k\u1ebf m\u00e1ng HDPT v\u1edbi sleeve ph\u00f9 h\u1ee3p cho t\u1eebng b\u1ed9 kit ph\u1eabu thu\u1eadt m\u00e0<br \/>\nBs ch\u1ec9 \u0111\u1ecbnh.<\/li>\n<li>Bs s\u1ebd \u0111\u1ed3ng h\u00e0nh trong qu\u00e1 tr\u00ecnh l\u1eadp k\u1ebf ho\u1ea1ch \u0111i\u1ec1u tr\u1ecb, x\u00e1c \u0111\u1ecbnh v\u1ecb tr\u00ed implant, l\u1ef1a ch\u1ecdn h\u00ecnh th\u1ee9c ph\u1ee5c h\u00ecnh, Bs s\u1ebd x\u00e1c nh\u1eadn k\u1ebf ho\u1ea1ch \u0111i\u1ec1u tr\u1ecb tr\u01b0\u1edbc khi xu\u1ea5t file \u0111\u1ec3 l\u00e0m m\u00e1ng HDPT.<\/li>\n<\/ul>\n<p>[\/vc_column_text][\/vc_column][vc_column width=&#8221;1\/2&#8243;][vc_single_image image=&#8221;236&#8243; img_size=&#8221;full&#8221; alignment=&#8221;center&#8221; el_class=&#8221;border_radi&#8221;][\/vc_column][\/vc_row][vc_row full_width=&#8221;stretch_row&#8221; css=&#8221;.vc_custom_1671098849608{padding-top: 30px !important;background-color: #f1fafc !important;}&#8221; animation_type=&#8221;fadeInUp&#8221;][vc_column width=&#8221;1\/2&#8243;][vc_column_text]<span style=\"color: #05889c;\"><strong>In m\u00e1ng HDPT<\/strong><\/span><\/p>\n<ul>\n<li>Khi giai \u0111o\u1ea1n l\u00ean k\u1ebf ho\u1ea1ch ho\u00e0n t\u1ea5t v\u00e0 ch\u1ea5p thu\u1eadn, k\u1ebf ho\u1ea1ch \u0111i\u1ec1u tr\u1ecb v\u00e0 d\u1eef li\u1ec7u \u0111\u01b0\u1ee3c chuy\u1ec3n th\u00e0nh t\u1eadp tin STL \u0111\u1ec3 in m\u00e1ng h\u01b0\u1edbng d\u1eabn.<\/li>\n<li>K\u1ef9 thu\u1eadt vi\u00ean s\u1ebd c\u1eadp nh\u1eadt t\u1eadp tin v\u00e0 x\u00e1c nh\u1eadn r\u1eb1ng b\u00e1c s\u1ef9 \u0111i\u1ec1u tr\u1ecb \u0111\u00e3 x\u00e1c nh\u1eadn quy\u1ebft \u0111\u1ecbnh k\u1ebf ho\u1ea1ch \u0111i\u1ec1u tr\u1ecb v\u00e0 thi\u1ebft k\u1ebf m\u00e1ng HDPT ph\u1eabu thu\u1eadt cu\u1ed1i c\u00f9ng.<\/li>\n<li>Khi \u0111\u00e3 x\u00e1c nh\u1eadn, k\u1ef9 thu\u1eadt vi\u00ean s\u1ebd g\u1eedi t\u1eadp tin m\u00e1ng h\u01b0\u1edbng d\u1eabn ph\u1eabu thu\u1eadt cho m\u00e1y in 3D b\u1eb1ng v\u1eadt li\u1ec7u photopolymer resin (\u0111\u00e3 \u0111\u01b0\u1ee3c c\u00f4ng nh\u1eadn t\u00ednh t\u01b0\u01a1ng h\u1ee3p sinh h\u1ecdc).<\/li>\n<\/ul>\n<p>[\/vc_column_text][\/vc_column][vc_column width=&#8221;1\/2&#8243;][vc_single_image image=&#8221;244&#8243; img_size=&#8221;full&#8221; alignment=&#8221;center&#8221; el_class=&#8221;border_radi&#8221;][\/vc_column][\/vc_row][vc_row full_width=&#8221;stretch_row&#8221; css=&#8221;.vc_custom_1671098858145{padding-top: 30px !important;}&#8221; el_class=&#8221;order_col&#8221; animation_type=&#8221;fadeInUp&#8221;][vc_column width=&#8221;1\/2&#8243;][vc_column_text]<span style=\"color: #05889c;\"><strong>Ki\u1ec3m tra m\u00e1ng HDPT tr\u01b0\u1edbc khi c\u1ea5y implant.<\/strong><\/span><\/p>\n<ul>\n<li>Tr\u01b0\u1edbc khi ph\u1eabu thu\u1eadt \u0111\u1eb7t implant, b\u00e1c s\u1ef9 ph\u1eabu thu\u1eadt ki\u1ec3m tra b\u1eb1ng m\u1eaft m\u00e1ng h\u01b0\u1edbng d\u1eabn \u0111\u1ec3 x\u00e1c nh\u1eadn r\u1eb1ng n\u00f3 \u0111\u00fang nh\u01b0 thi\u1ebft k\u1ebf b\u00e1c s\u1ef9 \u0111\u00e3 duy\u1ec7t.<\/li>\n<li>Ki\u1ec3m tra m\u00e1ng c\u00f3 kh\u00edt s\u00e1t trong mi\u1ec7ng b\u1ec7nh nh\u00e2n.<\/li>\n<li>Ki\u1ec3m tra sleeve<\/li>\n<\/ul>\n<p>[\/vc_column_text][\/vc_column][vc_column width=&#8221;1\/2&#8243;][vc_single_image image=&#8221;246&#8243; img_size=&#8221;full&#8221; alignment=&#8221;center&#8221; el_class=&#8221;border_radi&#8221;][\/vc_column][\/vc_row][vc_row][vc_column][vc_text_separator title=&#8221;&#8221; color=&#8221;custom&#8221; style=&#8221;solid&#8221; accent_color=&#8221;#e0e0e0&#8243;][\/vc_column][\/vc_row]<\/p>\n","protected":false},"excerpt":{"rendered":"<p>[vc_row animation_type=&#8221;fadeInUp&#8221;][vc_column][vc_custom_heading text=&#8221;Quy tr\u00ecnh m\u1ed9t case l\u00e2m s\u00e0ng ch\u1ec9 \u0111\u1ecbnh ch\u1ee5p film CBCT v\u00e0 thi\u1ebft k\u1ebf m\u00e1ng h\u01b0\u1edbng d\u1eabn ph\u1eabu thu\u1eadt.&#8221; font_container=&#8221;tag:h2|text_align:center&#8221; use_theme_fonts=&#8221;yes&#8221; text_transform=&#8221;text-uppercase&#8221; el_class=&#8221;custom_heading heading_center&#8221;][vc_empty_space][vc_row_inner][vc_column_inner width=&#8221;1\/2&#8243;][vc_column_text]Ch\u1ee5p film CBCT \u0110\u1ec3 th\u1ef1c hi\u1ec7n 1 ca implant chu \u0111\u00e1o, ho\u00e0n ch\u1ec9nh, c\u00f3 th\u1ec3 chia b\u1ec7nh nh\u00e2n l\u00e0m hai nh\u00f3m: + Nh\u00f3m c\u1ea7n m\u00e1ng h\u01b0\u1edbng d\u1eabn ch\u1ee5p phim. [&hellip;]<\/p>\n","protected":false},"author":1,"featured_media":0,"parent":15,"menu_order":0,"comment_status":"closed","ping_status":"closed","template":"","meta":[],"_links":{"self":[{"href":"https:\/\/tech3.mypagedemo.com\/id4\/wp-json\/wp\/v2\/pages\/224"}],"collection":[{"href":"https:\/\/tech3.mypagedemo.com\/id4\/wp-json\/wp\/v2\/pages"}],"about":[{"href":"https:\/\/tech3.mypagedemo.com\/id4\/wp-json\/wp\/v2\/types\/page"}],"author":[{"embeddable":true,"href":"https:\/\/tech3.mypagedemo.com\/id4\/wp-json\/wp\/v2\/users\/1"}],"replies":[{"embeddable":true,"href":"https:\/\/tech3.mypagedemo.com\/id4\/wp-json\/wp\/v2\/comments?post=224"}],"version-history":[{"count":20,"href":"https:\/\/tech3.mypagedemo.com\/id4\/wp-json\/wp\/v2\/pages\/224\/revisions"}],"predecessor-version":[{"id":258,"href":"https:\/\/tech3.mypagedemo.com\/id4\/wp-json\/wp\/v2\/pages\/224\/revisions\/258"}],"up":[{"embeddable":true,"href":"https:\/\/tech3.mypagedemo.com\/id4\/wp-json\/wp\/v2\/pages\/15"}],"wp:attachment":[{"href":"https:\/\/tech3.mypagedemo.com\/id4\/wp-json\/wp\/v2\/media?parent=224"}],"curies":[{"name":"wp","href":"https:\/\/api.w.org\/{rel}","templated":true}]}}