{"id":108,"date":"2021-11-09T06:48:35","date_gmt":"2021-11-09T06:48:35","guid":{"rendered":"http:\/\/tech3.mypagedemo.com\/saprimco\/?page_id=108"},"modified":"2022-02-17T09:10:41","modified_gmt":"2022-02-17T09:10:41","slug":"cam-ket-voi-khach-hang","status":"publish","type":"page","link":"https:\/\/tech3.mypagedemo.com\/saprimco\/gioi-thieu\/cam-ket-voi-khach-hang\/","title":{"rendered":"Cam k\u1ebft v\u1edbi kh\u00e1ch h\u00e0ng"},"content":{"rendered":"<p>[vc_row][vc_column][vc_custom_heading text=&#8221;Cam k\u1ebft c\u1ee7a ch\u00fang t\u00f4i&#8221; font_container=&#8221;tag:h2|font_size:23|text_align:left|color:%23cd007a&#8221; use_theme_fonts=&#8221;yes&#8221; text_transform=&#8221;text-uppercase&#8221;][\/vc_column][\/vc_row][vc_row][vc_column width=&#8221;1\/2&#8243;]<div class=\"porto-sicon-box style_1 left-icon\"><div class=\"porto-sicon-left\"><div id=\"porto-icon-9415649386a04c999829c9\" class=\"porto-just-icon-wrapper\" style=\"text-align:center;\"><div class=\"porto-sicon-img \" style=\"display:inline-block;font-size: 100px;\"><img loading=\"lazy\" decoding=\"async\" class=\"img-icon\" alt=\"\" src=\"https:\/\/tech3.mypagedemo.com\/saprimco\/wp-content\/uploads\/2021\/11\/item-spr-1.png\" width=\"130\" height=\"130\" \/><\/div><\/div><\/div><div class=\"porto-sicon-body\"><div class=\"porto-sicon-header\"><h3 class=\"porto-sicon-title\" style=\"\">S\u1ea3n ph\u1ea9m ch\u1ea5t l\u01b0\u1ee3ng<\/h3><\/div> <!-- header --><div class=\"porto-sicon-description\" style=\"\">Ch\u00fang t\u00f4i theo \u0111u\u1ed5i m\u1ee5c ti\u00eau t\u1ea1o ra c\u00e1c s\u1ea3n ph\u1ea9m ch\u1ea5t l\u01b0\u1ee3ng b\u1eb1ng c\u00e1ch ki\u1ec3m so\u00e1t ch\u1eb7t ch\u1ebd t\u1eeb ngu\u1ed3n nguy\u00ean li\u1ec7u, h\u01b0\u1edbng \u0111\u1ebfn ph\u00e1t tri\u1ec3n b\u1ec1n v\u1eefng, kh\u00f4ng g\u00e2y \u0111\u1ed9c h\u1ea1i cho m\u00f4i tr\u01b0\u1eddng &amp; cho ng\u01b0\u1eddi s\u1eed d\u1ee5ng.<\/div> <!-- description --><\/div><\/div><!-- porto-sicon-box -->[\/vc_column][vc_column width=&#8221;1\/2&#8243;]<div class=\"porto-sicon-box style_1 left-icon\"><div class=\"porto-sicon-left\"><div id=\"porto-icon-11770453466a04c99983446\" class=\"porto-just-icon-wrapper\" style=\"text-align:center;\"><div class=\"porto-sicon-img \" style=\"display:inline-block;font-size: 100px;\"><img loading=\"lazy\" decoding=\"async\" class=\"img-icon\" alt=\"\" src=\"https:\/\/tech3.mypagedemo.com\/saprimco\/wp-content\/uploads\/2021\/11\/item-spr-3.png\" width=\"130\" height=\"130\" \/><\/div><\/div><\/div><div class=\"porto-sicon-body\"><div class=\"porto-sicon-header\"><h3 class=\"porto-sicon-title\" style=\"\">Giao h\u00e0ng nhanh ch\u00f3ng<\/h3><\/div> <!-- header --><div class=\"porto-sicon-description\" style=\"\">Nh\u00e0 m\u00e1y t\u1ea1i Long An v\u1edbi c\u00f4ng su\u1ea5t 1.000 t\u1ea5n m\u1ef1c\/ n\u0103m, s\u1ea3n xu\u1ea5t ch\u1ee7 \u0111\u1ed9ng c\u00f3 th\u1ec3 \u0111\u00e1p \u1ee9ng ngay c\u1ea3 nh\u1eefng \u0111\u01a1n h\u00e0ng g\u1ea5p.<\/div> <!-- description --><\/div><\/div><!-- porto-sicon-box -->[\/vc_column][\/vc_row][vc_row][vc_column width=&#8221;1\/2&#8243;]<div class=\"porto-sicon-box style_1 left-icon\"><div class=\"porto-sicon-left\"><div id=\"porto-icon-21005714746a04c99983e2e\" class=\"porto-just-icon-wrapper\" style=\"text-align:center;\"><div class=\"porto-sicon-img \" style=\"display:inline-block;font-size: 100px;\"><img loading=\"lazy\" decoding=\"async\" class=\"img-icon\" alt=\"\" src=\"https:\/\/tech3.mypagedemo.com\/saprimco\/wp-content\/uploads\/2021\/11\/item-spr-2.png\" width=\"130\" height=\"130\" \/><\/div><\/div><\/div><div class=\"porto-sicon-body\"><div class=\"porto-sicon-header\"><h3 class=\"porto-sicon-title\" style=\"\">Gi\u00e1 th\u00e0nh h\u1ee3p l\u00fd<\/h3><\/div> <!-- header --><div class=\"porto-sicon-description\" style=\"\">Ch\u00ednh s\u00e1ch gi\u00e1 c\u1ea1nh tranh, d\u1ecbch v\u1ee5 h\u1ed7 tr\u1ee3 t\u1eadn t\u00ecnh &amp; s\u1ea3n ph\u1ea9m \u01b0u vi\u1ec7t v\u1ec1 t\u00ednh n\u0103ng nh\u1eb1m gi\u1ea3m c\u00e1c hao ph\u00ed kh\u00f4ng c\u1ea7n thi\u1ebft, gi\u00fap kh\u00e1ch h\u00e0ng t\u1ed1i \u01b0u h\u00f3a chi ph\u00ed s\u1ea3n xu\u1ea5t.<\/div> <!-- description --><\/div><\/div><!-- porto-sicon-box -->[\/vc_column][vc_column width=&#8221;1\/2&#8243;]<div class=\"porto-sicon-box style_1 left-icon\"><div class=\"porto-sicon-left\"><div id=\"porto-icon-16716033166a04c99984848\" class=\"porto-just-icon-wrapper\" style=\"text-align:center;\"><div class=\"porto-sicon-img \" style=\"display:inline-block;font-size: 100px;\"><img loading=\"lazy\" decoding=\"async\" class=\"img-icon\" alt=\"\" src=\"https:\/\/tech3.mypagedemo.com\/saprimco\/wp-content\/uploads\/2021\/11\/item-spr-4.png\" width=\"130\" height=\"130\" \/><\/div><\/div><\/div><div class=\"porto-sicon-body\"><div class=\"porto-sicon-header\"><h3 class=\"porto-sicon-title\" style=\"\">\u0110\u00e1p \u1ee9ng nhu c\u1ea7u<\/h3><\/div> <!-- header --><div class=\"porto-sicon-description\" style=\"\">S\u1eb5n s\u00e0ng t\u01b0 v\u1ea5n &amp; th\u1ef1c hi\u1ec7n c\u00e1c m\u00e0u m\u1ef1c \u0111\u1eb7c bi\u1ec7t theo y\u00eau c\u1ea7u c\u1ee7a Kh\u00e1ch h\u00e0ng.<\/div> <!-- description --><\/div><\/div><!-- porto-sicon-box -->[\/vc_column][\/vc_row]<\/p>\n","protected":false},"excerpt":{"rendered":"<p>[vc_row][vc_column][vc_custom_heading text=&#8221;Cam k\u1ebft c\u1ee7a ch\u00fang t\u00f4i&#8221; font_container=&#8221;tag:h2|font_size:23|text_align:left|color:%23cd007a&#8221; use_theme_fonts=&#8221;yes&#8221; text_transform=&#8221;text-uppercase&#8221;][\/vc_column][\/vc_row][vc_row][vc_column width=&#8221;1\/2&#8243;][\/vc_column][vc_column width=&#8221;1\/2&#8243;][\/vc_column][\/vc_row][vc_row][vc_column width=&#8221;1\/2&#8243;][\/vc_column][vc_column width=&#8221;1\/2&#8243;][\/vc_column][\/vc_row]<\/p>\n","protected":false},"author":1,"featured_media":0,"parent":8,"menu_order":0,"comment_status":"closed","ping_status":"closed","template":"","meta":{"footnotes":""},"class_list":["post-108","page","type-page","status-publish","hentry"],"_links":{"self":[{"href":"https:\/\/tech3.mypagedemo.com\/saprimco\/wp-json\/wp\/v2\/pages\/108","targetHints":{"allow":["GET"]}}],"collection":[{"href":"https:\/\/tech3.mypagedemo.com\/saprimco\/wp-json\/wp\/v2\/pages"}],"about":[{"href":"https:\/\/tech3.mypagedemo.com\/saprimco\/wp-json\/wp\/v2\/types\/page"}],"author":[{"embeddable":true,"href":"https:\/\/tech3.mypagedemo.com\/saprimco\/wp-json\/wp\/v2\/users\/1"}],"replies":[{"embeddable":true,"href":"https:\/\/tech3.mypagedemo.com\/saprimco\/wp-json\/wp\/v2\/comments?post=108"}],"version-history":[{"count":8,"href":"https:\/\/tech3.mypagedemo.com\/saprimco\/wp-json\/wp\/v2\/pages\/108\/revisions"}],"predecessor-version":[{"id":374,"href":"https:\/\/tech3.mypagedemo.com\/saprimco\/wp-json\/wp\/v2\/pages\/108\/revisions\/374"}],"up":[{"embeddable":true,"href":"https:\/\/tech3.mypagedemo.com\/saprimco\/wp-json\/wp\/v2\/pages\/8"}],"wp:attachment":[{"href":"https:\/\/tech3.mypagedemo.com\/saprimco\/wp-json\/wp\/v2\/media?parent=108"}],"curies":[{"name":"wp","href":"https:\/\/api.w.org\/{rel}","templated":true}]}}