{"id":147,"date":"2021-11-16T03:41:44","date_gmt":"2021-11-16T03:41:44","guid":{"rendered":"http:\/\/tech3.mypagedemo.com\/saprimco\/?page_id=147"},"modified":"2022-02-18T09:26:18","modified_gmt":"2022-02-18T09:26:18","slug":"vat-tu-in","status":"publish","type":"page","link":"https:\/\/tech3.mypagedemo.com\/saprimco\/vat-tu\/vat-tu-in\/","title":{"rendered":"V\u1eadt t\u01b0 in"},"content":{"rendered":"<p>[vc_row][vc_column width=&#8221;1\/2&#8243;][vc_single_image image=&#8221;223&#8243; img_size=&#8221;full&#8221; alignment=&#8221;center&#8221; label=&#8221;&#8221;][\/vc_column][vc_column width=&#8221;1\/2&#8243;][vc_custom_heading text=&#8221;CAO SU PHOENIX&#8221; font_container=&#8221;tag:h2|font_size:24|text_align:left|color:%23cd007a&#8221; use_theme_fonts=&#8221;yes&#8221; text_transform=&#8221;text-uppercase&#8221; el_class=&#8221;m-b-sm&#8221;][vc_column_text]Nh\u00e0 s\u1ea3n xu\u1ea5t: PHOENIX \u2013 \u0110\u1ee8C<\/p>\n<ul>\n<li>Ch\u1ea5t l\u01b0\u1ee3ng \u1ed5n \u0111\u1ecbnh v\u1edbi \u0111\u1ed9 ch\u1ecbu n\u00e9n t\u1ed1t v\u00e0 \u0111\u1ed9 b\u1ec1n cao<\/li>\n<li>S\u1ea3n ph\u1ea9m \u0111a d\u1ea1ng v\u1edbi nhi\u1ec1u \u1ee9ng d\u1ee5ng kh\u00e1c nhau nh\u01b0: In l\u1ecbch, tranh \u1ea3nh, t\u1ea1p ch\u00ed, nh\u00e3n h\u00e0ng: in bao b\u00ec, in tr\u00ean kim lo\u1ea1i, in UV ho\u1eb7c tr\u00e1ng ph\u1ee7. \u0110\u1eb7c bi\u1ec7t cao su N\u1eb8P ph\u1ee5c v\u1ee5 cho c\u00e1c m\u00e1y in cu\u1ed9n.<\/li>\n<li>Th\u00edch h\u1ee3p cho m\u1ef1c th\u01b0\u1eddng, m\u1ef1c hybrid v\u00e0 c\u1ea3 m\u1ef1c UV\u2026<\/li>\n<li>C\u00f3 nhi\u1ec1u k\u00edch c\u1ee1 kh\u00e1c nhau, ph\u00f9 h\u1ee3p v\u1edbi c\u00e1c lo\u1ea1i m\u00e1y in.<\/li>\n<\/ul>\n<p><strong>\u0110\u1eb7c \u0111i\u1ec3m:<\/strong><\/p>\n<ul>\n<li>\u0110\u1ed9 d\u00e0y: 1.96mm<\/li>\n<li>M\u00e0u s\u1eafc b\u1ec1 m\u1eb7t: xanh d\u01b0\u01a1ng<\/li>\n<li>C\u1ea5u t\u1ea1o hai l\u1edbp n\u00e9n h\u00e0i h\u00f2a<\/li>\n<\/ul>\n<p>[\/vc_column_text][\/vc_column][\/vc_row][vc_row][vc_column width=&#8221;1\/2&#8243;][vc_single_image image=&#8221;224&#8243; img_size=&#8221;full&#8221; alignment=&#8221;center&#8221; label=&#8221;&#8221;][\/vc_column][vc_column width=&#8221;1\/2&#8243;][vc_custom_heading text=&#8221;B\u1ea2N K\u1ebcM: PS, CTP&#8221; font_container=&#8221;tag:h2|font_size:24|text_align:left|color:%23cd007a&#8221; use_theme_fonts=&#8221;yes&#8221; text_transform=&#8221;text-uppercase&#8221; el_class=&#8221;m-b-sm&#8221;][vc_column_text]Nh\u00e0 s\u1ea3n xu\u1ea5t: Tiancheng Trung Qu\u1ed1c<\/p>\n<ul>\n<li>\u0110\u1ebf nh\u00f4m \u0111\u01b0\u1ee3c s\u1ea3n xu\u1ea5t theo ti\u00eau chu\u1ea9n ch\u00e2u \u00c2u, c\u00f3 \u0111\u1ed9 d\u00e0y \u0111\u1ed3ng nh\u1ea5t v\u00e0 \u0111\u1ed9 tinh khi\u1ebft cao.<\/li>\n<li>L\u1edbp tr\u00e1ng ph\u1ee7 \u0111\u1ed3ng \u0111\u1ec1u<\/li>\n<li>D\u1ec5 ph\u01a1i v\u00e0 hi\u1ec7n h\u00ecnh b\u1eb1ng m\u00e1y ho\u1eb7c th\u1ee7 c\u00f4ng<\/li>\n<li>Tu\u1ed5i th\u1ecd cao<\/li>\n<li>Truy\u1ec1n h\u00ecnh \u1ea3nh v\u00e0 m\u00e0u s\u1eafc trung th\u1ef1c<\/li>\n<li>K\u00edch th\u01b0\u1edbc \u0111a d\u1ea1ng.<\/li>\n<li>B\u1ea3o qu\u1ea3n n\u01a1i kh\u00f4 r\u00e1o, tho\u00e1ng m\u00e1t.<\/li>\n<\/ul>\n<p><strong>Quy c\u00e1ch \u0111\u00f3ng g\u00f3i:\u00a0<\/strong>50 l\u00e1\/ h\u1ed9p[\/vc_column_text][\/vc_column][\/vc_row][vc_row][vc_column width=&#8221;1\/2&#8243;][vc_single_image image=&#8221;225&#8243; img_size=&#8221;full&#8221; alignment=&#8221;center&#8221; label=&#8221;&#8221;][\/vc_column][vc_column width=&#8221;1\/2&#8243;][vc_custom_heading text=&#8221;V\u1eacT T\u01af KH\u00c1C&#8221; font_container=&#8221;tag:h2|font_size:24|text_align:left|color:%23cd007a&#8221; use_theme_fonts=&#8221;yes&#8221; text_transform=&#8221;text-uppercase&#8221; el_class=&#8221;m-b-sm&#8221;][vc_column_text]1. B\u00f4ng \u0111\u00e1: nh\u1eadp kh\u1ea9u t\u1eeb \u0110\u1ee9c. Quy c\u00e1ch \u0111\u00f3ng g\u00f3i: 10<br \/>\nmi\u1ebfng\/ b\u00f3<\/p>\n<p>2. N\u1ec9 l\u00f4: nh\u1eadp kh\u1ea9u t\u1eeb HongKong. Quy c\u00e1ch \u0111\u00f3ng g\u00f3i<br \/>\n25m\/ th\u00f9ng.<\/p>\n<p>3. Dao l\u1ea5y m\u1ef1c: nh\u1eadp kh\u1ea9u t\u1eeb HongKong. Quy c\u00e1ch<br \/>\n\u0111\u00f3ng g\u00f3i 4 c\u00e1i\/ h\u1ed9p.<\/p>\n<p>4. Thu\u1ed1c t\u1ea9y b\u1ea3n: nh\u1eadp kh\u1ea9u t\u1eeb \u0110\u1ee9c. Quy c\u00e1ch \u0111\u00f3ng<br \/>\ng\u00f3i: 16 l\u1ecd\/ th\u00f9ng[\/vc_column_text][\/vc_column][\/vc_row][vc_row][vc_column]<div id=\"porto-carousel-9423481966a04c96f0e5a4\" class=\"porto-carousel-wrapper  \" data-gutter=\"15\" data-rtl=\"false\" ><div class=\"porto-ultimate-carousel porto-carousel-19428681116a04c96f0e553 \" >[vc_btn title=&#8221;Li\u00ean h\u1ec7 \u0111\u1ec3 \u0111\u01b0\u1ee3c t\u01b0 v\u1ea5n th\u00eam&#8221; style=&#8221;custom&#8221; custom_text=&#8221;#666666&#8243; shape=&#8221;rounded&#8221; link=&#8221;url:http%3A%2F%2Ftech3.mypagedemo.com%2Fsaprimco%2Flien-he%2F&#8221; el_class=&#8221;btn_custom&#8221;]<\/div><\/div><script>\n\tjQuery(document).ready(function ($) {\n\t\tif ($.fn.slick) {\n\t\t\t$('.porto-carousel-19428681116a04c96f0e553').slick({dots: true,autoplay: true,autoplaySpeed: 5000,speed: 300,infinite: true,arrows: true,nextArrow: '<button type=\"button\" role=\"button\" aria-label=\"Next\" style=\"color:#333333; font-size:20px;\" class=\"slick-next default\"><i class=\"fas fa-chevron-right\"><\/i><\/button>',prevArrow: '<button type=\"button\" role=\"button\" aria-label=\"Previous\" style=\"color:#333333; font-size:20px;\" class=\"slick-prev default\"><i class=\"fas fa-chevron-left\"><\/i><\/button>',slidesToScroll:7,slidesToShow:7,swipe: true,draggable: true,touchMove: true,pauseOnHover: true,responsive: [\n\t\t\t\t{\n\t\t\t\t  breakpoint: 1025,\n\t\t\t\t  settings: {\n\t\t\t\t\tslidesToShow: 7,\n\t\t\t\t\tslidesToScroll: 7,  \n\t\t\t\t  }\n\t\t\t\t},\n\t\t\t\t{\n\t\t\t\t  breakpoint: 769,\n\t\t\t\t  settings: {\n\t\t\t\t\tslidesToShow: 4,\n\t\t\t\t\tslidesToScroll: 4\n\t\t\t\t  }\n\t\t\t\t},\n\t\t\t\t{\n\t\t\t\t  breakpoint: 481,\n\t\t\t\t  settings: {\n\t\t\t\t\tslidesToShow: 3,\n\t\t\t\t\tslidesToScroll: 3\n\t\t\t\t  }\n\t\t\t\t}\n\t\t\t],pauseOnDotsHover: true,customPaging: function(slider, i) {\n\t   return '<i type=\"button\" style=\"color:#333333;\" class=\"far fa-circle\" data-role=\"none\"><\/i>';\n\t},});\n\t\t} else {\n\t\t\tvar c = document.createElement(\"script\");\n\t\t\tc.src = \"\";\n\t\t\tif (!$('script[src=\"' + c.src + '\"]').length) {\n\t\t\t\tdocument.getElementsByTagName(\"body\")[0].appendChild(c);\n\t\t\t}\n\t\t\tc = document.createElement(\"script\");\n\t\t\tc.src = \"\";\n\t\t\tif (!$('script[src=\"' + c.src + '\"]').length) {\n\t\t\t\tdocument.getElementsByTagName(\"body\")[0].appendChild(c);\n\t\t\t}\n\t\t\tsetTimeout(function() {\n\t\t\t\tif ($.fn.slick) { $('.porto-carousel-19428681116a04c96f0e553').slick({dots: true,autoplay: true,autoplaySpeed: 5000,speed: 300,infinite: true,arrows: true,nextArrow: '<button type=\"button\" role=\"button\" aria-label=\"Next\" style=\"color:#333333; font-size:20px;\" class=\"slick-next default\"><i class=\"fas fa-chevron-right\"><\/i><\/button>',prevArrow: '<button type=\"button\" role=\"button\" aria-label=\"Previous\" style=\"color:#333333; font-size:20px;\" class=\"slick-prev default\"><i class=\"fas fa-chevron-left\"><\/i><\/button>',slidesToScroll:7,slidesToShow:7,swipe: true,draggable: true,touchMove: true,pauseOnHover: true,responsive: [\n\t\t\t\t{\n\t\t\t\t  breakpoint: 1025,\n\t\t\t\t  settings: {\n\t\t\t\t\tslidesToShow: 7,\n\t\t\t\t\tslidesToScroll: 7,  \n\t\t\t\t  }\n\t\t\t\t},\n\t\t\t\t{\n\t\t\t\t  breakpoint: 769,\n\t\t\t\t  settings: {\n\t\t\t\t\tslidesToShow: 4,\n\t\t\t\t\tslidesToScroll: 4\n\t\t\t\t  }\n\t\t\t\t},\n\t\t\t\t{\n\t\t\t\t  breakpoint: 481,\n\t\t\t\t  settings: {\n\t\t\t\t\tslidesToShow: 3,\n\t\t\t\t\tslidesToScroll: 3\n\t\t\t\t  }\n\t\t\t\t}\n\t\t\t],pauseOnDotsHover: true,customPaging: function(slider, i) {\n\t   return '<i type=\"button\" style=\"color:#333333;\" class=\"far fa-circle\" data-role=\"none\"><\/i>';\n\t},}); }\n\t\t\t}, 300);\n\t\t}\n\t});\n<\/script>\n[\/vc_column][\/vc_row]<\/p>\n","protected":false},"excerpt":{"rendered":"<p>[vc_row][vc_column width=&#8221;1\/2&#8243;][vc_single_image image=&#8221;223&#8243; img_size=&#8221;full&#8221; alignment=&#8221;center&#8221; label=&#8221;&#8221;][\/vc_column][vc_column width=&#8221;1\/2&#8243;][vc_custom_heading text=&#8221;CAO SU PHOENIX&#8221; font_container=&#8221;tag:h2|font_size:24|text_align:left|color:%23cd007a&#8221; use_theme_fonts=&#8221;yes&#8221; text_transform=&#8221;text-uppercase&#8221; el_class=&#8221;m-b-sm&#8221;][vc_column_text]Nh\u00e0 s\u1ea3n xu\u1ea5t: PHOENIX \u2013 \u0110\u1ee8C Ch\u1ea5t l\u01b0\u1ee3ng \u1ed5n \u0111\u1ecbnh v\u1edbi \u0111\u1ed9 ch\u1ecbu n\u00e9n t\u1ed1t v\u00e0 \u0111\u1ed9 b\u1ec1n cao S\u1ea3n ph\u1ea9m \u0111a d\u1ea1ng v\u1edbi nhi\u1ec1u \u1ee9ng d\u1ee5ng kh\u00e1c nhau nh\u01b0: In l\u1ecbch, tranh \u1ea3nh, t\u1ea1p ch\u00ed, nh\u00e3n h\u00e0ng: in bao b\u00ec, in [&hellip;]<\/p>\n","protected":false},"author":1,"featured_media":0,"parent":12,"menu_order":0,"comment_status":"closed","ping_status":"closed","template":"","meta":{"footnotes":""},"class_list":["post-147","page","type-page","status-publish","hentry"],"_links":{"self":[{"href":"https:\/\/tech3.mypagedemo.com\/saprimco\/wp-json\/wp\/v2\/pages\/147","targetHints":{"allow":["GET"]}}],"collection":[{"href":"https:\/\/tech3.mypagedemo.com\/saprimco\/wp-json\/wp\/v2\/pages"}],"about":[{"href":"https:\/\/tech3.mypagedemo.com\/saprimco\/wp-json\/wp\/v2\/types\/page"}],"author":[{"embeddable":true,"href":"https:\/\/tech3.mypagedemo.com\/saprimco\/wp-json\/wp\/v2\/users\/1"}],"replies":[{"embeddable":true,"href":"https:\/\/tech3.mypagedemo.com\/saprimco\/wp-json\/wp\/v2\/comments?post=147"}],"version-history":[{"count":5,"href":"https:\/\/tech3.mypagedemo.com\/saprimco\/wp-json\/wp\/v2\/pages\/147\/revisions"}],"predecessor-version":[{"id":394,"href":"https:\/\/tech3.mypagedemo.com\/saprimco\/wp-json\/wp\/v2\/pages\/147\/revisions\/394"}],"up":[{"embeddable":true,"href":"https:\/\/tech3.mypagedemo.com\/saprimco\/wp-json\/wp\/v2\/pages\/12"}],"wp:attachment":[{"href":"https:\/\/tech3.mypagedemo.com\/saprimco\/wp-json\/wp\/v2\/media?parent=147"}],"curies":[{"name":"wp","href":"https:\/\/api.w.org\/{rel}","templated":true}]}}