{"id":149,"date":"2021-11-16T03:41:59","date_gmt":"2021-11-16T03:41:59","guid":{"rendered":"http:\/\/tech3.mypagedemo.com\/saprimco\/?page_id=149"},"modified":"2022-02-22T08:40:20","modified_gmt":"2022-02-22T08:40:20","slug":"hoa-chat-in","status":"publish","type":"page","link":"https:\/\/tech3.mypagedemo.com\/saprimco\/vat-tu\/hoa-chat-in\/","title":{"rendered":"H\u00f3a ch\u1ea5t in"},"content":{"rendered":"<p>[vc_row][vc_column width=&#8221;1\/2&#8243;][vc_single_image image=&#8221;228&#8243; img_size=&#8221;full&#8221; alignment=&#8221;center&#8221; label=&#8221;&#8221;][\/vc_column][vc_column width=&#8221;1\/2&#8243;][vc_custom_heading text=&#8221;G\u00d4M B\u1ea2N IN GUMMIN PP-1006&#8243; font_container=&#8221;tag:h2|font_size:24|text_align:left|color:%23cd007a&#8221; use_theme_fonts=&#8221;yes&#8221; text_transform=&#8221;text-uppercase&#8221; el_class=&#8221;m-b-sm&#8221;][vc_column_text]Nh\u00e0 s\u1ea3n xu\u1ea5t: DSC Fujifilm Nh\u1eadt<\/p>\n<ul>\n<li>L\u00e0 dung d\u1ecbch b\u1ea3o v\u1ec7 cho t\u1ea5t c\u1ea3 c\u00e1c l\u1ea1i b\u1ea3n in offset.<\/li>\n<li>S\u1eed d\u1ee5ng d\u1ec5 d\u00e0ng, tr\u1ea3i \u0111\u1ec1u tr\u00ean to\u00e0n b\u1ea3n in v\u00e0 kh\u00f4ng \u0111\u1ec3 l\u1ea1i c\u00e1c v\u1ebft\/ \u0111\u01b0\u1eddng s\u1ecdc.<\/li>\n<li>C\u00e1c v\u00f9ng kh\u00f4ng h\u00ecnh \u1ea3nh tr\u00ean b\u1ea3n in s\u1ebd \u0111\u01b0\u1ee3c b\u1ea3o v\u1ec7 ch\u1ed1ng l\u1ea1i s\u1ef1 oxy h\u00f3a trong qu\u00e1 tr\u00ecnh l\u01b0u gi\u1eef ng\u1eafn v\u00e0 d\u00e0i h\u1ea1n, v\u00e0 trong nh\u1eefng l\u00fac ng\u1eebng m\u00e1y in l\u00e2u.<\/li>\n<\/ul>\n<p><strong>Quy c\u00e1ch \u0111\u00f3ng g\u00f3i:<\/strong> Can 5 l\u00edt \u2013 4 can\/ th\u00f9ng carton[\/vc_column_text][\/vc_column][\/vc_row][vc_row][vc_column width=&#8221;1\/2&#8243;][vc_single_image image=&#8221;230&#8243; img_size=&#8221;full&#8221; alignment=&#8221;center&#8221; label=&#8221;&#8221;][\/vc_column][vc_column width=&#8221;1\/2&#8243;][vc_custom_heading text=&#8221;DUNG D\u1ecaCH N\u01af\u1edaC M\u00c1NG M\u00c1Y IN CU\u1ed8N NEWSFOUNT<br \/>\nPLUS 1388&#8243; font_container=&#8221;tag:h2|font_size:24|text_align:left|color:%23cd007a&#8221; use_theme_fonts=&#8221;yes&#8221; text_transform=&#8221;text-uppercase&#8221; el_class=&#8221;m-b-sm&#8221;][vc_column_text]Nh\u00e0 s\u1ea3n xu\u1ea5t: DSC Fujifilm Nh\u1eadt<\/p>\n<ul>\n<li>L\u00e0 dung d\u1ecbch l\u00e0m \u1ea9m \u0111\u01b0\u1ee3c s\u1ea3n xu\u1ea5t ph\u00f9 h\u1ee3p v\u1edbi c\u00e1c m\u00e1y in cu\u1ed9n t\u1ed1c \u0111\u1ed9 cao (c\u1ea3 heat-set &amp; cold-set), b\u00ean c\u1ea1nh \u0111\u00f3, v\u1eabn s\u1eed d\u1ee5ng t\u1ed1t tr\u00ean c\u00e1c m\u00e1y in t\u1edd r\u1eddi.<\/li>\n<li>Ph\u00f9 h\u1ee3p v\u1edbi t\u1ea5t c\u1ea3 c\u00e1c l\u1ea1i b\u1ea3n k\u1ebdm &amp; v\u1edbi c\u00e1c h\u1ec7 th\u1ed1ng l\u00e0m \u1ea9m tr\u00ean c\u00e1c ch\u1ee7ng m\u00e1y in cu\u1ed9n.<\/li>\n<\/ul>\n<p><strong>Quy c\u00e1ch \u0111\u00f3ng g\u00f3i:<\/strong>Can nh\u1ef1a 25kg.[\/vc_column_text][\/vc_column][\/vc_row][vc_row][vc_column width=&#8221;1\/2&#8243;][vc_single_image image=&#8221;231&#8243; img_size=&#8221;full&#8221; alignment=&#8221;center&#8221; label=&#8221;&#8221;][\/vc_column][vc_column width=&#8221;1\/2&#8243;][vc_custom_heading text=&#8221;DUNG D\u1ecaCH N\u01af\u1edaC M\u00c1NG M\u00c1Y IN T\u1edc R\u1edcI ACEDIN D&#8221; font_container=&#8221;tag:h2|font_size:24|text_align:left|color:%23cd007a&#8221; use_theme_fonts=&#8221;yes&#8221; text_transform=&#8221;text-uppercase&#8221; el_class=&#8221;m-b-sm&#8221;][vc_column_text]Nh\u00e0 s\u1ea3n xu\u1ea5t: DSC Fujifilm Nh\u1eadt<\/p>\n<ul>\n<li>Acedin D l\u00e0 dung d\u1ecbch l\u00e0m \u1ea9m d\u00f9ng cho m\u00e1y in offset t\u1edd r\u1eddi, ph\u00f9 h\u1ee3p cho m\u00e1y c\u00f3 t\u1ed1c \u0111\u1ed9 cao, m\u00e1y c\u00f3 h\u1ec7 th\u1ed1ng l\u00e0m \u1ea9m b\u1eb1ng c\u1ed3n ho\u1eb7c lo\u1ea1i th\u00f4ng th\u01b0\u1eddng.<\/li>\n<li>Ho\u1ea1t \u0111\u1ed9ng r\u1ea5t t\u1ed1t v\u1edbi c\u1ea3 m\u1ef1c in th\u00f4ng th\u01b0\u1eddng v\u00e0 m\u1ef1c UV.<\/li>\n<li>L\u00e0 s\u1ea3n ph\u1ea9m an to\u00e0n khi s\u1eed d\u1ee5ng, kh\u00f4ng ch\u1ee9a \u0111\u1ed9c ch\u1ea5t v\u00e0 dung m\u00f4i nguy hi\u1ec3m d\u1ec5 bay h\u01a1i, kh\u00f4ng g\u00e2y ch\u00e1y v\u00e0 ho\u00e0n to\u00e0n ph\u00e2n h\u1ee7y sinh h\u1ecdc.<\/li>\n<\/ul>\n<p><strong>Quy c\u00e1ch \u0111\u00f3ng g\u00f3i: <\/strong>can nh\u1ef1a 5kg \u2013 4 can\/ th\u00f9ng carton.[\/vc_column_text][\/vc_column][\/vc_row][vc_row][vc_column width=&#8221;1\/2&#8243;][vc_single_image image=&#8221;232&#8243; img_size=&#8221;full&#8221; alignment=&#8221;center&#8221; label=&#8221;&#8221;][\/vc_column][vc_column width=&#8221;1\/2&#8243;][vc_custom_heading text=&#8221;DUNG D\u1ecaCH N\u01af\u1edaC M\u00c1NG M\u00c1Y IN T\u1edc R\u1edcI STABILAT<br \/>\nPR2105&#8243; font_container=&#8221;tag:h2|font_size:24|text_align:left|color:%23cd007a&#8221; use_theme_fonts=&#8221;yes&#8221; text_transform=&#8221;text-uppercase&#8221; el_class=&#8221;m-b-sm&#8221;][vc_column_text]Nh\u00e0 s\u1ea3n xu\u1ea5t: DSC Fujifilm Nh\u1eadt<\/p>\n<ul>\n<li>L\u00e0 dung d\u1ecbch l\u00e0m \u1ea9m chuy\u00ean d\u00f9ng cho m\u00e1y in offset t\u1edd r\u1eddi.<\/li>\n<li>\u0110\u01b0\u1ee3c s\u1ea3n xu\u1ea5t theo c\u00f4ng th\u1ee9c ph\u00f9 h\u1ee3p cho m\u00e1y c\u00f3 t\u1ed1c \u0111\u1ed9 cao, m\u00e1y c\u00f3 h\u1ec7 th\u1ed1ng l\u00e0m \u1ea9m b\u1eb1ng c\u1ed3n ho\u1eb7c l\u00e0m \u1ea9m th\u00f4ng th\u01b0\u1eddng.<\/li>\n<li>Th\u00edch h\u1ee3p v\u1edbi t\u1ea5t c\u1ea3 c\u00e1c lo\u1ea1i b\u1ea3n k\u1ebdm v\u00e0 c\u00e1c h\u1ec7 th\u1ed1ng l\u00e0m \u1ea7m tr\u00ean c\u00e1c ch\u1ee7ng lo\u1ea1i m\u00e1y in t\u1edd r\u1eddi.<\/li>\n<li>S\u1ea3n ph\u1ea9m \u0111\u01b0\u1ee3c FOGRA ch\u1ee9ng nh\u1eadn \u00edt g\u00e2y r\u1ec9 v\u00e0 \u0111\u00e3 \u0111\u01b0\u1ee3c ki\u1ec3m nghi\u1ec7m ch\u1ea5t l\u01b0\u1ee3ng b\u1edfi c\u00e1c nh\u00e0 cung c\u1ea5p m\u00e1y in n\u1ed5i ti\u1ebfng nh\u01b0 Man Roland, Koenig &amp; Bauer GA (KBA), Heidelberga,\u2026<\/li>\n<\/ul>\n<p><strong>Quy c\u00e1ch \u0111\u00f3ng g\u00f3i:<\/strong>Can nh\u1ef1a 5kg \u2013 4 can\/ th\u00f9ng carton.[\/vc_column_text][\/vc_column][\/vc_row][vc_row][vc_column width=&#8221;1\/2&#8243;][vc_single_image image=&#8221;233&#8243; img_size=&#8221;full&#8221; alignment=&#8221;center&#8221; label=&#8221;&#8221;][\/vc_column][vc_column width=&#8221;1\/2&#8243;][vc_custom_heading text=&#8221;DUNG D\u1ecaCH R\u1eecA L\u00d4 &amp; CAO SU UNIWASH PR-2088&#8243; font_container=&#8221;tag:h2|font_size:24|text_align:left|color:%23cd007a&#8221; use_theme_fonts=&#8221;yes&#8221; text_transform=&#8221;text-uppercase&#8221; el_class=&#8221;m-b-sm&#8221;][vc_column_text]Nh\u00e0 s\u1ea3n xu\u1ea5t: DSC Fujifilm Nh\u1eadt<\/p>\n<ul>\n<li>L\u00e0 dung d\u1ecbch r\u1eeda l\u00f4 &amp; cao su c\u00f3 th\u1ec3 h\u00f2a l\u1eabn v\u1edbi n\u01b0\u1edbc, d\u00f9ng cho c\u1ea3 m\u00e1y in offset cu\u1ed9n &amp; t\u1edd r\u1eddi.<\/li>\n<li>C\u00f3 ch\u1ee9a Aromatic Hydrocarbon, r\u1ea5t kinh t\u1ebf khi s\u1eed d\u1ee5ng.<\/li>\n<li>S\u1ea3n ph\u1ea7m kh\u00f4ng ch\u1ee9a CFC, c\u00f3 th\u1ec3 d\u00f9ng nh\u01b0 ch\u1ea5t thay th\u1ebf an to\u00e0n h\u01a1n cho c\u00e1c ch\u1ea5t r\u1eeda truy\u1ec1n th\u1ed1ng (d\u1ea7u h\u00f4i, chlorinated hydrocarbon,\u2026)<\/li>\n<\/ul>\n<p><strong>Quy c\u00e1ch \u0111\u00f3ng g\u00f3i: <\/strong>Can thi\u1ebfc 20 l\u00edt.[\/vc_column_text][\/vc_column][\/vc_row][vc_row][vc_column width=&#8221;1\/2&#8243;][vc_single_image image=&#8221;234&#8243; img_size=&#8221;full&#8221; alignment=&#8221;center&#8221; label=&#8221;&#8221;][\/vc_column][vc_column width=&#8221;1\/2&#8243;][vc_custom_heading text=&#8221;DUNG D\u1ecaCH R\u1eecA B\u1ea2N ALU NET&#8221; font_container=&#8221;tag:h2|font_size:24|text_align:left|color:%23cd007a&#8221; use_theme_fonts=&#8221;yes&#8221; text_transform=&#8221;text-uppercase&#8221; el_class=&#8221;m-b-sm&#8221;][vc_column_text]Nh\u00e0 s\u1ea3n xu\u1ea5t: DSC Fujifilm Nh\u1eadt<\/p>\n<ul>\n<li>\u0110\u01b0\u1ee3c s\u1ea3n xu\u1ea5t theo c\u00f4ng th\u1ee9c ph\u00f9 h\u1ee3p cho t\u1ea5t c\u1ea3 c\u00e1c lo\u1ea1i b\u1ea3n k\u1ebdm (d\u01b0\u01a1ng &amp; \u00e2m b\u1ea3n) trong c\u00f4ng ngh\u1ec7 in offset.<\/li>\n<li>Alu Net s\u1ebd t\u1ea9y \u0111i m\u1ef1c kh\u00f4, v\u00e1ng\/ b\u1ecdt, c\u1ed7 b\u1ecb oxy h\u00f3a, v\u1ebft x\u01b0\u1edbc \u2026 mang l\u1ea1i cho b\u1ea3n k\u1ebdm \u0111\u1ed9 \u0103n, b\u00e1m m\u1ef1c-n\u01b0\u1edbc t\u1ed1t h\u01a1n.<\/li>\n<li>\u0110\u1eb7c bi\u1ec7t hi\u1ec7u qu\u1ea3 trong vi\u1ec7c lau\/ r\u1eeda v\u00e0 chu\u1ea9n b\u1ecb c\u00e1c b\u1ea3n k\u1ebdm l\u01b0u gi\u1eef tr\u01b0\u1edbc khi s\u1eed d\u1ee5ng in t\u00e1i b\u1ea3n.<\/li>\n<\/ul>\n<p><strong>Quy c\u00e1ch \u0111\u00f3ng g\u00f3i: <\/strong>B\u00ecnh nh\u1ef1a 1 l\u00edt \u2013 12 b\u00ecnh\/ th\u00f9ng carton.[\/vc_column_text][\/vc_column][\/vc_row][vc_row][vc_column width=&#8221;1\/2&#8243;][vc_single_image image=&#8221;235&#8243; img_size=&#8221;full&#8221; alignment=&#8221;center&#8221; label=&#8221;&#8221;][\/vc_column][vc_column width=&#8221;1\/2&#8243;][vc_custom_heading text=&#8221;B\u1ed8T PHUN CH\u1ed0NG TH\u1ea4M MICROSPAY POWDER 15B&#8221; font_container=&#8221;tag:h2|font_size:24|text_align:left|color:%23cd007a&#8221; use_theme_fonts=&#8221;yes&#8221; text_transform=&#8221;text-uppercase&#8221; el_class=&#8221;m-b-sm&#8221;][vc_column_text]Nh\u00e0 s\u1ea3n xu\u1ea5t: DSC Fujifilm Nh\u1eadt<\/p>\n<ul>\n<li>Gi\u1ea3i quy\u1ebft c\u00e1c v\u1ea5n \u0111\u1ec1 b\u1ea5t l\u1ee3i trong in \u1ea5n nh\u01b0 s\u1ea3n ph\u1ea9m in c\u00f2n d\u00ednh m\u1ef1c, d\u00ednh t\u0129nh \u0111i\u1ec7n,\u2026<\/li>\n<li>B\u1ed9t phun c\u00f3 k\u00edch c\u1ee1 15micron, l\u00e0 lo\u1ea1i k\u00edch c\u1ee1 th\u01b0\u1eddng s\u1eed d\u1ee5ng nh\u1ea5t.<\/li>\n<li>S\u1ea3n ph\u1ea9m \u1edf d\u1ea1ng b\u1ed9t kh\u00f4, m\u00e0u tr\u1eafng, kh\u00f4ng ch\u1ee9a b\u1ed9t \u0111\u00e1, l\u00e0 m\u1ed9t d\u1ea1ng b\u1ed9t th\u1ef1c v\u1eadt n\u00ean kh\u00f4ng g\u00e2y \u0111\u1ed9c h\u1ea1i.<\/li>\n<\/ul>\n<p><strong>Quy c\u00e1ch \u0111\u00f3ng g\u00f3i: <\/strong>Bao Nylon 1kg \u2013 12 bao\/ th\u00f9ng carton.[\/vc_column_text][\/vc_column][\/vc_row][vc_row][vc_column width=&#8221;1\/2&#8243;][vc_single_image image=&#8221;236&#8243; img_size=&#8221;full&#8221; alignment=&#8221;center&#8221; label=&#8221;&#8221;][\/vc_column][vc_column width=&#8221;1\/2&#8243;][vc_custom_heading text=&#8221;B\u1ed8T PHUN PANORAMA SS100&#8243; font_container=&#8221;tag:h2|font_size:24|text_align:left|color:%23cd007a&#8221; use_theme_fonts=&#8221;yes&#8221; text_transform=&#8221;text-uppercase&#8221; el_class=&#8221;m-b-sm&#8221;][vc_column_text]Nh\u00e0 s\u1ea3n xu\u1ea5t: A.S Ink &amp; Chemical H\u00e0n Qu\u1ed1c<\/p>\n<ul>\n<li>B\u1ed9t c\u00f3 \u0111\u1ed9 b\u00f3ng m\u01b0\u1ee3t ho\u00e0n h\u1ea3o h\u1ea1n ch\u1ebf s\u1ef1 k\u1ebft d\u00ednh \u1edf ch\u1ed3ng gi\u1ea5y in ra v\u00e0 s\u1ef1 th\u1ea9m th\u1ea5u ng\u01b0\u1ee3c c\u1ee7a t\u1edd in.<\/li>\n<li>\u0110\u1ed9 ch\u1ea3y v\u1eeba ph\u1ea3i nh\u1eb1m \u0111\u1ea3m b\u1ea3o s\u1ef1 ph\u00e2n chia th\u1ed1ng nh\u1ea5t c\u1ee7a b\u1ed9t.<\/li>\n<li>Ph\u00f9 h\u1ee3p v\u1edbi nhi\u1ec1u \u0111\u1ecbnh l\u01b0\u1ee3ng gi\u1ea5y kh\u00e1c nhau.<\/li>\n<li>Kh\u1ea3 n\u0103ng khu\u1ebfch t\u00e1n cao tr\u00e1ch vi\u1ec7c v\u00f3n c\u1ee5c.<\/li>\n<li>S\u1ea3n ph\u1ea9m l\u00e0 h\u1ed7n h\u1ee3p tinh b\u1ed9t d\u00f9ng trong ng\u00e0nh th\u1ef1c ph\u1ea9m n\u00ean kh\u00f4ng g\u00e2y \u0111\u1ed9c h\u1ea1i khi s\u1eed d\u1ee5ng.<\/li>\n<\/ul>\n<p><strong>Quy c\u00e1ch \u0111\u00f3ng g\u00f3i: <\/strong>Bao Nylon 1kg \u2013 20 bao\/th\u00f9ng carton.[\/vc_column_text][\/vc_column][\/vc_row][vc_row][vc_column]<div id=\"porto-carousel-12468832116a04c96f053c7\" class=\"porto-carousel-wrapper  \" data-gutter=\"15\" data-rtl=\"false\" ><div class=\"porto-ultimate-carousel porto-carousel-612821696a04c96f05386 \" >[vc_btn title=&#8221;Li\u00ean h\u1ec7 \u0111\u1ec3 \u0111\u01b0\u1ee3c t\u01b0 v\u1ea5n th\u00eam&#8221; style=&#8221;custom&#8221; custom_text=&#8221;#666666&#8243; shape=&#8221;rounded&#8221; link=&#8221;url:http%3A%2F%2Ftech3.mypagedemo.com%2Fsaprimco%2Flien-he%2F&#8221; el_class=&#8221;btn_custom&#8221;]<\/div><\/div><script>\n\tjQuery(document).ready(function ($) {\n\t\tif ($.fn.slick) {\n\t\t\t$('.porto-carousel-612821696a04c96f05386').slick({dots: true,autoplay: true,autoplaySpeed: 5000,speed: 300,infinite: true,arrows: true,nextArrow: '<button type=\"button\" role=\"button\" aria-label=\"Next\" style=\"color:#333333; font-size:20px;\" class=\"slick-next default\"><i class=\"fas fa-chevron-right\"><\/i><\/button>',prevArrow: '<button type=\"button\" role=\"button\" aria-label=\"Previous\" style=\"color:#333333; font-size:20px;\" class=\"slick-prev default\"><i class=\"fas fa-chevron-left\"><\/i><\/button>',slidesToScroll:7,slidesToShow:7,swipe: true,draggable: true,touchMove: true,pauseOnHover: true,responsive: [\n\t\t\t\t{\n\t\t\t\t  breakpoint: 1025,\n\t\t\t\t  settings: {\n\t\t\t\t\tslidesToShow: 7,\n\t\t\t\t\tslidesToScroll: 7,  \n\t\t\t\t  }\n\t\t\t\t},\n\t\t\t\t{\n\t\t\t\t  breakpoint: 769,\n\t\t\t\t  settings: {\n\t\t\t\t\tslidesToShow: 4,\n\t\t\t\t\tslidesToScroll: 4\n\t\t\t\t  }\n\t\t\t\t},\n\t\t\t\t{\n\t\t\t\t  breakpoint: 481,\n\t\t\t\t  settings: {\n\t\t\t\t\tslidesToShow: 3,\n\t\t\t\t\tslidesToScroll: 3\n\t\t\t\t  }\n\t\t\t\t}\n\t\t\t],pauseOnDotsHover: true,customPaging: function(slider, i) {\n\t   return '<i type=\"button\" style=\"color:#333333;\" class=\"far fa-circle\" data-role=\"none\"><\/i>';\n\t},});\n\t\t} else {\n\t\t\tvar c = document.createElement(\"script\");\n\t\t\tc.src = \"\";\n\t\t\tif (!$('script[src=\"' + c.src + '\"]').length) {\n\t\t\t\tdocument.getElementsByTagName(\"body\")[0].appendChild(c);\n\t\t\t}\n\t\t\tc = document.createElement(\"script\");\n\t\t\tc.src = \"\";\n\t\t\tif (!$('script[src=\"' + c.src + '\"]').length) {\n\t\t\t\tdocument.getElementsByTagName(\"body\")[0].appendChild(c);\n\t\t\t}\n\t\t\tsetTimeout(function() {\n\t\t\t\tif ($.fn.slick) { $('.porto-carousel-612821696a04c96f05386').slick({dots: true,autoplay: true,autoplaySpeed: 5000,speed: 300,infinite: true,arrows: true,nextArrow: '<button type=\"button\" role=\"button\" aria-label=\"Next\" style=\"color:#333333; font-size:20px;\" class=\"slick-next default\"><i class=\"fas fa-chevron-right\"><\/i><\/button>',prevArrow: '<button type=\"button\" role=\"button\" aria-label=\"Previous\" style=\"color:#333333; font-size:20px;\" class=\"slick-prev default\"><i class=\"fas fa-chevron-left\"><\/i><\/button>',slidesToScroll:7,slidesToShow:7,swipe: true,draggable: true,touchMove: true,pauseOnHover: true,responsive: [\n\t\t\t\t{\n\t\t\t\t  breakpoint: 1025,\n\t\t\t\t  settings: {\n\t\t\t\t\tslidesToShow: 7,\n\t\t\t\t\tslidesToScroll: 7,  \n\t\t\t\t  }\n\t\t\t\t},\n\t\t\t\t{\n\t\t\t\t  breakpoint: 769,\n\t\t\t\t  settings: {\n\t\t\t\t\tslidesToShow: 4,\n\t\t\t\t\tslidesToScroll: 4\n\t\t\t\t  }\n\t\t\t\t},\n\t\t\t\t{\n\t\t\t\t  breakpoint: 481,\n\t\t\t\t  settings: {\n\t\t\t\t\tslidesToShow: 3,\n\t\t\t\t\tslidesToScroll: 3\n\t\t\t\t  }\n\t\t\t\t}\n\t\t\t],pauseOnDotsHover: true,customPaging: function(slider, i) {\n\t   return '<i type=\"button\" style=\"color:#333333;\" class=\"far fa-circle\" data-role=\"none\"><\/i>';\n\t},}); }\n\t\t\t}, 300);\n\t\t}\n\t});\n<\/script>\n[\/vc_column][\/vc_row]<\/p>\n","protected":false},"excerpt":{"rendered":"<p>[vc_row][vc_column width=&#8221;1\/2&#8243;][vc_single_image image=&#8221;228&#8243; img_size=&#8221;full&#8221; alignment=&#8221;center&#8221; label=&#8221;&#8221;][\/vc_column][vc_column width=&#8221;1\/2&#8243;][vc_custom_heading text=&#8221;G\u00d4M B\u1ea2N IN GUMMIN PP-1006&#8243; font_container=&#8221;tag:h2|font_size:24|text_align:left|color:%23cd007a&#8221; use_theme_fonts=&#8221;yes&#8221; text_transform=&#8221;text-uppercase&#8221; el_class=&#8221;m-b-sm&#8221;][vc_column_text]Nh\u00e0 s\u1ea3n xu\u1ea5t: DSC Fujifilm Nh\u1eadt L\u00e0 dung d\u1ecbch b\u1ea3o v\u1ec7 cho t\u1ea5t c\u1ea3 c\u00e1c l\u1ea1i b\u1ea3n in offset. S\u1eed d\u1ee5ng d\u1ec5 d\u00e0ng, tr\u1ea3i \u0111\u1ec1u tr\u00ean to\u00e0n b\u1ea3n in v\u00e0 kh\u00f4ng \u0111\u1ec3 l\u1ea1i c\u00e1c v\u1ebft\/ \u0111\u01b0\u1eddng s\u1ecdc. C\u00e1c v\u00f9ng kh\u00f4ng [&hellip;]<\/p>\n","protected":false},"author":1,"featured_media":0,"parent":12,"menu_order":0,"comment_status":"closed","ping_status":"closed","template":"","meta":{"footnotes":""},"class_list":["post-149","page","type-page","status-publish","hentry"],"_links":{"self":[{"href":"https:\/\/tech3.mypagedemo.com\/saprimco\/wp-json\/wp\/v2\/pages\/149","targetHints":{"allow":["GET"]}}],"collection":[{"href":"https:\/\/tech3.mypagedemo.com\/saprimco\/wp-json\/wp\/v2\/pages"}],"about":[{"href":"https:\/\/tech3.mypagedemo.com\/saprimco\/wp-json\/wp\/v2\/types\/page"}],"author":[{"embeddable":true,"href":"https:\/\/tech3.mypagedemo.com\/saprimco\/wp-json\/wp\/v2\/users\/1"}],"replies":[{"embeddable":true,"href":"https:\/\/tech3.mypagedemo.com\/saprimco\/wp-json\/wp\/v2\/comments?post=149"}],"version-history":[{"count":5,"href":"https:\/\/tech3.mypagedemo.com\/saprimco\/wp-json\/wp\/v2\/pages\/149\/revisions"}],"predecessor-version":[{"id":229,"href":"https:\/\/tech3.mypagedemo.com\/saprimco\/wp-json\/wp\/v2\/pages\/149\/revisions\/229"}],"up":[{"embeddable":true,"href":"https:\/\/tech3.mypagedemo.com\/saprimco\/wp-json\/wp\/v2\/pages\/12"}],"wp:attachment":[{"href":"https:\/\/tech3.mypagedemo.com\/saprimco\/wp-json\/wp\/v2\/media?parent=149"}],"curies":[{"name":"wp","href":"https:\/\/api.w.org\/{rel}","templated":true}]}}