{"id":151,"date":"2021-11-16T03:42:20","date_gmt":"2021-11-16T03:42:20","guid":{"rendered":"http:\/\/tech3.mypagedemo.com\/saprimco\/?page_id=151"},"modified":"2022-03-02T09:06:06","modified_gmt":"2022-03-02T09:06:06","slug":"muc-nhap-khau","status":"publish","type":"page","link":"https:\/\/tech3.mypagedemo.com\/saprimco\/vat-tu\/muc-nhap-khau\/","title":{"rendered":"M\u1ef1c nh\u1eadp kh\u1ea9u"},"content":{"rendered":"<p>[vc_row][vc_column width=&#8221;1\/2&#8243;][vc_single_image image=&#8221;452&#8243; img_size=&#8221;full&#8221; alignment=&#8221;center&#8221;][\/vc_column][vc_column width=&#8221;1\/2&#8243;][vc_custom_heading text=&#8221;M\u1ef0C IN OFFSET PANORAMA&#8221; font_container=&#8221;tag:h2|font_size:24|text_align:left|color:%23cd007a&#8221; use_theme_fonts=&#8221;yes&#8221; text_transform=&#8221;text-uppercase&#8221; el_class=&#8221;m-b-sm&#8221;][vc_column_text]Nh\u00e0 s\u1ea3n xu\u1ea5t: A.SINC \u2013 H\u00e0n Qu\u1ed1c<\/p>\n<ul>\n<li><span style=\"font-size: 17px;\">M\u00e0u s\u1eafc: Xanh\/\u0110\u1ecf sen\/V\u00e0ng\/\u0110en<\/span><\/li>\n<li><span style=\"font-size: 17px;\">M\u00e0u s\u1eafc t\u01b0\u01a1i s\u00e1ng, \u0111\u1ed9 b\u00f3ng cao<\/span><\/li>\n<li><span style=\"font-size: 17px;\">T\u00ednh n\u0103ng \u1ed5n \u0111\u1ecbnh<\/span><\/li>\n<li><span style=\"font-size: 17px;\">Kh\u1ea3 n\u0103ng chuy\u1ec3n m\u1ef1c, chuy\u1ec3n t\u1ea3i h\u00ecnh \u1ea3nh trung th\u1ef1c<\/span><\/li>\n<li><span style=\"font-size: 17px;\">In s\u1ea3n ph\u1ea9m cao c\u1ea5p tr\u00ean c\u00e1c lo\u1ea1i m\u00e1y in hi\u1ec7n \u0111\u1ea1i th\u1ebf h\u1ec7 m\u1edbi<\/span><\/li>\n<li><span style=\"font-size: 17px;\">\u0110\u1ed9 kh\u00f4 nhanh, r\u00fat ng\u1eafn th\u1eddi gian ch\u1edd sau in<\/span><\/li>\n<\/ul>\n<p><span style=\"font-size: 17px;\"><strong>B\u1ea3o qu\u1ea3n v\u00e0 quy c\u00e1ch \u0111\u00f3ng g\u00f3i:<br \/>\n<\/strong>&#8211; Gi\u1eef m\u1ef1c \u1edf n\u01a1i tho\u00e1ng, m\u00e1t<\/span><br \/>\n<span style=\"font-size: 17px;\">&#8211; \u0110\u00f3ng n\u1eafp v\u00e0 b\u1ea3o qu\u1ea3n c\u1ea9n th\u1eadn khi kh\u00f4ng s\u1eed d\u1ee5ng.<\/span><br \/>\n<span style=\"font-size: 17px;\">&#8211; \u0110\u00f3ng g\u00f3i: 1 kg\/lon \u2013 12lon\/ th\u00f9ng<\/span>[\/vc_column_text][\/vc_column][\/vc_row][vc_row][vc_column width=&#8221;1\/2&#8243;][vc_single_image image=&#8221;244&#8243; img_size=&#8221;full&#8221; alignment=&#8221;center&#8221;][\/vc_column][vc_column width=&#8221;1\/2&#8243;][vc_custom_heading text=&#8221;M\u1ef0C IN OFFSET APEX \u2013 G&#8221; font_container=&#8221;tag:h2|font_size:24|text_align:left|color:%23cd007a&#8221; use_theme_fonts=&#8221;yes&#8221; text_transform=&#8221;text-uppercase&#8221; el_class=&#8221;m-b-sm&#8221;][vc_column_text]Nh\u00e0 s\u1ea3n xu\u1ea5t: DIC Nh\u1eadt b\u1ea3n<\/p>\n<ul>\n<li>M\u00e0u s\u1eafc: Xanh\/\u0110\u1ecf sen\/V\u00e0ng\/\u0110en<\/li>\n<li>D\u00f2ng m\u1ef1c in offset cao c\u1ea5p t\u1edd r\u1eddi chuy\u00ean in cho gi\u1ea5y cao c\u1ea5p(Ivory, Couche. Duplex cao c\u1ea5p)<\/li>\n<li>S\u1eed d\u1ee5ng varnish theo c\u00f4ng ngh\u1ec7 Nh\u1eadt B\u1ea3n cho kh\u1ea3 n\u0103ng truy\u1ec1n m\u1ef1c t\u1ed1t v\u00e0 c\u1ee7ng c\u1ed1 kh\u1ea3 n\u0103ng kh\u00f4 c\u1ee7a m\u1ef1c<\/li>\n<li>In s\u1ea3n ph\u1ea9m cao c\u1ea5p tr\u00ean c\u00e1c lo\u1ea1i m\u00e1y in hi\u1ec7n \u0111\u1ea1i th\u1ebf h\u1ec7 m\u1edbi<\/li>\n<li>Th\u00e0nh ph\u1ea7n bao g\u1ed3m d\u1ea7u th\u1ef1c v\u1eadt than thi\u1ec7n v\u1edbi m\u00f4i tr\u01b0\u1eddng<\/li>\n<\/ul>\n<p><strong>B\u1ea3o qu\u1ea3n v\u00e0 quy c\u00e1ch \u0111\u00f3ng g\u00f3i:<br \/>\n<\/strong>&#8211; Gi\u1eef m\u1ef1c \u1edf n\u01a1i tho\u00e1ng, m\u00e1t<br \/>\n&#8211; \u0110\u00f3ng n\u1eafp v\u00e0 b\u1ea3o qu\u1ea3n c\u1ea9n th\u1eadn khi kh\u00f4ng s\u1eed d\u1ee5ng.<br \/>\n&#8211; \u0110\u00f3ng g\u00f3i: 1 kg\/lon \u2013 10 lon\/ th\u00f9ng<strong><br \/>\n<\/strong>[\/vc_column_text][\/vc_column][\/vc_row][vc_row][vc_column width=&#8221;1\/2&#8243;][vc_single_image image=&#8221;245&#8243; img_size=&#8221;full&#8221; alignment=&#8221;center&#8221;][\/vc_column][vc_column width=&#8221;1\/2&#8243;][vc_custom_heading text=&#8221;M\u1ef0C IN OFFSET NH\u0168 V\u00c0NG, B\u1ea0C ECKART \u2013 \u0110\u1ee8C&#8221; font_container=&#8221;tag:h2|font_size:24|text_align:left|color:%23cd007a&#8221; use_theme_fonts=&#8221;yes&#8221; text_transform=&#8221;text-uppercase&#8221; el_class=&#8221;m-b-sm&#8221;][vc_column_text]<\/p>\n<ul>\n<li><span style=\"font-size: 17px;\">\u0110\u1ed9 \u00e1nh nh\u0169 cao<\/span><\/li>\n<li><span style=\"font-size: 17px;\">Th\u1eddi gian b\u1ec1n m\u00e0u l\u00e2u<\/span><\/li>\n<li><span style=\"font-size: 17px;\">\u0110\u1ed9 b\u00f3ng cao<\/span><\/li>\n<li><span style=\"font-size: 17px;\">Th\u1eddi gian l\u01b0u tr\u1eef l\u00e2u<\/span><\/li>\n<\/ul>\n<p><span style=\"font-size: 17px;\"><strong>B\u1ea3o qu\u1ea3n v\u00e0 quy c\u00e1ch \u0111\u00f3ng g\u00f3i:<br \/>\n<\/strong>&#8211; Gi\u1eef m\u1ef1c \u1edf n\u01a1i tho\u00e1ng, m\u00e1t<\/span><br \/>\n<span style=\"font-size: 17px;\">&#8211; \u0110\u00f3ng n\u1eafp v\u00e0 b\u1ea3o qu\u1ea3n c\u1ea9n th\u1eadn khi kh\u00f4ng s\u1eed d\u1ee5ng<\/span><br \/>\n<span style=\"font-size: 17px;\">&#8211; \u0110\u00f3ng g\u00f3i: Nh\u0169 b\u1ea1c 1 kg\/lon \u2013 10 lon\/ th\u00f9ng; Nh\u0169 v\u00e0ng 1,5 kg\/lon -10 lon\/ th\u00f9ng<\/span>[\/vc_column_text][\/vc_column][\/vc_row][vc_row][vc_column]<div id=\"porto-carousel-14753130456a04c95885ecf\" class=\"porto-carousel-wrapper  \" data-gutter=\"15\" data-rtl=\"false\" ><div class=\"porto-ultimate-carousel porto-carousel-6522682116a04c95885e69 \" >[vc_btn title=&#8221;Li\u00ean h\u1ec7 \u0111\u1ec3 \u0111\u01b0\u1ee3c t\u01b0 v\u1ea5n th\u00eam&#8221; style=&#8221;custom&#8221; custom_text=&#8221;#666666&#8243; shape=&#8221;rounded&#8221; link=&#8221;url:http%3A%2F%2Ftech3.mypagedemo.com%2Fsaprimco%2Flien-he%2F&#8221; el_class=&#8221;btn_custom&#8221;]<\/div><\/div><script>\n\tjQuery(document).ready(function ($) {\n\t\tif ($.fn.slick) {\n\t\t\t$('.porto-carousel-6522682116a04c95885e69').slick({dots: true,autoplay: true,autoplaySpeed: 5000,speed: 300,infinite: true,arrows: true,nextArrow: '<button type=\"button\" role=\"button\" aria-label=\"Next\" style=\"color:#333333; font-size:20px;\" class=\"slick-next default\"><i class=\"fas fa-chevron-right\"><\/i><\/button>',prevArrow: '<button type=\"button\" role=\"button\" aria-label=\"Previous\" style=\"color:#333333; font-size:20px;\" class=\"slick-prev default\"><i class=\"fas fa-chevron-left\"><\/i><\/button>',slidesToScroll:7,slidesToShow:7,swipe: true,draggable: true,touchMove: true,pauseOnHover: true,responsive: [\n\t\t\t\t{\n\t\t\t\t  breakpoint: 1025,\n\t\t\t\t  settings: {\n\t\t\t\t\tslidesToShow: 7,\n\t\t\t\t\tslidesToScroll: 7,  \n\t\t\t\t  }\n\t\t\t\t},\n\t\t\t\t{\n\t\t\t\t  breakpoint: 769,\n\t\t\t\t  settings: {\n\t\t\t\t\tslidesToShow: 4,\n\t\t\t\t\tslidesToScroll: 4\n\t\t\t\t  }\n\t\t\t\t},\n\t\t\t\t{\n\t\t\t\t  breakpoint: 481,\n\t\t\t\t  settings: {\n\t\t\t\t\tslidesToShow: 3,\n\t\t\t\t\tslidesToScroll: 3\n\t\t\t\t  }\n\t\t\t\t}\n\t\t\t],pauseOnDotsHover: true,customPaging: function(slider, i) {\n\t   return '<i type=\"button\" style=\"color:#333333;\" class=\"far fa-circle\" data-role=\"none\"><\/i>';\n\t},});\n\t\t} else {\n\t\t\tvar c = document.createElement(\"script\");\n\t\t\tc.src = \"\";\n\t\t\tif (!$('script[src=\"' + c.src + '\"]').length) {\n\t\t\t\tdocument.getElementsByTagName(\"body\")[0].appendChild(c);\n\t\t\t}\n\t\t\tc = document.createElement(\"script\");\n\t\t\tc.src = \"\";\n\t\t\tif (!$('script[src=\"' + c.src + '\"]').length) {\n\t\t\t\tdocument.getElementsByTagName(\"body\")[0].appendChild(c);\n\t\t\t}\n\t\t\tsetTimeout(function() {\n\t\t\t\tif ($.fn.slick) { $('.porto-carousel-6522682116a04c95885e69').slick({dots: true,autoplay: true,autoplaySpeed: 5000,speed: 300,infinite: true,arrows: true,nextArrow: '<button type=\"button\" role=\"button\" aria-label=\"Next\" style=\"color:#333333; font-size:20px;\" class=\"slick-next default\"><i class=\"fas fa-chevron-right\"><\/i><\/button>',prevArrow: '<button type=\"button\" role=\"button\" aria-label=\"Previous\" style=\"color:#333333; font-size:20px;\" class=\"slick-prev default\"><i class=\"fas fa-chevron-left\"><\/i><\/button>',slidesToScroll:7,slidesToShow:7,swipe: true,draggable: true,touchMove: true,pauseOnHover: true,responsive: [\n\t\t\t\t{\n\t\t\t\t  breakpoint: 1025,\n\t\t\t\t  settings: {\n\t\t\t\t\tslidesToShow: 7,\n\t\t\t\t\tslidesToScroll: 7,  \n\t\t\t\t  }\n\t\t\t\t},\n\t\t\t\t{\n\t\t\t\t  breakpoint: 769,\n\t\t\t\t  settings: {\n\t\t\t\t\tslidesToShow: 4,\n\t\t\t\t\tslidesToScroll: 4\n\t\t\t\t  }\n\t\t\t\t},\n\t\t\t\t{\n\t\t\t\t  breakpoint: 481,\n\t\t\t\t  settings: {\n\t\t\t\t\tslidesToShow: 3,\n\t\t\t\t\tslidesToScroll: 3\n\t\t\t\t  }\n\t\t\t\t}\n\t\t\t],pauseOnDotsHover: true,customPaging: function(slider, i) {\n\t   return '<i type=\"button\" style=\"color:#333333;\" class=\"far fa-circle\" data-role=\"none\"><\/i>';\n\t},}); }\n\t\t\t}, 300);\n\t\t}\n\t});\n<\/script>\n[\/vc_column][\/vc_row]<\/p>\n","protected":false},"excerpt":{"rendered":"<p>[vc_row][vc_column width=&#8221;1\/2&#8243;][vc_single_image image=&#8221;452&#8243; img_size=&#8221;full&#8221; alignment=&#8221;center&#8221;][\/vc_column][vc_column width=&#8221;1\/2&#8243;][vc_custom_heading text=&#8221;M\u1ef0C IN OFFSET PANORAMA&#8221; font_container=&#8221;tag:h2|font_size:24|text_align:left|color:%23cd007a&#8221; use_theme_fonts=&#8221;yes&#8221; text_transform=&#8221;text-uppercase&#8221; el_class=&#8221;m-b-sm&#8221;][vc_column_text]Nh\u00e0 s\u1ea3n xu\u1ea5t: A.SINC \u2013 H\u00e0n Qu\u1ed1c M\u00e0u s\u1eafc: Xanh\/\u0110\u1ecf sen\/V\u00e0ng\/\u0110en M\u00e0u s\u1eafc t\u01b0\u01a1i s\u00e1ng, \u0111\u1ed9 b\u00f3ng cao T\u00ednh n\u0103ng \u1ed5n \u0111\u1ecbnh Kh\u1ea3 n\u0103ng chuy\u1ec3n m\u1ef1c, chuy\u1ec3n t\u1ea3i h\u00ecnh \u1ea3nh trung th\u1ef1c In s\u1ea3n ph\u1ea9m cao c\u1ea5p tr\u00ean c\u00e1c lo\u1ea1i m\u00e1y in [&hellip;]<\/p>\n","protected":false},"author":1,"featured_media":0,"parent":12,"menu_order":0,"comment_status":"closed","ping_status":"closed","template":"","meta":{"footnotes":""},"class_list":["post-151","page","type-page","status-publish","hentry"],"_links":{"self":[{"href":"https:\/\/tech3.mypagedemo.com\/saprimco\/wp-json\/wp\/v2\/pages\/151","targetHints":{"allow":["GET"]}}],"collection":[{"href":"https:\/\/tech3.mypagedemo.com\/saprimco\/wp-json\/wp\/v2\/pages"}],"about":[{"href":"https:\/\/tech3.mypagedemo.com\/saprimco\/wp-json\/wp\/v2\/types\/page"}],"author":[{"embeddable":true,"href":"https:\/\/tech3.mypagedemo.com\/saprimco\/wp-json\/wp\/v2\/users\/1"}],"replies":[{"embeddable":true,"href":"https:\/\/tech3.mypagedemo.com\/saprimco\/wp-json\/wp\/v2\/comments?post=151"}],"version-history":[{"count":7,"href":"https:\/\/tech3.mypagedemo.com\/saprimco\/wp-json\/wp\/v2\/pages\/151\/revisions"}],"predecessor-version":[{"id":454,"href":"https:\/\/tech3.mypagedemo.com\/saprimco\/wp-json\/wp\/v2\/pages\/151\/revisions\/454"}],"up":[{"embeddable":true,"href":"https:\/\/tech3.mypagedemo.com\/saprimco\/wp-json\/wp\/v2\/pages\/12"}],"wp:attachment":[{"href":"https:\/\/tech3.mypagedemo.com\/saprimco\/wp-json\/wp\/v2\/media?parent=151"}],"curies":[{"name":"wp","href":"https:\/\/api.w.org\/{rel}","templated":true}]}}