{"id":308,"date":"2021-12-27T08:08:39","date_gmt":"2021-12-27T08:08:39","guid":{"rendered":"http:\/\/tech3.mypagedemo.com\/saprimco\/?page_id=308"},"modified":"2022-02-28T08:54:26","modified_gmt":"2022-02-28T08:54:26","slug":"home","status":"publish","type":"page","link":"https:\/\/tech3.mypagedemo.com\/saprimco\/en\/","title":{"rendered":"Home"},"content":{"rendered":"<p>[vc_row][vc_column][vc_empty_space][vc_custom_heading text=&#8221;Cam k\u1ebft c\u1ee7a Saprimco&#8221; font_container=&#8221;tag:h2|text_align:center|color:%23cd007a&#8221; use_theme_fonts=&#8221;yes&#8221; text_transform=&#8221;text-uppercase&#8221;][\/vc_column][\/vc_row][vc_row el_class=&#8221;wrap_commit&#8221; animation_type=&#8221;fadeIn&#8221;][vc_column width=&#8221;1\/4&#8243;]<div class=\"porto-sicon-box style_1 top-icon\"><div class=\"porto-sicon-top\"><div id=\"porto-icon-17239691726a04d8df38e16\" class=\"porto-just-icon-wrapper\" style=\"text-align:center;\"><div class=\"porto-sicon-img \" style=\"display:inline-block;font-size: 100px;\"><img loading=\"lazy\" decoding=\"async\" class=\"img-icon\" alt=\"\" src=\"https:\/\/tech3.mypagedemo.com\/saprimco\/wp-content\/uploads\/2021\/11\/item-spr-1.png\" width=\"130\" height=\"130\" \/><\/div><\/div><\/div><div class=\"porto-sicon-header\"><h3 class=\"porto-sicon-title\" style=\"\">S\u1ea3n ph\u1ea9m ch\u1ea5t l\u01b0\u1ee3ng<\/h3><\/div> <!-- header --><\/div><!-- porto-sicon-box -->[\/vc_column][vc_column width=&#8221;1\/4&#8243;]<div class=\"porto-sicon-box style_1 top-icon\"><div class=\"porto-sicon-top\"><div id=\"porto-icon-10251968176a04d8df3997e\" class=\"porto-just-icon-wrapper\" style=\"text-align:center;\"><div class=\"porto-sicon-img \" style=\"display:inline-block;font-size: 100px;\"><img loading=\"lazy\" decoding=\"async\" class=\"img-icon\" alt=\"\" src=\"https:\/\/tech3.mypagedemo.com\/saprimco\/wp-content\/uploads\/2021\/11\/item-spr-2.png\" width=\"130\" height=\"130\" \/><\/div><\/div><\/div><div class=\"porto-sicon-header\"><h3 class=\"porto-sicon-title\" style=\"\">Gi\u00e1 th\u00e0nh h\u1ee3p l\u00fd<\/h3><\/div> <!-- header --><\/div><!-- porto-sicon-box -->[\/vc_column][vc_column width=&#8221;1\/4&#8243;]<div class=\"porto-sicon-box style_1 top-icon\"><div class=\"porto-sicon-top\"><div id=\"porto-icon-20532970156a04d8df3a534\" class=\"porto-just-icon-wrapper\" style=\"text-align:center;\"><div class=\"porto-sicon-img \" style=\"display:inline-block;font-size: 100px;\"><img loading=\"lazy\" decoding=\"async\" class=\"img-icon\" alt=\"\" src=\"https:\/\/tech3.mypagedemo.com\/saprimco\/wp-content\/uploads\/2021\/11\/item-spr-3.png\" width=\"130\" height=\"130\" \/><\/div><\/div><\/div><div class=\"porto-sicon-header\"><h3 class=\"porto-sicon-title\" style=\"\">Giao h\u00e0ng nhanh ch\u00f3ng<\/h3><\/div> <!-- header --><\/div><!-- porto-sicon-box -->[\/vc_column][vc_column width=&#8221;1\/4&#8243;]<div class=\"porto-sicon-box style_1 top-icon\"><div class=\"porto-sicon-top\"><div id=\"porto-icon-12559312076a04d8df3afa1\" class=\"porto-just-icon-wrapper\" style=\"text-align:center;\"><div class=\"porto-sicon-img \" style=\"display:inline-block;font-size: 100px;\"><img loading=\"lazy\" decoding=\"async\" class=\"img-icon\" alt=\"\" src=\"https:\/\/tech3.mypagedemo.com\/saprimco\/wp-content\/uploads\/2021\/11\/item-spr-4.png\" width=\"130\" height=\"130\" \/><\/div><\/div><\/div><div class=\"porto-sicon-header\"><h3 class=\"porto-sicon-title\" style=\"\">\u0110\u00e1p \u1ee9ng nhu c\u1ea7u<\/h3><\/div> <!-- header --><\/div><!-- porto-sicon-box -->[\/vc_column][\/vc_row][vc_row full_width=&#8221;stretch_row_content_no_spaces&#8221; el_class=&#8221;wrap_linhvuc&#8221; css=&#8221;.vc_custom_1636414933785{background-color: #f6f6f6 !important;}&#8221;][vc_column width=&#8221;1\/2&#8243; animation_type=&#8221;fadeInLeft&#8221;][vc_single_image image=&#8221;45&#8243; img_size=&#8221;full&#8221; alignment=&#8221;center&#8221;][\/vc_column][vc_column width=&#8221;1\/2&#8243; animation_type=&#8221;fadeInRight&#8221;]<div class=\"porto-sicon-box style_1 default-icon flex-wrap\"><div class=\"porto-sicon-header\"><h3 class=\"porto-sicon-title\" style=\"\">M\u1ef1c in offset<\/h3><\/div> <!-- header --><div class=\"porto-sicon-description\" style=\"\"><span style=\"font-size: 17px;\">M\u1ef1c in offset l\u00e0 s\u1ea3n ph\u1ea9m ch\u1ee7 l\u1ef1c t\u1ea1o n\u00ean th\u01b0\u01a1ng hi\u1ec7u SAPRIMCO. H\u1ec7 m\u1ef1c \u0111\u01b0\u1ee3c thi\u1ebft k\u1ebf tr\u00ean n\u1ec1n nh\u1ef1a g\u1ed1c d\u1ea7u kh\u00f4ng m\u00f9i th\u00e2n thi\u1ec7n m\u00f4i tr\u01b0\u1eddng, cho t\u00ednh n\u0103ng in \u1ed5n \u0111\u1ecbnh, \u0111\u00e1p \u1ee9ng v\u1edbi \u0111i\u1ec1u ki\u1ec7n in \u1edf t\u1ed1c \u0111\u1ed9 cao, th\u00edch h\u1ee3p v\u1edbi nhi\u1ec1u lo\u1ea1i gi\u1ea5y, cho c\u1ea3 gi\u1ea5y cu\u1ed9n ho\u1eb7c t\u1edd r\u1eddi. M\u1ef1c c\u00f3 nhi\u1ec1u c\u1ea5p \u0111\u1ed9 b\u1ec1n s\u00e1ng, \u0111\u1ed9 b\u00f3ng cao, \u0111\u1ed9 kh\u00f4 nhanh\u2026<\/span><a class=\"porto-sicon-read xx\" href=\"http:\/\/tech3.mypagedemo.com\/saprimco\/muc-in-offset\/\" title='M\u1ef1c in offset'><strong>Xem th\u00eam<\/strong><span>&nbsp;&raquo;<\/span><\/a><\/div> <!-- description --><\/div><!-- porto-sicon-box -->[\/vc_column][\/vc_row][vc_row full_width=&#8221;stretch_row&#8221; css=&#8221;.vc_custom_1636440523168{background-image: url(http:\/\/tech3.mypagedemo.com\/saprimco\/wp-content\/uploads\/2021\/11\/bg-spr-1.jpg?id=55) !important;background-position: center !important;background-repeat: no-repeat !important;background-size: cover !important;}&#8221; el_class=&#8221;wrap_bgspr&#8221; animation_type=&#8221;fadeInUp&#8221;][vc_column width=&#8221;1\/2&#8243;]<div class=\"porto-sicon-box style_1 default-icon flex-wrap\"><div class=\"porto-sicon-header\"><h3 class=\"porto-sicon-title\" style=\"\">V\u1eadt t\u01b0<\/h3><\/div> <!-- header --><div class=\"porto-sicon-description\" style=\"\"><span style=\"font-size: 17px;\">B\u00ean c\u1ea1nh s\u1ea3n xu\u1ea5t m\u1ef1c in offset, SAPRIMCO c\u00f2n nh\u1eadp kh\u1ea9u v\u00e0 ph\u00e2n ph\u1ed1i c\u00e1c lo\u1ea1i v\u1eadt t\u01b0, h\u00f3a ch\u1ea5t ph\u1ee5c v\u1ee5 cho ng\u00e0nh in v\u00e0 ng\u00e0nh s\u1ea3n xu\u1ea5t s\u01a1n \u2013 m\u1ef1c t\u1eeb c\u00e1c th\u01b0\u01a1ng hi\u1ec7u n\u1ed5i ti\u1ebfng v\u00e0 uy t\u00edn tr\u00ean th\u1ebf gi\u1edbi nh\u01b0 cao su Phoenix, h\u00f3a ch\u1ea5t DSC Fujifilm, b\u1ed9t m\u00e0u Clariant, Choksi, ph\u1ee5 gia kh\u00e1ng tr\u1ea7y Muzing &#8230;<\/span><a class=\"porto-sicon-read xx\" href=\"http:\/\/tech3.mypagedemo.com\/saprimco\/vat-tu\/\" title='V\u1eadt t\u01b0'><strong>Xem th\u00eam<\/strong><span>&nbsp;&raquo;<\/span><\/a><\/div> <!-- description --><\/div><!-- porto-sicon-box -->[\/vc_column][vc_column width=&#8221;1\/2&#8243;][\/vc_column][\/vc_row][vc_row full_width=&#8221;stretch_row_content_no_spaces&#8221; el_class=&#8221;wrap_linhvuc pad_btom&#8221; css=&#8221;.vc_custom_1636418578279{background-color: #f6f6f6 !important;}&#8221;][vc_column width=&#8221;1\/2&#8243; animation_type=&#8221;fadeInLeft&#8221;][vc_single_image image=&#8221;61&#8243; img_size=&#8221;full&#8221;][\/vc_column][vc_column width=&#8221;1\/2&#8243; animation_type=&#8221;fadeInRight&#8221;]<div class=\"porto-sicon-box style_1 default-icon flex-wrap\"><div class=\"porto-sicon-header\"><h3 class=\"porto-sicon-title\" style=\"\">In \u1ea5n<\/h3><\/div> <!-- header --><div class=\"porto-sicon-description\" style=\"\"><span style=\"font-size: 17px;\">X\u01b0\u1edfng in SAPRIMCO nh\u1eadn gia c\u00f4ng in \u1ea5n c\u00e1c s\u1ea3n ph\u1ea9m theo y\u00eau c\u1ea7u kh\u00e1ch h\u00e0ng b\u1eb1ng c\u00f4ng ngh\u1ec7 in offset t\u1edd r\u1eddi v\u1edbi m\u00e1y in offset 4 m\u00e0u. T\u00f9y theo t\u00ednh ch\u1ea5t v\u00e0 y\u00eau c\u1ea7u c\u1ee7a t\u1eebng lo\u1ea1i \u1ea5n ph\u1ea9m ch\u00fang t\u00f4i s\u1ebd t\u01b0 v\u1ea5n c\u1ee5 th\u1ec3 v\u00e0 \u0111\u1ec1 xu\u1ea5t b\u1ea3ng gi\u00e1 in ph\u00f9 h\u1ee3p.<\/span><a class=\"porto-sicon-read xx\" href=\"http:\/\/tech3.mypagedemo.com\/saprimco\/in-an\/\" title='In \u1ea5n'><strong>Xem th\u00eam<\/strong><span>&nbsp;&raquo;<\/span><\/a><\/div> <!-- description --><\/div><!-- porto-sicon-box -->[\/vc_column][\/vc_row][vc_row full_width=&#8221;stretch_row_content_no_spaces&#8221; animation_type=&#8221;fadeInUp&#8221;][vc_column][vc_empty_space height=&#8221;50px&#8221;][vc_single_image image=&#8221;67&#8243; img_size=&#8221;full&#8221; alignment=&#8221;center&#8221; el_class=&#8221;img_btom_none&#8221;][\/vc_column][\/vc_row]<\/p>\n","protected":false},"excerpt":{"rendered":"<p>[vc_row][vc_column][vc_empty_space][vc_custom_heading text=&#8221;Cam k\u1ebft c\u1ee7a Saprimco&#8221; font_container=&#8221;tag:h2|text_align:center|color:%23cd007a&#8221; use_theme_fonts=&#8221;yes&#8221; text_transform=&#8221;text-uppercase&#8221;][\/vc_column][\/vc_row][vc_row el_class=&#8221;wrap_commit&#8221; animation_type=&#8221;fadeIn&#8221;][vc_column width=&#8221;1\/4&#8243;][\/vc_column][vc_column width=&#8221;1\/4&#8243;][\/vc_column][vc_column width=&#8221;1\/4&#8243;][\/vc_column][vc_column width=&#8221;1\/4&#8243;][\/vc_column][\/vc_row][vc_row full_width=&#8221;stretch_row_content_no_spaces&#8221; el_class=&#8221;wrap_linhvuc&#8221; css=&#8221;.vc_custom_1636414933785{background-color: #f6f6f6 !important;}&#8221;][vc_column width=&#8221;1\/2&#8243; animation_type=&#8221;fadeInLeft&#8221;][vc_single_image image=&#8221;45&#8243; img_size=&#8221;full&#8221; alignment=&#8221;center&#8221;][\/vc_column][vc_column width=&#8221;1\/2&#8243; animation_type=&#8221;fadeInRight&#8221;][\/vc_column][\/vc_row][vc_row full_width=&#8221;stretch_row&#8221; css=&#8221;.vc_custom_1636440523168{background-image: url(http:\/\/tech3.mypagedemo.com\/saprimco\/wp-content\/uploads\/2021\/11\/bg-spr-1.jpg?id=55) !important;background-position: center !important;background-repeat: no-repeat !important;background-size: cover !important;}&#8221; el_class=&#8221;wrap_bgspr&#8221; animation_type=&#8221;fadeInUp&#8221;][vc_column width=&#8221;1\/2&#8243;][\/vc_column][vc_column width=&#8221;1\/2&#8243;][\/vc_column][\/vc_row][vc_row full_width=&#8221;stretch_row_content_no_spaces&#8221; el_class=&#8221;wrap_linhvuc pad_btom&#8221; css=&#8221;.vc_custom_1636418578279{background-color: #f6f6f6 !important;}&#8221;][vc_column width=&#8221;1\/2&#8243; animation_type=&#8221;fadeInLeft&#8221;][vc_single_image image=&#8221;61&#8243; img_size=&#8221;full&#8221;][\/vc_column][vc_column width=&#8221;1\/2&#8243; animation_type=&#8221;fadeInRight&#8221;][\/vc_column][\/vc_row][vc_row full_width=&#8221;stretch_row_content_no_spaces&#8221; animation_type=&#8221;fadeInUp&#8221;][vc_column][vc_empty_space height=&#8221;50px&#8221;][vc_single_image [&hellip;]<\/p>\n","protected":false},"author":1,"featured_media":0,"parent":0,"menu_order":0,"comment_status":"closed","ping_status":"open","template":"","meta":{"footnotes":""},"class_list":["post-308","page","type-page","status-publish","hentry"],"_links":{"self":[{"href":"https:\/\/tech3.mypagedemo.com\/saprimco\/wp-json\/wp\/v2\/pages\/308","targetHints":{"allow":["GET"]}}],"collection":[{"href":"https:\/\/tech3.mypagedemo.com\/saprimco\/wp-json\/wp\/v2\/pages"}],"about":[{"href":"https:\/\/tech3.mypagedemo.com\/saprimco\/wp-json\/wp\/v2\/types\/page"}],"author":[{"embeddable":true,"href":"https:\/\/tech3.mypagedemo.com\/saprimco\/wp-json\/wp\/v2\/users\/1"}],"replies":[{"embeddable":true,"href":"https:\/\/tech3.mypagedemo.com\/saprimco\/wp-json\/wp\/v2\/comments?post=308"}],"version-history":[{"count":5,"href":"https:\/\/tech3.mypagedemo.com\/saprimco\/wp-json\/wp\/v2\/pages\/308\/revisions"}],"predecessor-version":[{"id":425,"href":"https:\/\/tech3.mypagedemo.com\/saprimco\/wp-json\/wp\/v2\/pages\/308\/revisions\/425"}],"wp:attachment":[{"href":"https:\/\/tech3.mypagedemo.com\/saprimco\/wp-json\/wp\/v2\/media?parent=308"}],"curies":[{"name":"wp","href":"https:\/\/api.w.org\/{rel}","templated":true}]}}