{"id":95,"date":"2021-11-09T03:55:48","date_gmt":"2021-11-09T03:55:48","guid":{"rendered":"http:\/\/tech3.mypagedemo.com\/saprimco\/?page_id=95"},"modified":"2022-02-23T02:03:32","modified_gmt":"2022-02-23T02:03:32","slug":"ve-saprimco","status":"publish","type":"page","link":"https:\/\/tech3.mypagedemo.com\/saprimco\/gioi-thieu\/ve-saprimco\/","title":{"rendered":"V\u1ec1 Saprimco"},"content":{"rendered":"<p>[vc_row][vc_column][vc_custom_heading text=&#8221;V\u1ec1 Saprimco&#8221; font_container=&#8221;tag:h2|font_size:23|text_align:left|color:%23cd007a&#8221; use_theme_fonts=&#8221;yes&#8221; text_transform=&#8221;text-uppercase&#8221;][vc_column_text]C\u00f4ng ty C\u1ed5 ph\u1ea7n In v\u00e0 V\u1eadt t\u01b0 S\u00e0i G\u00f2n (SAPRIMCO) ho\u1ea1t \u0111\u1ed9ng d\u01b0\u1edbi h\u00ecnh th\u1ee9c doanh nghi\u1ec7p c\u1ed5 ph\u1ea7n h\u00f3a t\u1eeb gi\u1eefa n\u0103m 2000, c\u00f3 ti\u1ec1n th\u00e2n l\u00e0 X\u00ed nghi\u1ec7p M\u1ef1c In T\u00e2n B\u00ecnh \u0111\u01b0\u1ee3c th\u00e0nh l\u1eadp t\u1eeb n\u0103m 1978. Trong su\u1ed1t h\u01a1n 40 n\u0103m ho\u1ea1t \u0111\u1ed9ng trong l\u0129nh v\u1ef1c ng\u00e0nh in, SAPRIMCO lu\u00f4n \u0111\u01b0\u1ee3c kh\u00e1ch h\u00e0ng bi\u1ebft \u0111\u1ebfn nh\u01b0 l\u00e0 m\u1ed9t trong nh\u1eefng c\u00f4ng ty h\u00e0ng \u0111\u1ea7u v\u1ec1:<\/p>\n<ul>\n<li>S\u1ea3n xu\u1ea5t <strong>M\u1ef1c in offset<\/strong> v\u1edbi c\u00e1c d\u00f2ng s\u1ea3n ph\u1ea9m th\u01b0\u01a1ng hi\u1ec7u M\u1ef1c in Saprimco, M\u1ef1c in T\u00e2n B\u00ecnh, M\u1ef1c in Spic, M\u1ef1c in Linki, M\u1ef1c d\u1ea1 quang, \u2026<\/li>\n<li>Nh\u1eadp kh\u1ea9u v\u00e0 ph\u00e2n ph\u1ed1i <strong>V\u1eadt t\u01b0 ng\u00e0nh in<\/strong> v\u1edbi c\u00e1c s\u1ea3n ph\u1ea9m ch\u1ee7 y\u1ebfu nh\u01b0: cao su in Phoenix(\u0110\u1ee9c); c\u00e1c lo\u1ea1i h\u00f3a ch\u1ea5t ng\u00e0nh in c\u1ee7a DSC Fujifilm (Nh\u1eadt); b\u1ea3n k\u1ebdm c\u1ee7a Trung Qu\u1ed1c; c\u00e1c lo\u1ea1i m\u1ef1c in ngo\u1ea1i nh\u1eadp nh\u01b0 m\u1ef1c nh\u0169 5 sao (\u0110\u1ee9c), m\u1ef1c Panorama (H\u00e0n Qu\u1ed1c), m\u1ef1c Apex (Nh\u1eadt)\u2026; <strong>h\u00f3a ch\u1ea5t ng\u00e0nh m\u1ef1c &#8211; s\u01a1n<\/strong>: c\u00e1c lo\u1ea1i b\u1ed9t m\u00e0u, b\u1ed9t \u0111en, nh\u1ef1a resin, ph\u1ee5 gia &#8230; \u0111\u01b0\u1ee3c nh\u1eadp kh\u1ea9u t\u1eeb M\u1ef9, \u0110\u1ee9c, Nh\u1eadt, \u1ea4n \u0110\u1ed9, H\u00e0n Qu\u1ed1c, Trung Qu\u1ed1c.<\/li>\n<\/ul>\n<p>V\u1edbi th\u1ebf m\u1ea1nh li\u00ean k\u1ebft \u0111\u01b0\u1ee3c ho\u1ea1t \u0111\u1ed9ng gi\u1eefa 03 l\u0129nh v\u1ef1c: (1) s\u1ea3n xu\u1ea5t m\u1ef1c in; (2) kinh doanh v\u1eadt t\u01b0 ng\u00e0nh in, m\u1ef1c, s\u01a1n; (3) gia c\u00f4ng in \u1ea5n, SAPRIMCO lu\u00f4n th\u1ea5u hi\u1ec3u m\u1ecdi nhu c\u1ea7u c\u1ee7a kh\u00e1ch h\u00e0ng \u0111\u1ec3 t\u01b0 v\u1ea5n &amp; \u0111\u01b0a ra c\u00e1c gi\u1ea3i ph\u00e1p t\u1ed1t nh\u1ea5t trong \u1ee9ng d\u1ee5ng s\u1ea3n ph\u1ea9m, gi\u1ea3i quy\u1ebft m\u1ed9t c\u00e1ch h\u00e0i h\u00f2a s\u1ef1 t\u01b0\u01a1ng quan gi\u1eefa <strong>Ch\u1ea5t l\u01b0\u1ee3ng<\/strong> v\u00e0 <strong>Gi\u00e1 th\u00e0nh s\u1ea3n ph\u1ea9m<\/strong> cho kh\u00e1ch h\u00e0ng.<\/p>\n<p>Sau nhi\u1ec1u n\u0103m kinh doanh v\u00e0 ho\u00e0n thi\u1ec7n c\u00e1c m\u1ee5c ti\u00eau: S\u1ea3n ph\u1ea9m ch\u1ea5t l\u01b0\u1ee3ng \u2013 Gi\u00e1 c\u1ea3 h\u1ee3p l\u00fd \u2013 D\u1ecbch v\u1ee5 chu \u0111\u00e1o \u2013 \u0110\u00e1p \u1ee9ng nhu c\u1ea7u, \u0111\u1ebfn nay, SAPRIMCO \u0111\u00e3 nh\u1eadn \u0111\u01b0\u1ee3c s\u1ef1 tin t\u01b0\u1edfng c\u1ee7a nhi\u1ec1u kh\u00e1ch h\u00e0ng trong c\u1ea3 n\u01b0\u1edbc tr\u1ea3i d\u00e0i t\u1eeb B\u1eafc \u0111\u1ebfn Nam.[\/vc_column_text][\/vc_column][\/vc_row][vc_row][vc_column][vc_custom_heading text=&#8221;C\u00e1c c\u1ed9t m\u1ed1c ph\u00e1t tri\u1ec3n&#8221; font_container=&#8221;tag:h2|font_size:23|text_align:left|color:%23cd007a&#8221; use_theme_fonts=&#8221;yes&#8221; text_transform=&#8221;text-uppercase&#8221;][\/vc_column][\/vc_row][vc_row el_class=&#8221;track-record&#8221;][vc_column]<div class=\"porto-history wpb_content_element \"><div class=\"featured-box\"><div class=\"box-content\"><h4 class=\"heading-primary\"><strong>\u0110\u1ebfn nay<\/strong><\/h4><p>SAPRIMCO \u0111\u1eb7t m\u1ee5c ti\u00eau s\u1ebd tr\u1edf th\u00e0nh nh\u00e0 s\u1ea3n xu\u1ea5t m\u1ef1c in offset ch\u1ea5t l\u01b0\u1ee3ng \u2013 uy t\u00edn v\u00e0 l\u00e0 nh\u00e0 ph\u00e2n ph\u1ed1i v\u1eadt t\u01b0 ng\u00e0nh in h\u00e0ng \u0111\u1ea7u t\u1ea1i Vi\u1ec7t Nam, xu\u1ea5t kh\u1ea9u m\u1ef1c in sang c\u00e1c n\u01b0\u1edbc l\u00e2n c\u1eadn trong t\u01b0\u01a1ng lai, th\u1ef1c hi\u1ec7n t\u1ed1t ph\u01b0\u01a1ng ch\u00e2m <strong>\u201cTh\u01b0\u01a1ng hi\u1ec7u \u0111\u1ed3ng h\u00e0nh c\u00f9ng nh\u00e0 in\u201d<\/strong><\/p>\n<\/div><\/div><\/div><div class=\"porto-history wpb_content_element \"><div class=\"featured-box\"><div class=\"box-content\"><h4 class=\"heading-primary\"><strong>2017<\/strong><\/h4><p>X\u00e2y d\u1ef1ng nh\u00e0 m\u00e1y t\u1ea1i KCN T\u00e2n \u0110\u1ee9c \u2013 Long An tr\u00ean di\u1ec7n t\u00edch g\u1ea7n 7.000m2, h\u1ee3p nh\u1ea5t 2 nh\u00e0 m\u00e1y s\u1ea3n xu\u1ea5t m\u1ef1c in offset tr\u01b0\u1edbc \u0111\u00f3. C\u00f4ng su\u1ea5t \u0111\u1ea1t 1.000 t\u1ea5n\/ n\u0103m v\u1edbi c\u00e1c d\u00f2ng m\u00e1y nghi\u1ec1n, m\u00e1y khu\u1ea5y c\u1ee7a Buhler (Th\u1ee5y S\u1ef9), Inoue Nissei (Nh\u1eadt B\u1ea3n).<\/p>\n<\/div><\/div><\/div><div class=\"porto-history wpb_content_element \"><div class=\"featured-box\"><div class=\"box-content\"><h4 class=\"heading-primary\"><strong>2003<\/strong><\/h4><p>Ph\u00e1t tri\u1ec3n th\u00eam nh\u00e0 m\u00e1y s\u1ea3n xu\u1ea5t m\u1ef1c t\u1ea1i KCN L\u00ea Minh Xu\u00e2n v\u1edbi c\u00f4ng su\u1ea5t b\u1ed5 sung 100 t\u1ea5n\/ n\u0103m.<\/p>\n<\/div><\/div><\/div><div class=\"porto-history wpb_content_element \"><div class=\"featured-box\"><div class=\"box-content\"><h4 class=\"heading-primary\"><strong>2001<\/strong><\/h4><p>H\u00ecnh th\u00e0nh X\u01b0\u1edfng in Saprimco v\u1edbi di\u1ec7n t\u00edch 1.000m2<\/p>\n<\/div><\/div><\/div><div class=\"porto-history wpb_content_element \"><div class=\"featured-box\"><div class=\"box-content\"><h4 class=\"heading-primary\"><strong>1988<\/strong><\/h4><p>Kh\u00e1nh th\u00e0nh nh\u00e0 m\u00e1y s\u1ea3n xu\u1ea5t m\u1ef1c in offset \u0111\u1ea7u ti\u00ean t\u1ea1i Kinh D\u01b0\u01a1ng V\u01b0\u01a1ng tr\u00ean di\u1ec7n t\u00edch 1.000m2 v\u1edbi c\u00f4ng su\u1ea5t ban \u0111\u1ea7u 100 t\u1ea5n\/ n\u0103m<\/p>\n<\/div><\/div><\/div><div class=\"porto-history wpb_content_element \"><div class=\"featured-box\"><div class=\"box-content\"><h4 class=\"heading-primary\"><strong>1978<\/strong><\/h4><p>Th\u00e0nh l\u1eadp X\u00ed nghi\u1ec7p M\u1ef1c in T\u00e2n B\u00ecnh<\/p>\n<\/div><\/div><\/div>[\/vc_column][\/vc_row]<\/p>\n","protected":false},"excerpt":{"rendered":"<p>[vc_row][vc_column][vc_custom_heading text=&#8221;V\u1ec1 Saprimco&#8221; font_container=&#8221;tag:h2|font_size:23|text_align:left|color:%23cd007a&#8221; use_theme_fonts=&#8221;yes&#8221; text_transform=&#8221;text-uppercase&#8221;][vc_column_text]C\u00f4ng ty C\u1ed5 ph\u1ea7n In v\u00e0 V\u1eadt t\u01b0 S\u00e0i G\u00f2n (SAPRIMCO) ho\u1ea1t \u0111\u1ed9ng d\u01b0\u1edbi h\u00ecnh th\u1ee9c doanh nghi\u1ec7p c\u1ed5 ph\u1ea7n h\u00f3a t\u1eeb gi\u1eefa n\u0103m 2000, c\u00f3 ti\u1ec1n th\u00e2n l\u00e0 X\u00ed nghi\u1ec7p M\u1ef1c In T\u00e2n B\u00ecnh \u0111\u01b0\u1ee3c th\u00e0nh l\u1eadp t\u1eeb n\u0103m 1978. Trong su\u1ed1t h\u01a1n 40 n\u0103m ho\u1ea1t \u0111\u1ed9ng trong l\u0129nh [&hellip;]<\/p>\n","protected":false},"author":1,"featured_media":0,"parent":8,"menu_order":0,"comment_status":"closed","ping_status":"closed","template":"","meta":{"footnotes":""},"class_list":["post-95","page","type-page","status-publish","hentry"],"_links":{"self":[{"href":"https:\/\/tech3.mypagedemo.com\/saprimco\/wp-json\/wp\/v2\/pages\/95","targetHints":{"allow":["GET"]}}],"collection":[{"href":"https:\/\/tech3.mypagedemo.com\/saprimco\/wp-json\/wp\/v2\/pages"}],"about":[{"href":"https:\/\/tech3.mypagedemo.com\/saprimco\/wp-json\/wp\/v2\/types\/page"}],"author":[{"embeddable":true,"href":"https:\/\/tech3.mypagedemo.com\/saprimco\/wp-json\/wp\/v2\/users\/1"}],"replies":[{"embeddable":true,"href":"https:\/\/tech3.mypagedemo.com\/saprimco\/wp-json\/wp\/v2\/comments?post=95"}],"version-history":[{"count":15,"href":"https:\/\/tech3.mypagedemo.com\/saprimco\/wp-json\/wp\/v2\/pages\/95\/revisions"}],"predecessor-version":[{"id":409,"href":"https:\/\/tech3.mypagedemo.com\/saprimco\/wp-json\/wp\/v2\/pages\/95\/revisions\/409"}],"up":[{"embeddable":true,"href":"https:\/\/tech3.mypagedemo.com\/saprimco\/wp-json\/wp\/v2\/pages\/8"}],"wp:attachment":[{"href":"https:\/\/tech3.mypagedemo.com\/saprimco\/wp-json\/wp\/v2\/media?parent=95"}],"curies":[{"name":"wp","href":"https:\/\/api.w.org\/{rel}","templated":true}]}}