{"id":137,"date":"2021-11-16T03:37:44","date_gmt":"2021-11-16T03:37:44","guid":{"rendered":"http:\/\/tech3.mypagedemo.com\/saprimco\/?post_type=product&#038;p=137"},"modified":"2022-02-28T04:30:52","modified_gmt":"2022-02-28T04:30:52","slug":"muc-in-cuon","status":"publish","type":"product","link":"https:\/\/tech3.mypagedemo.com\/saprimco\/san-pham\/muc-in-cuon\/","title":{"rendered":"M\u1ef1c in cu\u1ed9n"},"content":{"rendered":"<p><em>\u0110\u1eb7t t\u00ednh c\u1ee7a s\u1ea3n ph\u1ea9m c\u00f3 th\u1ec3 b\u1ecb \u1ea3nh h\u01b0\u1edfng b\u1edfi \u0111i\u1ec1u ki\u1ec7n m\u00f4i tr\u01b0\u1eddng c\u0169ng nh\u01b0 ch\u1ea5t l\u01b0\u1ee3ng c\u1ee7a nguy\u00ean v\u1eadt li\u1ec7u in. V\u00ec v\u1eady, ch\u00fang t\u00f4i \u0111\u1ec1 ngh\u1ecb n\u00ean th\u1eed nghi\u1ec7m m\u1ed9t l\u01b0\u1ee3ng nh\u1ecf s\u1ea3n ph\u1ea9m v\u1ec1 t\u00ednh t\u01b0\u01a1ng h\u1ee3p tr\u01b0\u1edbc khi \u0111\u01b0a v\u00e0o s\u1eed d\u1ee5ng \u0111\u1ec3 gi\u1ea3m thi\u1ec3u r\u1ee7i ro cho kh\u00e1ch h\u00e0ng.<\/em><\/p>\n<p><strong>V\u1eadt li\u1ec7u in:<\/strong><br \/>\nTh\u00edch h\u1ee3p in tr\u00ean c\u00e1c lo\u1ea1i gi\u1ea5y nh\u01b0: Fort, Couche, \u2026<\/p>\n<p><strong>\u1ee8ng d\u1ee5ng:<\/strong><br \/>\nTh\u00edch h\u1ee3p in s\u00e1ch b\u00e1o, t\u00e0i li\u00eau, c\u1ea9m nang gi\u1edbi thi\u1ec7u s\u1ea3n ph\u1ea9m c\u1ee7a si\u00eau th\u1ecb, \u2026.<\/p>\n<p><strong>Quy c\u00e1ch \u0111\u00f3ng g\u00f3i v\u00e0 b\u1ea3o qu\u1ea3n:<\/strong><\/p>\n<ul>\n<li>\u0110\u00f3ng g\u00f3i: 20kg\/ th\u00f9ng.<\/li>\n<li>B\u1ea3o qu\u1ea3n:<br \/>\nS\u1ea3n ph\u1ea9m \u0111\u01b0\u1ee3c b\u1ea3o qu\u1ea3n trong \u0111i\u1ec1u ki\u1ec7n tho\u00e1ng m\u00e1t trong th\u1eddi h\u1ea1n 3 n\u0103m k\u1ec3 t\u1eeb ng\u00e0y s\u1ea3n xu\u1ea5t.<br \/>\nM\u1ef1c in \u0111\u00e3 khui ra s\u1eed d\u1ee5ng ph\u1ea3i b\u1ea3o qu\u1ea3n b\u1eb1ng c\u00e1ch \u0111\u1eady k\u00edn n\u1eafp ng\u0103n kh\u00f4ng cho ti\u1ebfp x\u00fac tr\u1ef1c ti\u1ebfp v\u1edbi kh\u00f4ng kh\u00ed.<\/li>\n<\/ul>\n","protected":false},"excerpt":{"rendered":"<p>Th\u00e0nh Ph\u1ea7n ch\u00ednh:<\/p>\n<ul>\n<li>M\u00e0u ph\u1ea3n quang<\/li>\n<li>Nh\u1ef1a t\u1ed5ng h\u1ee3p<\/li>\n<li>Ch\u1ea5t ph\u1ee5 gia<\/li>\n<\/ul>\n<p>\u0110\u1eb7c t\u00ednh k\u1ef9 thu\u1eadt:<\/p>\n<ul>\n<li>C\u01b0\u1eddng \u0111\u1ed9 ph\u1ea3n quang m\u1ea1nh.<\/li>\n<li>\u0110\u1ed9 b\u00e1m d\u00ednh t\u1ed1t.<\/li>\n<li>Kh\u00e1ng tr\u1ea7y x\u01b0\u1edbt t\u1ed1t<\/li>\n<li>Kh\u00f4 nhanh tr\u00ean gi\u1ea5y, r\u00fat ng\u1eafn th\u1eddi gian ch\u1edd sau in.<\/li>\n<li>Kh\u00f4ng ch\u1ee9a h\u00f3a ch\u1ea5t \u0111\u1ed9c h\u1ea1i theo ti\u00eau chu\u1ea9n RosH \u0111\u01b0\u1ee3c ch\u1ee9ng nh\u1eadn b\u1edfi SGS.<\/li>\n<\/ul>\n<p>&nbsp;<\/p>\n","protected":false},"featured_media":423,"template":"","meta":[],"product_cat":[16],"product_tag":[],"class_list":["post-137","product","type-product","status-publish","has-post-thumbnail","hentry","product_cat-chua-phan-loai"],"_links":{"self":[{"href":"https:\/\/tech3.mypagedemo.com\/saprimco\/wp-json\/wp\/v2\/product\/137","targetHints":{"allow":["GET"]}}],"collection":[{"href":"https:\/\/tech3.mypagedemo.com\/saprimco\/wp-json\/wp\/v2\/product"}],"about":[{"href":"https:\/\/tech3.mypagedemo.com\/saprimco\/wp-json\/wp\/v2\/types\/product"}],"wp:featuredmedia":[{"embeddable":true,"href":"https:\/\/tech3.mypagedemo.com\/saprimco\/wp-json\/wp\/v2\/media\/423"}],"wp:attachment":[{"href":"https:\/\/tech3.mypagedemo.com\/saprimco\/wp-json\/wp\/v2\/media?parent=137"}],"wp:term":[{"taxonomy":"product_cat","embeddable":true,"href":"https:\/\/tech3.mypagedemo.com\/saprimco\/wp-json\/wp\/v2\/product_cat?post=137"},{"taxonomy":"product_tag","embeddable":true,"href":"https:\/\/tech3.mypagedemo.com\/saprimco\/wp-json\/wp\/v2\/product_tag?post=137"}],"curies":[{"name":"wp","href":"https:\/\/api.w.org\/{rel}","templated":true}]}}