{"id":138,"date":"2021-11-16T03:37:59","date_gmt":"2021-11-16T03:37:59","guid":{"rendered":"http:\/\/tech3.mypagedemo.com\/saprimco\/?post_type=product&#038;p=138"},"modified":"2022-03-02T07:47:41","modified_gmt":"2022-03-02T07:47:41","slug":"muc-pha-che","status":"publish","type":"product","link":"https:\/\/tech3.mypagedemo.com\/saprimco\/san-pham\/muc-pha-che\/","title":{"rendered":"M\u1ef1c pha ch\u1ebf"},"content":{"rendered":"","protected":false},"excerpt":{"rendered":"<p><span style=\"font-size: 17px;\">M\u1ed9t trong nh\u1eefng \u01b0u th\u1ebf c\u1ea1nh tranh l\u1edbn nh\u1ea5t c\u1ee7a SAPRIMCO tr\u00ean th\u1ecb tr\u01b0\u1eddng \u0111\u00f3 l\u00e0 ch\u00fang t\u00f4i c\u00f3 th\u1ec3 s\u1ea3n xu\u1ea5t m\u1ef1c in offset \u0111\u00e1p \u1ee9ng theo y\u00eau c\u1ea7u ri\u00eang c\u1ee7a kh\u00e1ch h\u00e0ng.<\/span><\/p>\n<p><span style=\"font-size: 17px;\">V\u00ec v\u1eady, n\u1ebfu c\u00f3 nhu c\u1ea7u \u0111\u1eb7c bi\u1ec7t v\u1ec1 m\u00e0u s\u1eafc ho\u1eb7c c\u00e1c y\u00eau c\u1ea7u v\u1ec1 k\u1ef9 thu\u1eadt, ch\u1ea5t l\u01b0\u1ee3ng m\u1ef1c in, \u0111\u1eebng ng\u1ea1i li\u00ean h\u1ec7 v\u1edbi ch\u00fang t\u00f4i \u0111\u1ec3 \u0111\u01b0\u1ee3c t\u01b0 v\u1ea5n c\u1ee5 th\u1ec3.<\/span><\/p>\n","protected":false},"featured_media":450,"template":"","meta":[],"product_cat":[16],"product_tag":[],"class_list":["post-138","product","type-product","status-publish","has-post-thumbnail","hentry","product_cat-chua-phan-loai"],"_links":{"self":[{"href":"https:\/\/tech3.mypagedemo.com\/saprimco\/wp-json\/wp\/v2\/product\/138","targetHints":{"allow":["GET"]}}],"collection":[{"href":"https:\/\/tech3.mypagedemo.com\/saprimco\/wp-json\/wp\/v2\/product"}],"about":[{"href":"https:\/\/tech3.mypagedemo.com\/saprimco\/wp-json\/wp\/v2\/types\/product"}],"wp:featuredmedia":[{"embeddable":true,"href":"https:\/\/tech3.mypagedemo.com\/saprimco\/wp-json\/wp\/v2\/media\/450"}],"wp:attachment":[{"href":"https:\/\/tech3.mypagedemo.com\/saprimco\/wp-json\/wp\/v2\/media?parent=138"}],"wp:term":[{"taxonomy":"product_cat","embeddable":true,"href":"https:\/\/tech3.mypagedemo.com\/saprimco\/wp-json\/wp\/v2\/product_cat?post=138"},{"taxonomy":"product_tag","embeddable":true,"href":"https:\/\/tech3.mypagedemo.com\/saprimco\/wp-json\/wp\/v2\/product_tag?post=138"}],"curies":[{"name":"wp","href":"https:\/\/api.w.org\/{rel}","templated":true}]}}